{"id":6526,"date":"2024-07-27T16:51:06","date_gmt":"2024-07-27T13:51:06","guid":{"rendered":"https:\/\/ecoshop.ee\/?post_type=product&#038;p=6526"},"modified":"2026-05-10T15:30:19","modified_gmt":"2026-05-10T12:30:19","slug":"naturliche-reinigungsbursten","status":"publish","type":"product","link":"https:\/\/ecoshop.ee\/de\/korduvkasutus\/looduslikud-korrepuhastamise-harjad\/","title":{"rendered":"Nat\u00fcrliche Strohreinigungsb\u00fcrsten"},"content":{"rendered":"<p>Reinigen Sie Ihre wiederverwendbaren Strohhalme effektiv mit unseren B\u00fcrsten. Kokos- und Sisalb\u00fcrsten mit ihren groben Borsten eignen sich hervorragend f\u00fcr die Reinigung von mitteldicken bis dicken Strohhalmen, k\u00f6nnen sich aber in d\u00fcnnen Strohhalmen verhaken. Deshalb bieten wir Ihnen alternativ auch Nylon-Reinigungsb\u00fcrsten an.<\/p>","protected":false},"excerpt":{"rendered":"<p>Kasuta meie harju oma korduvkasutatavate k\u00f5rte sisemuse t\u00f5husaks puhastamiseks. Kookoskiud- ja sisalkiudharjad kasutavad j\u00e4medaid harjaseid, mis on suurep\u00e4rased keskmiste kuni paksude k\u00f5rte&hellip;<\/p>","protected":false},"featured_media":6527,"comment_status":"open","ping_status":"closed","template":"","meta":{"wprm-recipe-roundup-name":"","wprm-recipe-roundup-description":""},"product_brand":[12064],"product_cat":[248,247],"product_tag":[],"class_list":{"0":"post-6526","1":"product","2":"type-product","3":"status-publish","4":"has-post-thumbnail","6":"product_brand-jungle-culture","7":"product_cat-korduvkasutus","8":"product_cat-noud-ja-koogitarbed","10":"first","11":"instock","12":"taxable","13":"shipping-taxable","14":"purchasable","15":"product-type-variable"},"supplier_id":null,"supplier_sku":"","barcode":null,"atum_controlled":true,"out_stock_date":null,"out_stock_threshold":null,"inheritable":true,"inbound_stock":0,"stock_on_hold":0,"sold_today":0,"sales_last_days":0,"reserved_stock":0,"customer_returns":0,"warehouse_damage":0,"lost_in_post":0,"other_logs":0,"out_stock_days":0,"lost_sales":0,"has_location":false,"update_date":"2026-05-10T12:30:20","atum_locations":[],"atum_stock_status":"instock","restock_status":false,"low_stock_amount":"","sales_update_date":"2026-03-07T01:16:13","calc_backorders":null,"aioseo_notices":[],"_links":{"self":[{"href":"https:\/\/ecoshop.ee\/de\/wp-json\/wp\/v2\/product\/6526","targetHints":{"allow":["GET"]}}],"collection":[{"href":"https:\/\/ecoshop.ee\/de\/wp-json\/wp\/v2\/product"}],"about":[{"href":"https:\/\/ecoshop.ee\/de\/wp-json\/wp\/v2\/types\/product"}],"replies":[{"embeddable":true,"href":"https:\/\/ecoshop.ee\/de\/wp-json\/wp\/v2\/comments?post=6526"}],"version-history":[{"count":0,"href":"https:\/\/ecoshop.ee\/de\/wp-json\/wp\/v2\/product\/6526\/revisions"}],"wp:featuredmedia":[{"embeddable":true,"href":"https:\/\/ecoshop.ee\/de\/wp-json\/wp\/v2\/media\/6527"}],"wp:attachment":[{"href":"https:\/\/ecoshop.ee\/de\/wp-json\/wp\/v2\/media?parent=6526"}],"wp:term":[{"taxonomy":"product_brand","embeddable":true,"href":"https:\/\/ecoshop.ee\/de\/wp-json\/wp\/v2\/product_brand?post=6526"},{"taxonomy":"product_cat","embeddable":true,"href":"https:\/\/ecoshop.ee\/de\/wp-json\/wp\/v2\/product_cat?post=6526"},{"taxonomy":"product_tag","embeddable":true,"href":"https:\/\/ecoshop.ee\/de\/wp-json\/wp\/v2\/product_tag?post=6526"}],"curies":[{"name":"wp","href":"https:\/\/api.w.org\/{rel}","templated":true}]}}