{"id":6914,"date":"2024-08-10T00:20:23","date_gmt":"2024-08-09T21:20:23","guid":{"rendered":"https:\/\/ecoshop.ee\/?post_type=product&#038;p=6914"},"modified":"2026-05-08T11:44:06","modified_gmt":"2026-05-08T08:44:06","slug":"bio-ashwagandha-pulver-200-g","status":"publish","type":"product","link":"https:\/\/ecoshop.ee\/de\/sahvrikaubad\/mahe-ashwagandha-pulber-200g\/","title":{"rendered":"Bio-Ashwagandha-Pulver, 200 g"},"content":{"rendered":"<p>Ashwagandha ist eines der beliebtesten Kr\u00e4uter der ayurvedischen Medizin und wird seit der Antike verwendet. Auch als \u201cindischer Ginseng\u201d bekannt, ist es fester Bestandteil der \u00f6stlichen Kultur und gewinnt nun auch im Westen an Beliebtheit. Dragon Superfoods Bio-Ashwagandha-Pulver hilft, Stress und Angstzust\u00e4nde zu reduzieren, st\u00e4rkt das Immunsystem, verbessert die Schlafqualit\u00e4t und f\u00f6rdert die geistige und k\u00f6rperliche Ausdauer. Es kann au\u00dferdem den Hormonhaushalt unterst\u00fctzen und das Energieniveau steigern.<\/p>\n<p>Verzehrempfehlung: Geben Sie \u00bd Teel\u00f6ffel Ashwagandha-Pulver in eine Tasse hei\u00dfes Wasser. Morgens oder abends, vor oder nach den Mahlzeiten einnehmen.<\/p>\n<p>K\u00fchl und trocken lagern.<\/p>","protected":false},"excerpt":{"rendered":"<p>Ashwagandha on \u00fcks populaarsemaid \u00fcrte Ayurveda kultuuris, mida on kasutatud juba iidsetest aegadest. Tuntud ka kui &#8220;India \u017een\u0161enn&#8221;, on see osa idamaade&hellip;<\/p>","protected":false},"featured_media":6915,"comment_status":"open","ping_status":"closed","template":"","meta":{"wprm-recipe-roundup-name":"","wprm-recipe-roundup-description":""},"product_brand":[12065],"product_cat":[323,524,161,303],"product_tag":[279,297],"class_list":{"0":"post-6914","1":"product","2":"type-product","3":"status-publish","4":"has-post-thumbnail","6":"product_brand-dragon-superfoods","7":"product_cat-kupsetussegud-ja-kuivained","8":"product_cat-supertoidud","9":"product_cat-sahvrikaubad","10":"product_cat-mahetooted","11":"product_tag-ashwagandha","12":"product_tag-mahe","13":"j79_wcxd_expiry_type-expiry-date","15":"first","16":"instock","17":"taxable","18":"shipping-taxable","19":"purchasable","20":"product-type-simple"},"supplier_id":9165,"supplier_sku":"","barcode":"3800225475655","atum_controlled":true,"out_stock_date":null,"out_stock_threshold":null,"inheritable":false,"inbound_stock":0,"stock_on_hold":0,"sold_today":0,"sales_last_days":1,"reserved_stock":0,"customer_returns":0,"warehouse_damage":0,"lost_in_post":0,"other_logs":0,"out_stock_days":0,"lost_sales":0,"has_location":false,"update_date":"2026-05-12T12:37:21","atum_locations":[],"atum_stock_status":"instock","restock_status":false,"low_stock_amount":"","sales_update_date":"2026-05-12T12:37:21","calc_backorders":null,"aioseo_notices":[],"_links":{"self":[{"href":"https:\/\/ecoshop.ee\/de\/wp-json\/wp\/v2\/product\/6914","targetHints":{"allow":["GET"]}}],"collection":[{"href":"https:\/\/ecoshop.ee\/de\/wp-json\/wp\/v2\/product"}],"about":[{"href":"https:\/\/ecoshop.ee\/de\/wp-json\/wp\/v2\/types\/product"}],"replies":[{"embeddable":true,"href":"https:\/\/ecoshop.ee\/de\/wp-json\/wp\/v2\/comments?post=6914"}],"version-history":[{"count":0,"href":"https:\/\/ecoshop.ee\/de\/wp-json\/wp\/v2\/product\/6914\/revisions"}],"wp:featuredmedia":[{"embeddable":true,"href":"https:\/\/ecoshop.ee\/de\/wp-json\/wp\/v2\/media\/6915"}],"wp:attachment":[{"href":"https:\/\/ecoshop.ee\/de\/wp-json\/wp\/v2\/media?parent=6914"}],"wp:term":[{"taxonomy":"product_brand","embeddable":true,"href":"https:\/\/ecoshop.ee\/de\/wp-json\/wp\/v2\/product_brand?post=6914"},{"taxonomy":"product_cat","embeddable":true,"href":"https:\/\/ecoshop.ee\/de\/wp-json\/wp\/v2\/product_cat?post=6914"},{"taxonomy":"product_tag","embeddable":true,"href":"https:\/\/ecoshop.ee\/de\/wp-json\/wp\/v2\/product_tag?post=6914"}],"curies":[{"name":"wp","href":"https:\/\/api.w.org\/{rel}","templated":true}]}}