{"id":6986,"date":"2024-08-11T23:18:32","date_gmt":"2024-08-11T20:18:32","guid":{"rendered":"https:\/\/ecoshop.ee\/?post_type=product&#038;p=6986"},"modified":"2026-05-05T15:59:42","modified_gmt":"2026-05-05T12:59:42","slug":"bettr-glutenfreie-vegane-brownie-backmischung-400-g","status":"publish","type":"product","link":"https:\/\/ecoshop.ee\/de\/kupsetussegud-ja-kuivained\/bettr-gluteenivaba-vegan-brownie-kupsetussegu-400g\/","title":{"rendered":"Bett&#039;r glutenfreie vegane Brownie-Backmischung, 400 g"},"content":{"rendered":"<p>Ein schneller, einfacher und unbeschwerter Genuss: Schokoladenbrownies mit unserer veganen Bio-Backmischung. Genie\u00dfen Sie Ihre Lieblingsbrownies, zubereitet mit Superfood-Mehlen und glutenfreien Zutaten.<\/p>\n<p>\u2013 Brownies mit reichhaltigem Kakaogeschmack<br \/>\n\u2013 Schnell und einfach zuzubereiten<br \/>\n\u2013 Bio, vegan und glutenfrei<\/p>\n<p>Liebst du Schokoladens\u00fc\u00dfigkeiten?<\/p>\n<p>Mit unserer Bio-Brownie-Backmischung k\u00f6nnen Sie jetzt ganz unbesorgt Ihr eigenes Dessert zubereiten. Ein schneller, einfacher und genussvoller Leckerbissen ohne Reue!<\/p>\n<p>Einfach Milch und \u00d6l oder geschmolzene Butter zur Mischung geben und kochen, bis sie gar ist.<\/p>\n<p>Und das Beste daran: Die ofenfrischen Brownies sind glutenfrei, frei von raffiniertem Zucker und aus biologischem Anbau.<\/p>\n<p>15 Portionen in einer Packung.<\/p>","protected":false},"excerpt":{"rendered":"<p>Kiire, lihtne ja s\u00fc\u00fctundeta fudgy maius kasutades meie mahedat vegan brownie k\u00fcpsetussegu. Naudi oma lemmik brownie&#8217;sid, mis on valmistatud supertoitude jahudest ja&hellip;<\/p>","protected":false},"featured_media":6987,"comment_status":"open","ping_status":"closed","template":"","meta":{"wprm-recipe-roundup-name":"","wprm-recipe-roundup-description":""},"product_brand":[11995],"product_cat":[323,240,161,303,302],"product_tag":[287,296,297],"class_list":{"0":"post-6986","1":"product","2":"type-product","3":"status-publish","4":"has-post-thumbnail","6":"product_brand-bettr","7":"product_cat-kupsetussegud-ja-kuivained","8":"product_cat-allahinnatud","9":"product_cat-sahvrikaubad","10":"product_cat-mahetooted","11":"product_cat-gluteenivaba","12":"product_tag-brownie-segu","13":"product_tag-gluteenivaba","14":"product_tag-mahe","15":"j79_wcxd_expiry_type-best-before","17":"first","18":"instock","19":"sale","20":"taxable","21":"shipping-taxable","22":"purchasable","23":"product-type-simple"},"supplier_id":9165,"supplier_sku":"","barcode":"3800233687040","atum_controlled":true,"out_stock_date":null,"out_stock_threshold":null,"inheritable":false,"inbound_stock":0,"stock_on_hold":0,"sold_today":0,"sales_last_days":4,"reserved_stock":0,"customer_returns":0,"warehouse_damage":0,"lost_in_post":0,"other_logs":0,"out_stock_days":0,"lost_sales":0,"has_location":false,"update_date":"2026-05-07T13:09:48","atum_locations":[],"atum_stock_status":"instock","restock_status":true,"low_stock_amount":"","sales_update_date":"2026-05-07T13:09:48","calc_backorders":null,"aioseo_notices":[],"_links":{"self":[{"href":"https:\/\/ecoshop.ee\/de\/wp-json\/wp\/v2\/product\/6986","targetHints":{"allow":["GET"]}}],"collection":[{"href":"https:\/\/ecoshop.ee\/de\/wp-json\/wp\/v2\/product"}],"about":[{"href":"https:\/\/ecoshop.ee\/de\/wp-json\/wp\/v2\/types\/product"}],"replies":[{"embeddable":true,"href":"https:\/\/ecoshop.ee\/de\/wp-json\/wp\/v2\/comments?post=6986"}],"version-history":[{"count":0,"href":"https:\/\/ecoshop.ee\/de\/wp-json\/wp\/v2\/product\/6986\/revisions"}],"wp:featuredmedia":[{"embeddable":true,"href":"https:\/\/ecoshop.ee\/de\/wp-json\/wp\/v2\/media\/6987"}],"wp:attachment":[{"href":"https:\/\/ecoshop.ee\/de\/wp-json\/wp\/v2\/media?parent=6986"}],"wp:term":[{"taxonomy":"product_brand","embeddable":true,"href":"https:\/\/ecoshop.ee\/de\/wp-json\/wp\/v2\/product_brand?post=6986"},{"taxonomy":"product_cat","embeddable":true,"href":"https:\/\/ecoshop.ee\/de\/wp-json\/wp\/v2\/product_cat?post=6986"},{"taxonomy":"product_tag","embeddable":true,"href":"https:\/\/ecoshop.ee\/de\/wp-json\/wp\/v2\/product_tag?post=6986"}],"curies":[{"name":"wp","href":"https:\/\/api.w.org\/{rel}","templated":true}]}}