{"id":7051,"date":"2024-08-14T18:12:22","date_gmt":"2024-08-14T15:12:22","guid":{"rendered":"https:\/\/ecoshop.ee\/?post_type=product&#038;p=7051"},"modified":"2026-04-06T22:30:58","modified_gmt":"2026-04-06T19:30:58","slug":"eleganter-wiederverwendbarer-metallrasierer-mit-10-klingen","status":"publish","type":"product","link":"https:\/\/ecoshop.ee\/de\/raseerijad\/elegantne-metallist-korduvkasutatav-raseerija-10-tera\/","title":{"rendered":"Eleganter, wiederverwendbarer Metallrasierer + 10 Klingen"},"content":{"rendered":"<p>Ein hochwertiger, wiederverwendbarer Metallrasierer mit rutschfester Diamantmusterung. Dieser Rasierer bietet sicheren Halt und eine gr\u00fcndliche Rasur und ist gleichzeitig eine luxuri\u00f6se und langlebige L\u00f6sung f\u00fcr die t\u00e4gliche Rasur. Hergestellt aus feinsten Materialien f\u00fcr lange Haltbarkeit und maximalen Komfort. Die ideale Wahl f\u00fcr alle, die bei ihren Rasierutensilien Wert auf Funktionalit\u00e4t und Stil legen.<\/p>\n<p>L\u00e4nge 10,5 cm<br \/>\nEnth\u00e4lt 10 Klingen und eine Reinigungsb\u00fcrste<br \/>\nVerpackt in einem Karton<\/p>","protected":false},"excerpt":{"rendered":"<p>Kvaliteetne metallist korduvkasutatav raseerija, millel on libisemiskindel teemantmustriga tekstuur. See raseerija tagab kindla haarde ja t\u00e4pse raseerimise, pakkudes samal ajal luksuslikku ja&hellip;<\/p>","protected":false},"featured_media":7056,"comment_status":"open","ping_status":"closed","template":"","meta":{"wprm-recipe-roundup-name":"","wprm-recipe-roundup-description":""},"product_brand":[],"product_cat":[280],"product_tag":[190],"class_list":{"0":"post-7051","1":"product","2":"type-product","3":"status-publish","4":"has-post-thumbnail","6":"product_cat-raseerijad","7":"product_tag-raseerija","9":"first","10":"instock","11":"sale","12":"taxable","13":"shipping-taxable","14":"purchasable","15":"product-type-variable"},"supplier_id":null,"supplier_sku":"","barcode":null,"atum_controlled":true,"out_stock_date":null,"out_stock_threshold":null,"inheritable":true,"inbound_stock":0,"stock_on_hold":0,"sold_today":0,"sales_last_days":2,"reserved_stock":0,"customer_returns":0,"warehouse_damage":0,"lost_in_post":0,"other_logs":0,"out_stock_days":0,"lost_sales":0,"has_location":false,"update_date":"2026-04-07T07:40:59","atum_locations":[],"atum_stock_status":"instock","restock_status":false,"low_stock_amount":"","sales_update_date":"2026-03-07T01:16:15","calc_backorders":null,"aioseo_notices":[],"_links":{"self":[{"href":"https:\/\/ecoshop.ee\/de\/wp-json\/wp\/v2\/product\/7051","targetHints":{"allow":["GET"]}}],"collection":[{"href":"https:\/\/ecoshop.ee\/de\/wp-json\/wp\/v2\/product"}],"about":[{"href":"https:\/\/ecoshop.ee\/de\/wp-json\/wp\/v2\/types\/product"}],"replies":[{"embeddable":true,"href":"https:\/\/ecoshop.ee\/de\/wp-json\/wp\/v2\/comments?post=7051"}],"version-history":[{"count":0,"href":"https:\/\/ecoshop.ee\/de\/wp-json\/wp\/v2\/product\/7051\/revisions"}],"wp:featuredmedia":[{"embeddable":true,"href":"https:\/\/ecoshop.ee\/de\/wp-json\/wp\/v2\/media\/7056"}],"wp:attachment":[{"href":"https:\/\/ecoshop.ee\/de\/wp-json\/wp\/v2\/media?parent=7051"}],"wp:term":[{"taxonomy":"product_brand","embeddable":true,"href":"https:\/\/ecoshop.ee\/de\/wp-json\/wp\/v2\/product_brand?post=7051"},{"taxonomy":"product_cat","embeddable":true,"href":"https:\/\/ecoshop.ee\/de\/wp-json\/wp\/v2\/product_cat?post=7051"},{"taxonomy":"product_tag","embeddable":true,"href":"https:\/\/ecoshop.ee\/de\/wp-json\/wp\/v2\/product_tag?post=7051"}],"curies":[{"name":"wp","href":"https:\/\/api.w.org\/{rel}","templated":true}]}}