{"id":7062,"date":"2024-08-14T18:41:11","date_gmt":"2024-08-14T15:41:11","guid":{"rendered":"https:\/\/ecoshop.ee\/?post_type=product&#038;p=7062"},"modified":"2026-05-11T04:26:27","modified_gmt":"2026-05-11T01:26:27","slug":"wiederverwendbarer-rasierer-aus-verchromtem-metall-mit-5-klingen","status":"publish","type":"product","link":"https:\/\/ecoshop.ee\/de\/raseerijad\/kroomitud-metallist-korduvkasutatav-raseerija-5-tera\/","title":{"rendered":"Wiederverwendbarer Rasierer aus verchromtem Metall + 5 Klingen"},"content":{"rendered":"<p>Der wiederverwendbare Metallrasierer bietet alles, was Sie f\u00fcr eine perfekte Rasur ben\u00f6tigen: Der offene Kammrasierer ist aus korrosionsbest\u00e4ndigem, verchromtem Metall gefertigt. Der strukturierte Griff erm\u00f6glicht Ihnen die n\u00f6tige Kontrolle f\u00fcr eine sichere, komfortable und pr\u00e4zise Rasur an allen K\u00f6rperstellen.<\/p>\n<p>Anwendung: Vor der Anwendung Rasierschaum oder -creme in kreisenden Bewegungen auf das Gesicht auftragen. Anschlie\u00dfend mit unserem hochwertigen Rasierer eine gr\u00fcndliche und sanfte Rasur genie\u00dfen.<\/p>\n<p>Pflegehinweis: Sp\u00fclen Sie den Rasierer gr\u00fcndlich mit sauberem, nicht zu hei\u00dfem Wasser ab und h\u00e4ngen Sie ihn anschlie\u00dfend zum Trocknen in den Halter. So kann der Rasierer bis zum n\u00e4chsten Gebrauch trocknen.<\/p>\n<p>L\u00e4nge 9,8 cm<br \/>\nEnth\u00e4lt 10 Klingen und eine Reinigungsb\u00fcrste<br \/>\nVerpackt in einem Karton<\/p>","protected":false},"excerpt":{"rendered":"<p>Metallist korduvkasutatav raseerija on k\u00f5ik, mida vajate t\u00e4iuslikuks raseerimiseks: avatud kammiga raseerija on valmistatud korrosioonikindlast kroomitud metallist. Tekstureeritud k\u00e4epide annab vajaliku kontrolli,&hellip;<\/p>","protected":false},"featured_media":7066,"comment_status":"open","ping_status":"closed","template":"","meta":{"wprm-recipe-roundup-name":"","wprm-recipe-roundup-description":""},"product_brand":[],"product_cat":[280],"product_tag":[190],"class_list":{"0":"post-7062","1":"product","2":"type-product","3":"status-publish","4":"has-post-thumbnail","6":"product_cat-raseerijad","7":"product_tag-raseerija","9":"first","10":"instock","11":"sale","12":"taxable","13":"shipping-taxable","14":"purchasable","15":"product-type-variable"},"supplier_id":null,"supplier_sku":"","barcode":null,"atum_controlled":true,"out_stock_date":null,"out_stock_threshold":null,"inheritable":false,"inbound_stock":0,"stock_on_hold":0,"sold_today":0,"sales_last_days":1,"reserved_stock":0,"customer_returns":0,"warehouse_damage":0,"lost_in_post":0,"other_logs":0,"out_stock_days":0,"lost_sales":0,"has_location":false,"update_date":"2026-05-12T05:57:35","atum_locations":[],"atum_stock_status":"instock","restock_status":false,"low_stock_amount":"","sales_update_date":"2026-03-07T01:16:01","calc_backorders":null,"aioseo_notices":[],"_links":{"self":[{"href":"https:\/\/ecoshop.ee\/de\/wp-json\/wp\/v2\/product\/7062","targetHints":{"allow":["GET"]}}],"collection":[{"href":"https:\/\/ecoshop.ee\/de\/wp-json\/wp\/v2\/product"}],"about":[{"href":"https:\/\/ecoshop.ee\/de\/wp-json\/wp\/v2\/types\/product"}],"replies":[{"embeddable":true,"href":"https:\/\/ecoshop.ee\/de\/wp-json\/wp\/v2\/comments?post=7062"}],"version-history":[{"count":0,"href":"https:\/\/ecoshop.ee\/de\/wp-json\/wp\/v2\/product\/7062\/revisions"}],"wp:featuredmedia":[{"embeddable":true,"href":"https:\/\/ecoshop.ee\/de\/wp-json\/wp\/v2\/media\/7066"}],"wp:attachment":[{"href":"https:\/\/ecoshop.ee\/de\/wp-json\/wp\/v2\/media?parent=7062"}],"wp:term":[{"taxonomy":"product_brand","embeddable":true,"href":"https:\/\/ecoshop.ee\/de\/wp-json\/wp\/v2\/product_brand?post=7062"},{"taxonomy":"product_cat","embeddable":true,"href":"https:\/\/ecoshop.ee\/de\/wp-json\/wp\/v2\/product_cat?post=7062"},{"taxonomy":"product_tag","embeddable":true,"href":"https:\/\/ecoshop.ee\/de\/wp-json\/wp\/v2\/product_tag?post=7062"}],"curies":[{"name":"wp","href":"https:\/\/api.w.org\/{rel}","templated":true}]}}