{"id":7078,"date":"2024-08-14T19:38:20","date_gmt":"2024-08-14T16:38:20","guid":{"rendered":"https:\/\/ecoshop.ee\/?post_type=product&#038;p=7078"},"modified":"2025-06-04T10:11:30","modified_gmt":"2025-06-04T07:11:30","slug":"wiederverwendbarer-metall-schmetterlingsrasierer-mit-5-klingen","status":"publish","type":"product","link":"https:\/\/ecoshop.ee\/de\/raseerijad\/korduvkasutatav-metallist-liblikraseerija-5-tera\/","title":{"rendered":"Wiederverwendbarer Metall-Schmetterlingsrasierer + 5 Klingen"},"content":{"rendered":"<p>Ein einfacher und praktischer Metallrasierer mit Butterfly-Mechanismus. Der leicht zu \u00f6ffnende Mechanismus erm\u00f6glicht einen schnellen und bequemen Klingenwechsel. Zum Set geh\u00f6ren au\u00dferdem ein Reiseetui, f\u00fcnf Klingen und eine kleine Reinigungsb\u00fcrste, die den Rasierer stets in einwandfreiem Zustand h\u00e4lt. Die ideale Wahl f\u00fcr alle, die jederzeit und \u00fcberall Wert auf eine pr\u00e4zise und glatte Rasur legen. Der Butterfly-Rasierer vereint Komfort und Praktikabilit\u00e4t und sorgt f\u00fcr ein exzellentes Pflegeerlebnis.<\/p>","protected":false},"excerpt":{"rendered":"<p>Lihtne ja praktiline liblikmehhanismiga metallist raseerija. Lihtsasti avatav mehhanism tagab kiire ja mugava teravahetuse. Komplekt sisaldab ka reisikarpi, viit tera ja v\u00e4ikest&hellip;<\/p>","protected":false},"featured_media":7079,"comment_status":"open","ping_status":"closed","template":"","meta":{"wprm-recipe-roundup-name":"","wprm-recipe-roundup-description":""},"product_brand":[],"product_cat":[280],"product_tag":[190],"class_list":{"0":"post-7078","1":"product","2":"type-product","3":"status-publish","4":"has-post-thumbnail","6":"product_cat-raseerijad","7":"product_tag-raseerija","9":"first","10":"instock","11":"sale","12":"taxable","13":"shipping-taxable","14":"purchasable","15":"product-type-simple"},"supplier_id":9163,"supplier_sku":"","barcode":null,"atum_controlled":true,"out_stock_date":null,"out_stock_threshold":null,"inheritable":false,"inbound_stock":0,"stock_on_hold":0,"sold_today":0,"sales_last_days":0,"reserved_stock":0,"customer_returns":0,"warehouse_damage":0,"lost_in_post":0,"other_logs":0,"out_stock_days":0,"lost_sales":0,"has_location":false,"update_date":"2026-03-07T01:16:02","atum_locations":[],"atum_stock_status":"instock","restock_status":false,"low_stock_amount":"","sales_update_date":"2026-03-07T01:16:02","calc_backorders":null,"aioseo_notices":[],"_links":{"self":[{"href":"https:\/\/ecoshop.ee\/de\/wp-json\/wp\/v2\/product\/7078","targetHints":{"allow":["GET"]}}],"collection":[{"href":"https:\/\/ecoshop.ee\/de\/wp-json\/wp\/v2\/product"}],"about":[{"href":"https:\/\/ecoshop.ee\/de\/wp-json\/wp\/v2\/types\/product"}],"replies":[{"embeddable":true,"href":"https:\/\/ecoshop.ee\/de\/wp-json\/wp\/v2\/comments?post=7078"}],"version-history":[{"count":0,"href":"https:\/\/ecoshop.ee\/de\/wp-json\/wp\/v2\/product\/7078\/revisions"}],"wp:featuredmedia":[{"embeddable":true,"href":"https:\/\/ecoshop.ee\/de\/wp-json\/wp\/v2\/media\/7079"}],"wp:attachment":[{"href":"https:\/\/ecoshop.ee\/de\/wp-json\/wp\/v2\/media?parent=7078"}],"wp:term":[{"taxonomy":"product_brand","embeddable":true,"href":"https:\/\/ecoshop.ee\/de\/wp-json\/wp\/v2\/product_brand?post=7078"},{"taxonomy":"product_cat","embeddable":true,"href":"https:\/\/ecoshop.ee\/de\/wp-json\/wp\/v2\/product_cat?post=7078"},{"taxonomy":"product_tag","embeddable":true,"href":"https:\/\/ecoshop.ee\/de\/wp-json\/wp\/v2\/product_tag?post=7078"}],"curies":[{"name":"wp","href":"https:\/\/api.w.org\/{rel}","templated":true}]}}