{"id":7083,"date":"2024-08-14T19:55:05","date_gmt":"2024-08-14T16:55:05","guid":{"rendered":"https:\/\/ecoshop.ee\/?post_type=product&#038;p=7083"},"modified":"2024-11-07T23:29:26","modified_gmt":"2024-11-07T20:29:26","slug":"drei-in-einem-schwangerenrimiset-fur-manner","status":"publish","type":"product","link":"https:\/\/ecoshop.ee\/de\/raseerimistarvikud\/kolm-uhes-raseerimiskomplekt-meestele\/","title":{"rendered":"Drei in einer Schwangerschaftrimiset f\u00fcr M\u00e4nner"},"content":{"rendered":"<p>Luxuri\u00f6ses 3-in-1-Pflegeset \u2013 die perfekte Wahl f\u00fcr den stilbewussten Mann. Das Set beinhaltet eine B\u00fcrste mit synthetischen Borsten f\u00fcr ein luxuri\u00f6ses Pflegeerlebnis ohne tierische Produkte, eine Pflegeschale aus Edelstahl und einen eleganten B\u00fcrstenst\u00e4nder. Dieses Set vereint Eleganz und Funktionalit\u00e4t und ist somit die ideale Erg\u00e4nzung f\u00fcr jede Pflegeroutine. Das perfekte Geschenk f\u00fcr den stilbewussten Mann, der Wert auf Qualit\u00e4t und Praktikabilit\u00e4t legt!<\/p>","protected":false},"excerpt":{"rendered":"<p>Luksuslik kolm \u00fches raseerimiskomplekt \u2013 ideaalne valik hoolitsetud mehele. Komplekt sisaldab s\u00fcnteetiliste karvadega raseerimispintslit, mis pakub loomsetest toodetest vaba luksuslikku raseerimiskogemust, roostevabast&hellip;<\/p>","protected":false},"featured_media":7084,"comment_status":"open","ping_status":"closed","template":"","meta":{"wprm-recipe-roundup-name":"","wprm-recipe-roundup-description":""},"product_brand":[],"product_cat":[281],"product_tag":[290],"class_list":{"0":"post-7083","1":"product","2":"type-product","3":"status-publish","4":"has-post-thumbnail","6":"product_cat-raseerimistarvikud","7":"product_tag-raseerija-alus","9":"first","10":"instock","11":"taxable","12":"shipping-taxable","13":"purchasable","14":"product-type-simple"},"supplier_id":9163,"supplier_sku":"","barcode":null,"atum_controlled":true,"out_stock_date":null,"out_stock_threshold":null,"inheritable":false,"inbound_stock":0,"stock_on_hold":0,"sold_today":0,"sales_last_days":0,"reserved_stock":0,"customer_returns":0,"warehouse_damage":0,"lost_in_post":0,"other_logs":0,"out_stock_days":0,"lost_sales":0,"has_location":false,"update_date":"2026-03-07T01:16:02","atum_locations":[],"atum_stock_status":"instock","restock_status":false,"low_stock_amount":"","sales_update_date":"2026-03-07T01:16:02","calc_backorders":null,"aioseo_notices":[],"_links":{"self":[{"href":"https:\/\/ecoshop.ee\/de\/wp-json\/wp\/v2\/product\/7083","targetHints":{"allow":["GET"]}}],"collection":[{"href":"https:\/\/ecoshop.ee\/de\/wp-json\/wp\/v2\/product"}],"about":[{"href":"https:\/\/ecoshop.ee\/de\/wp-json\/wp\/v2\/types\/product"}],"replies":[{"embeddable":true,"href":"https:\/\/ecoshop.ee\/de\/wp-json\/wp\/v2\/comments?post=7083"}],"version-history":[{"count":0,"href":"https:\/\/ecoshop.ee\/de\/wp-json\/wp\/v2\/product\/7083\/revisions"}],"wp:featuredmedia":[{"embeddable":true,"href":"https:\/\/ecoshop.ee\/de\/wp-json\/wp\/v2\/media\/7084"}],"wp:attachment":[{"href":"https:\/\/ecoshop.ee\/de\/wp-json\/wp\/v2\/media?parent=7083"}],"wp:term":[{"taxonomy":"product_brand","embeddable":true,"href":"https:\/\/ecoshop.ee\/de\/wp-json\/wp\/v2\/product_brand?post=7083"},{"taxonomy":"product_cat","embeddable":true,"href":"https:\/\/ecoshop.ee\/de\/wp-json\/wp\/v2\/product_cat?post=7083"},{"taxonomy":"product_tag","embeddable":true,"href":"https:\/\/ecoshop.ee\/de\/wp-json\/wp\/v2\/product_tag?post=7083"}],"curies":[{"name":"wp","href":"https:\/\/api.w.org\/{rel}","templated":true}]}}