{"id":7088,"date":"2024-08-14T20:09:53","date_gmt":"2024-08-14T17:09:53","guid":{"rendered":"https:\/\/ecoshop.ee\/?post_type=product&#038;p=7088"},"modified":"2025-10-27T23:01:55","modified_gmt":"2025-10-27T20:01:55","slug":"weiche-borsten-holzburste-raseerimi","status":"publish","type":"product","link":"https:\/\/ecoshop.ee\/de\/raseerimistarvikud\/pehmete-harjastega-puidust-raseerimispintsel\/","title":{"rendered":"raseerimi B\u00fcrste aus Holz mit weichen Borsten"},"content":{"rendered":"<p>Ein Rasierpinsel aus Holz mit weichen Nylonborsten f\u00fcr ein optimales Rasiererlebnis und sanfte Hautpflege. Die weichen Borsten dieses handlichen Pinsels eignen sich ideal zum Aufsch\u00e4umen von Rasierschaum und zum Entfernen von Staub. Der Pinsel peelt die Haut sanft und bereitet sie so auf eine gr\u00fcndliche und angenehme Rasur vor. Der dicht gepackte B\u00fcrstenkopf speichert und verteilt den Schaum gleichm\u00e4\u00dfig, wodurch die Barthaare weicher werden und die Haut optimal vorbereitet wird.<\/p>\n<p>&nbsp;<\/p>\n<p><strong>Ownused:<\/strong><\/p>\n<ul>\n<li>Ideal zum Reinigen und Entfernen von Staub.<\/li>\n<li>Peelt die Haut sanft.<\/li>\n<li>Hochwertig und langlebig.<\/li>\n<li>Vegan. Enth\u00e4lt keine Tierhaare.<\/li>\n<li>Die dicht best\u00fcckte B\u00fcrste sorgt f\u00fcr gleichm\u00e4\u00dfigen Schaum und macht den Bart weicher.<\/li>\n<li>L\u00e4nge 10,5 cm; Breite 3,5 cm<\/li>\n<\/ul>","protected":false},"excerpt":{"rendered":"<p>Nailonist pehmete harjastega puidust raseerimispintsel, mis on loodud pakkuma parimat raseerimiskogemust ja nahahooldust. Selle kaasaskantava pintsli pehmed harjased sobivad ideaalselt nii raseerimiskreemi&hellip;<\/p>","protected":false},"featured_media":7089,"comment_status":"open","ping_status":"closed","template":"","meta":{"wprm-recipe-roundup-name":"","wprm-recipe-roundup-description":""},"product_brand":[],"product_cat":[281],"product_tag":[291],"class_list":{"0":"post-7088","1":"product","2":"type-product","3":"status-publish","4":"has-post-thumbnail","6":"product_cat-raseerimistarvikud","7":"product_tag-raseerimispintsel","9":"first","10":"instock","11":"taxable","12":"shipping-taxable","13":"purchasable","14":"product-type-simple"},"supplier_id":9163,"supplier_sku":"","barcode":null,"atum_controlled":true,"out_stock_date":null,"out_stock_threshold":null,"inheritable":false,"inbound_stock":0,"stock_on_hold":0,"sold_today":0,"sales_last_days":0,"reserved_stock":0,"customer_returns":0,"warehouse_damage":0,"lost_in_post":0,"other_logs":0,"out_stock_days":0,"lost_sales":0,"has_location":false,"update_date":"2026-03-07T01:16:02","atum_locations":[],"atum_stock_status":"instock","restock_status":false,"low_stock_amount":"","sales_update_date":"2026-03-07T01:16:02","calc_backorders":null,"aioseo_notices":[],"_links":{"self":[{"href":"https:\/\/ecoshop.ee\/de\/wp-json\/wp\/v2\/product\/7088","targetHints":{"allow":["GET"]}}],"collection":[{"href":"https:\/\/ecoshop.ee\/de\/wp-json\/wp\/v2\/product"}],"about":[{"href":"https:\/\/ecoshop.ee\/de\/wp-json\/wp\/v2\/types\/product"}],"replies":[{"embeddable":true,"href":"https:\/\/ecoshop.ee\/de\/wp-json\/wp\/v2\/comments?post=7088"}],"version-history":[{"count":0,"href":"https:\/\/ecoshop.ee\/de\/wp-json\/wp\/v2\/product\/7088\/revisions"}],"wp:featuredmedia":[{"embeddable":true,"href":"https:\/\/ecoshop.ee\/de\/wp-json\/wp\/v2\/media\/7089"}],"wp:attachment":[{"href":"https:\/\/ecoshop.ee\/de\/wp-json\/wp\/v2\/media?parent=7088"}],"wp:term":[{"taxonomy":"product_brand","embeddable":true,"href":"https:\/\/ecoshop.ee\/de\/wp-json\/wp\/v2\/product_brand?post=7088"},{"taxonomy":"product_cat","embeddable":true,"href":"https:\/\/ecoshop.ee\/de\/wp-json\/wp\/v2\/product_cat?post=7088"},{"taxonomy":"product_tag","embeddable":true,"href":"https:\/\/ecoshop.ee\/de\/wp-json\/wp\/v2\/product_tag?post=7088"}],"curies":[{"name":"wp","href":"https:\/\/api.w.org\/{rel}","templated":true}]}}