{"id":7541,"date":"2024-08-24T21:45:29","date_gmt":"2024-08-24T18:45:29","guid":{"rendered":"https:\/\/ecoshop.ee\/?post_type=product&#038;p=7541"},"modified":"2026-04-06T22:30:58","modified_gmt":"2026-04-06T19:30:58","slug":"bambuszahnburste","status":"publish","type":"product","link":"https:\/\/ecoshop.ee\/de\/hugieenitarbed\/bambusest-hambahari\/","title":{"rendered":"Bambuszahnb\u00fcrste"},"content":{"rendered":"<p>Eine elegante und umweltfreundliche Bambuszahnb\u00fcrste, die angenehm in der Hand liegt. Die weichen Borsten schonen sanft das Zahnfleisch, beugen Blutungen und Verletzungen vor und sorgen gleichzeitig f\u00fcr eine gr\u00fcndliche Reinigung. Diese Zahnb\u00fcrste erreicht m\u00fchelos alle Z\u00e4hne und Mundwinkel und bietet so jedes Mal eine angenehme und effektive Reinigung. Hergestellt aus robustem Bambus, 17 cm lang. Erh\u00e4ltlich in den stilvollen Farben Schwarz, Wei\u00df und Beige. Die ideale Wahl f\u00fcr Ihre Mundhygiene und -gesundheit. Verpackt in einer d\u00fcnnen Kartonverpackung.<\/p>","protected":false},"excerpt":{"rendered":"<p>Elegantne ja looduss\u00f5bralik bambusest hambahari, mis sobitub mugavalt igasse k\u00e4tte. Pehmed harjased kaitsevad \u00f5rnalt igemeid, v\u00e4ltides veritsemist ja kriimustusi, tagades samal ajal&hellip;<\/p>","protected":false},"featured_media":7545,"comment_status":"open","ping_status":"closed","template":"","meta":{"wprm-recipe-roundup-name":"","wprm-recipe-roundup-description":""},"product_brand":[],"product_cat":[246],"product_tag":[196],"class_list":{"0":"post-7541","1":"product","2":"type-product","3":"status-publish","4":"has-post-thumbnail","6":"product_cat-hugieenitarbed","7":"product_tag-hambahari","9":"first","10":"instock","11":"taxable","12":"shipping-taxable","13":"purchasable","14":"product-type-variable"},"supplier_id":null,"supplier_sku":"","barcode":null,"atum_controlled":true,"out_stock_date":null,"out_stock_threshold":null,"inheritable":false,"inbound_stock":0,"stock_on_hold":0,"sold_today":0,"sales_last_days":1,"reserved_stock":0,"customer_returns":0,"warehouse_damage":0,"lost_in_post":0,"other_logs":0,"out_stock_days":0,"lost_sales":0,"has_location":false,"update_date":"2026-04-07T07:40:59","atum_locations":[],"atum_stock_status":"instock","restock_status":false,"low_stock_amount":"","sales_update_date":"2026-03-07T01:16:03","calc_backorders":null,"aioseo_notices":[],"_links":{"self":[{"href":"https:\/\/ecoshop.ee\/de\/wp-json\/wp\/v2\/product\/7541","targetHints":{"allow":["GET"]}}],"collection":[{"href":"https:\/\/ecoshop.ee\/de\/wp-json\/wp\/v2\/product"}],"about":[{"href":"https:\/\/ecoshop.ee\/de\/wp-json\/wp\/v2\/types\/product"}],"replies":[{"embeddable":true,"href":"https:\/\/ecoshop.ee\/de\/wp-json\/wp\/v2\/comments?post=7541"}],"version-history":[{"count":0,"href":"https:\/\/ecoshop.ee\/de\/wp-json\/wp\/v2\/product\/7541\/revisions"}],"wp:featuredmedia":[{"embeddable":true,"href":"https:\/\/ecoshop.ee\/de\/wp-json\/wp\/v2\/media\/7545"}],"wp:attachment":[{"href":"https:\/\/ecoshop.ee\/de\/wp-json\/wp\/v2\/media?parent=7541"}],"wp:term":[{"taxonomy":"product_brand","embeddable":true,"href":"https:\/\/ecoshop.ee\/de\/wp-json\/wp\/v2\/product_brand?post=7541"},{"taxonomy":"product_cat","embeddable":true,"href":"https:\/\/ecoshop.ee\/de\/wp-json\/wp\/v2\/product_cat?post=7541"},{"taxonomy":"product_tag","embeddable":true,"href":"https:\/\/ecoshop.ee\/de\/wp-json\/wp\/v2\/product_tag?post=7541"}],"curies":[{"name":"wp","href":"https:\/\/api.w.org\/{rel}","templated":true}]}}