{"id":7875,"date":"2024-09-14T17:39:42","date_gmt":"2024-09-14T14:39:42","guid":{"rendered":"https:\/\/ecoshop.ee\/?post_type=product&#038;p=7875"},"modified":"2026-05-08T19:17:53","modified_gmt":"2026-05-08T16:17:53","slug":"veganes-omega-3","status":"publish","type":"product","link":"https:\/\/ecoshop.ee\/de\/vegan-toidulisandid\/vegan-omega-3\/","title":{"rendered":"Veganes Omega-3, N60"},"content":{"rendered":"<p>Vegetology 100% Nat\u00fcrliches veganes Omega-3 wird direkt aus Mikroalgen gewonnen, die in einer speziellen Produktionsanlage gez\u00fcchtet werden. Es enth\u00e4lt <strong>300 mg EPA<\/strong> Und <strong>500 mg DHA<\/strong> Mit zus\u00e4tzlichem Vitamin D3, das alle Vorteile von Omega-3-Fetts\u00e4uren aus Fisch\u00f6l bietet. Das Herstellungsverfahren l\u00e4sst die Fische im Meer und tr\u00e4gt so zur Nachhaltigkeit bei.<\/p>\n<p><strong>Wichtige Vorteile:<\/strong><\/p>\n<ul>\n<li><strong>Gehirngesundheit:<\/strong> Tr\u00e4gt zur normalen Funktion des Gehirns bei.<\/li>\n<li><strong>Unterst\u00fctzung f\u00fcr Sehbehinderte:<\/strong> Unterst\u00fctzt die Augengesundheit.<\/li>\n<li><strong>Herzgesundheit:<\/strong> F\u00f6rdert die Herzfunktion.<\/li>\n<\/ul>\n<p>Im Gegensatz zu den meisten Omega-3-Pr\u00e4paraten, die aus Fisch hergestellt werden, stammt unser Omega-3 direkt aus Algen \u2013 eine reinere und nachhaltigere Alternative. Au\u00dferdem ist Vegetology Omega-3 wirksamer als viele Produkte auf Fisch\u00f6lbasis!<\/p>\n<p>&nbsp;<\/p>\n<p><iframe title=\"Entdecke die Kraft der Algen: Warum @vegetologyuk Omega-3 ein Game-Changer f\u00fcr Gehirn, Herz und Eyes ist!\" width=\"1160\" height=\"653\" src=\"https:\/\/www.youtube.com\/embed\/nzoS4FpDii8?start=1&#038;feature=oembed\" frameborder=\"0\" allow=\"accelerometer; autoplay; clipboard-write; encrypted-media; gyroscope; picture-in-picture; web-share\" referrerpolicy=\"strict-origin-when-cross-origin\" allowfullscreen><\/iframe><\/p>","protected":false},"excerpt":{"rendered":"<p>Vegetology 100% looduslik vegan Omega-3 on saadud otse mikrovetikatest, mida kasvatatakse spetsiaalses tootmiskeskuses. See sisaldab 300mg EPA-d ja 500mg DHA-d koos lisatud&hellip;<\/p>","protected":false},"featured_media":8005,"comment_status":"open","ping_status":"closed","template":"","meta":{"wprm-recipe-roundup-name":"","wprm-recipe-roundup-description":""},"product_brand":[12063],"product_cat":[318],"product_tag":[319,320,321],"class_list":{"0":"post-7875","1":"product","2":"type-product","3":"status-publish","4":"has-post-thumbnail","6":"product_brand-vegetology","7":"product_cat-vegan-toidulisandid","8":"product_tag-omega-3","9":"product_tag-toidulisand","10":"product_tag-vitamiinid","11":"j79_wcxd_expiry_type-best-before","13":"first","14":"instock","15":"taxable","16":"shipping-taxable","17":"purchasable","18":"product-type-simple"},"supplier_id":9147,"supplier_sku":"","barcode":"5060351380119","atum_controlled":true,"out_stock_date":null,"out_stock_threshold":null,"inheritable":false,"inbound_stock":0,"stock_on_hold":0,"sold_today":0,"sales_last_days":3,"reserved_stock":0,"customer_returns":0,"warehouse_damage":0,"lost_in_post":0,"other_logs":0,"out_stock_days":0,"lost_sales":0,"has_location":false,"update_date":"2026-05-12T10:48:13","atum_locations":[],"atum_stock_status":"instock","restock_status":false,"low_stock_amount":"","sales_update_date":"2026-05-12T10:48:13","calc_backorders":null,"aioseo_notices":[],"_links":{"self":[{"href":"https:\/\/ecoshop.ee\/de\/wp-json\/wp\/v2\/product\/7875","targetHints":{"allow":["GET"]}}],"collection":[{"href":"https:\/\/ecoshop.ee\/de\/wp-json\/wp\/v2\/product"}],"about":[{"href":"https:\/\/ecoshop.ee\/de\/wp-json\/wp\/v2\/types\/product"}],"replies":[{"embeddable":true,"href":"https:\/\/ecoshop.ee\/de\/wp-json\/wp\/v2\/comments?post=7875"}],"version-history":[{"count":0,"href":"https:\/\/ecoshop.ee\/de\/wp-json\/wp\/v2\/product\/7875\/revisions"}],"wp:featuredmedia":[{"embeddable":true,"href":"https:\/\/ecoshop.ee\/de\/wp-json\/wp\/v2\/media\/8005"}],"wp:attachment":[{"href":"https:\/\/ecoshop.ee\/de\/wp-json\/wp\/v2\/media?parent=7875"}],"wp:term":[{"taxonomy":"product_brand","embeddable":true,"href":"https:\/\/ecoshop.ee\/de\/wp-json\/wp\/v2\/product_brand?post=7875"},{"taxonomy":"product_cat","embeddable":true,"href":"https:\/\/ecoshop.ee\/de\/wp-json\/wp\/v2\/product_cat?post=7875"},{"taxonomy":"product_tag","embeddable":true,"href":"https:\/\/ecoshop.ee\/de\/wp-json\/wp\/v2\/product_tag?post=7875"}],"curies":[{"name":"wp","href":"https:\/\/api.w.org\/{rel}","templated":true}]}}