{"id":7920,"date":"2024-09-15T00:33:28","date_gmt":"2024-09-14T21:33:28","guid":{"rendered":"https:\/\/ecoshop.ee\/?post_type=product&#038;p=7920"},"modified":"2026-03-21T14:46:34","modified_gmt":"2026-03-21T11:46:34","slug":"vantastic-vegane-schokoladenriegel-mit-erdbeerfullung-100-g","status":"publish","type":"product","link":"https:\/\/ecoshop.ee\/de\/sokolaadid\/vantastic-maasikataidisega-vegan-sokolaadibatoonid-100g\/","title":{"rendered":"Vantastic vegane Schokoladenriegel mit Erdbeerf\u00fcllung, 100 g"},"content":{"rendered":"<p>Wenn du Yogurette magst, wirst du diese veganen Schokoriegel mit Erdbeerf\u00fcllung lieben! Leicht gek\u00fchlt im Sommer oder das ganze Jahr \u00fcber ein Genuss \u2013 dieser Riegel besteht aus einer cremigen Erdbeerf\u00fcllung, umh\u00fcllt von einem veganen Schokoladenboden. 100% Vegan und palm\u00f6lfrei, bietet dieser Leckerbissen puren Genuss ohne tierische Zutaten. Einfach genie\u00dfen!<\/p>","protected":false},"excerpt":{"rendered":"<p>Kui sulle meeldib Yogurette, siis armastad neid maasikat\u00e4idisega vegan \u0161okolaadibatoone! Kergelt jahutatuna suvel v\u00f5i aastaringselt nautimiseks \u2013 sellest batoonist leiab kreemise maasikat\u00e4idise,&hellip;<\/p>","protected":false},"featured_media":7921,"comment_status":"open","ping_status":"closed","template":"","meta":{"wprm-recipe-roundup-name":"","wprm-recipe-roundup-description":""},"product_brand":[12022],"product_cat":[141],"product_tag":[142],"class_list":{"0":"post-7920","1":"product","2":"type-product","3":"status-publish","4":"has-post-thumbnail","6":"product_brand-vantastic","7":"product_cat-sokolaadid","8":"product_tag-sokolaad","9":"j79_wcxd_expiry_type-best-before","11":"first","12":"instock","13":"taxable","14":"shipping-taxable","15":"purchasable","16":"product-type-simple"},"supplier_id":9137,"supplier_sku":"","barcode":"4260661092288","atum_controlled":true,"out_stock_date":null,"out_stock_threshold":null,"inheritable":false,"inbound_stock":0,"stock_on_hold":0,"sold_today":0,"sales_last_days":1,"reserved_stock":0,"customer_returns":0,"warehouse_damage":0,"lost_in_post":0,"other_logs":0,"out_stock_days":0,"lost_sales":0,"has_location":false,"update_date":"2026-03-31T06:01:26","atum_locations":[],"atum_stock_status":"instock","restock_status":false,"low_stock_amount":"","sales_update_date":"2026-03-31T06:01:26","calc_backorders":null,"aioseo_notices":[],"_links":{"self":[{"href":"https:\/\/ecoshop.ee\/de\/wp-json\/wp\/v2\/product\/7920","targetHints":{"allow":["GET"]}}],"collection":[{"href":"https:\/\/ecoshop.ee\/de\/wp-json\/wp\/v2\/product"}],"about":[{"href":"https:\/\/ecoshop.ee\/de\/wp-json\/wp\/v2\/types\/product"}],"replies":[{"embeddable":true,"href":"https:\/\/ecoshop.ee\/de\/wp-json\/wp\/v2\/comments?post=7920"}],"version-history":[{"count":0,"href":"https:\/\/ecoshop.ee\/de\/wp-json\/wp\/v2\/product\/7920\/revisions"}],"wp:featuredmedia":[{"embeddable":true,"href":"https:\/\/ecoshop.ee\/de\/wp-json\/wp\/v2\/media\/7921"}],"wp:attachment":[{"href":"https:\/\/ecoshop.ee\/de\/wp-json\/wp\/v2\/media?parent=7920"}],"wp:term":[{"taxonomy":"product_brand","embeddable":true,"href":"https:\/\/ecoshop.ee\/de\/wp-json\/wp\/v2\/product_brand?post=7920"},{"taxonomy":"product_cat","embeddable":true,"href":"https:\/\/ecoshop.ee\/de\/wp-json\/wp\/v2\/product_cat?post=7920"},{"taxonomy":"product_tag","embeddable":true,"href":"https:\/\/ecoshop.ee\/de\/wp-json\/wp\/v2\/product_tag?post=7920"}],"curies":[{"name":"wp","href":"https:\/\/api.w.org\/{rel}","templated":true}]}}