{"id":8004,"date":"2024-09-18T17:19:32","date_gmt":"2024-09-18T14:19:32","guid":{"rendered":"https:\/\/ecoshop.ee\/?post_type=product&#038;p=8004"},"modified":"2026-05-11T23:17:32","modified_gmt":"2026-05-11T20:17:32","slug":"multivit-veganes-nahrungserganzungsmittel-multivitamin-n60","status":"publish","type":"product","link":"https:\/\/ecoshop.ee\/de\/vegan-toidulisandid\/multivit-vegan-toidulisand-multivitamiin-n60\/","title":{"rendered":"MultiVit All-in-One-Nahrungserg\u00e4nzungsmittel, N60"},"content":{"rendered":"<p>Ein Multivitaminpr\u00e4parat, das alles enth\u00e4lt, was Sie zur Unterst\u00fctzung Ihrer Gesundheit ben\u00f6tigen.<\/p>\n<p>26 Vitamine und Mineralstoffe + Superfood-Komplex gew\u00e4hrleisten eine \u00e4u\u00dferst wirksame Nahrungserg\u00e4nzung.<\/p>\n<p>Bringen Sie K\u00f6rper und Geist mit Vegetology Multivitamin in Einklang. Es enth\u00e4lt 26 Vitamine und Mineralstoffe sowie einen antioxidativen Superfood-Komplex. Die einzigartige Formel beinhaltet au\u00dferdem amino-S\u00e4urechelate, die eine bessere Aufnahme und Bioaktivit\u00e4t der N\u00e4hrstoffe im K\u00f6rper gew\u00e4hrleisten.<\/p>\n<p><strong>Vorteile:<\/strong><\/p>\n<ul>\n<li><strong>Stoffwechselunterst\u00fctzung:<\/strong> Normale Energieproduktion aus dem Stoffwechsel.<\/li>\n<li><strong>St\u00e4rkung des Immunsystems:<\/strong> Normales Funktionieren des Immunsystems.<\/li>\n<li><strong>Reguliert das Nervensystem:<\/strong> 1TP80Normale Funktion des Nervensystems.<\/li>\n<li><strong>Erm\u00fcdung verringern:<\/strong> Verringerung von M\u00fcdigkeit und Ersch\u00f6pfung.<\/li>\n<li><strong>Gehirnfunktion:<\/strong> Normale psychische, kognitive Funktionen und geistige Leistungsf\u00e4higkeit.<\/li>\n<li><strong>Atemunterst\u00fctzung:<\/strong> Zellschutz vor oxidativem Stress.<\/li>\n<li><strong>Knochen- und Muskelpflege:<\/strong> 1TP80Normaler Zustand von Knochen, Z\u00e4hnen, Haut und Haar.<\/li>\n<li><strong>Kollagenproduktion:<\/strong> Collagen normal-Bildung f\u00fcr Blutgef\u00e4\u00dfe, Knochen, Knorpel, Zahnfleisch, Haut und Z\u00e4hne.<\/li>\n<\/ul>\n<p><strong>Warum MultiVit w\u00e4hlen?<\/strong><\/p>\n<p>MultiVit enth\u00e4lt neben 26 Vitaminen und Mineralstoffen einen exklusiven Superfood-Komplex aus au\u00dfergew\u00f6hnlichen Pflanzenextrakten wie Goji-Beeren-Extrakt, Heidelbeer-Extrakt, Gr\u00fcntee-Extrakt, K\u00fcrbiskernextrakt und Resveratrol (Traubenextrakt). Dieser einzigartige Komplex vereint die besten Eigenschaften dieser wertvollen nat\u00fcrlichen Inhaltsstoffe\u00b9TP62T und bietet so herausragende antioxidative und gesundheitsf\u00f6rdernde Vorteile.<\/p>","protected":false},"excerpt":{"rendered":"<p>Multivitamiin milles on k\u00f5ik vajalik enda tervise toetamiseks. 26 vitamiini ja mineraali + supertoidu kompleks tagavad \u00e4\u00e4rmiselt t\u00f5husa toidulisandi. Tasakaalusta keha ja&hellip;<\/p>","protected":false},"featured_media":8011,"comment_status":"open","ping_status":"closed","template":"","meta":{"wprm-recipe-roundup-name":"","wprm-recipe-roundup-description":""},"product_brand":[12063],"product_cat":[318],"product_tag":[335,320],"class_list":{"0":"post-8004","1":"product","2":"type-product","3":"status-publish","4":"has-post-thumbnail","6":"product_brand-vegetology","7":"product_cat-vegan-toidulisandid","8":"product_tag-multivitamiin","9":"product_tag-toidulisand","10":"j79_wcxd_expiry_type-best-before","12":"first","13":"instock","14":"taxable","15":"shipping-taxable","16":"purchasable","17":"product-type-simple"},"supplier_id":9147,"supplier_sku":"","barcode":"5060351380157","atum_controlled":true,"out_stock_date":null,"out_stock_threshold":null,"inheritable":false,"inbound_stock":0,"stock_on_hold":0,"sold_today":0,"sales_last_days":4,"reserved_stock":0,"customer_returns":0,"warehouse_damage":0,"lost_in_post":0,"other_logs":0,"out_stock_days":0,"lost_sales":0,"has_location":false,"update_date":"2026-05-12T21:04:38","atum_locations":[],"atum_stock_status":"instock","restock_status":true,"low_stock_amount":"","sales_update_date":"2026-05-12T21:04:38","calc_backorders":null,"aioseo_notices":[],"_links":{"self":[{"href":"https:\/\/ecoshop.ee\/de\/wp-json\/wp\/v2\/product\/8004","targetHints":{"allow":["GET"]}}],"collection":[{"href":"https:\/\/ecoshop.ee\/de\/wp-json\/wp\/v2\/product"}],"about":[{"href":"https:\/\/ecoshop.ee\/de\/wp-json\/wp\/v2\/types\/product"}],"replies":[{"embeddable":true,"href":"https:\/\/ecoshop.ee\/de\/wp-json\/wp\/v2\/comments?post=8004"}],"version-history":[{"count":0,"href":"https:\/\/ecoshop.ee\/de\/wp-json\/wp\/v2\/product\/8004\/revisions"}],"wp:featuredmedia":[{"embeddable":true,"href":"https:\/\/ecoshop.ee\/de\/wp-json\/wp\/v2\/media\/8011"}],"wp:attachment":[{"href":"https:\/\/ecoshop.ee\/de\/wp-json\/wp\/v2\/media?parent=8004"}],"wp:term":[{"taxonomy":"product_brand","embeddable":true,"href":"https:\/\/ecoshop.ee\/de\/wp-json\/wp\/v2\/product_brand?post=8004"},{"taxonomy":"product_cat","embeddable":true,"href":"https:\/\/ecoshop.ee\/de\/wp-json\/wp\/v2\/product_cat?post=8004"},{"taxonomy":"product_tag","embeddable":true,"href":"https:\/\/ecoshop.ee\/de\/wp-json\/wp\/v2\/product_tag?post=8004"}],"curies":[{"name":"wp","href":"https:\/\/api.w.org\/{rel}","templated":true}]}}