{"id":8027,"date":"2024-09-18T17:57:31","date_gmt":"2024-09-18T14:57:31","guid":{"rendered":"https:\/\/ecoshop.ee\/?post_type=product&#038;p=8027"},"modified":"2026-03-28T16:01:04","modified_gmt":"2026-03-28T13:01:04","slug":"vollagen-veganes-kollagen-n60","status":"publish","type":"product","link":"https:\/\/ecoshop.ee\/de\/vegan-toidulisandid\/vollagen-vegan-kollageen-n60\/","title":{"rendered":"Vollagen\u00ae veganes Kollagen, N60"},"content":{"rendered":"<p><strong>Was ist Vollagen\u00ae?<\/strong><\/p>\n<p>Vollagen\u00ae, auch bekannt als veganes Kollagen, ist ein Aminos\u00e4urekomplex, der dieselben Aminos\u00e4uren enth\u00e4lt wie Kollagen. Kollagen ist das wichtigste Strukturprotein unserer Haut, Haare, N\u00e4gel, B\u00e4nder und Sehnen. Da tierisches Kollagen vom K\u00f6rper nur schwer aufgenommen wird, muss es hydrolysiert werden, um die Aminos\u00e4uren freizusetzen. Vollagen\u00ae 1000 mg liefert all diese Aminos\u00e4uren aus pflanzlichen Quellen und ist somit die perfekte vegane Alternative zu Kollagen.<\/p>\n<p><strong>Vorteile:<\/strong><\/p>\n<ul>\n<li>Unterst\u00fctzt die Gesundheit von Haut, Haaren und N\u00e4geln.<\/li>\n<li>Hilft, feine Linien zu reduzieren und die Hautelastizit\u00e4t zu verbessern.<\/li>\n<li>Rezeptur aus pflanzlichen Quellen, geeignet f\u00fcr Veganer und Vegetarier.<\/li>\n<li>Sorgt f\u00fcr die notwendige aminohapted-Formel zur einfachen Absorption.<\/li>\n<\/ul>\n<p><strong>Bedeutung von Kollagen:<\/strong><\/p>\n<p>Kollagen ist eines der wichtigsten Strukturproteine des K\u00f6rpers und verleiht dem Gewebe Festigkeit und Elastizit\u00e4t. Mit zunehmendem Alter verlangsamt sich die Kollagenproduktion, was zu schlaffer Haut, Falten sowie br\u00fcchigen Haaren und N\u00e4geln f\u00fchrt. Vollagen\u00ae wurde entwickelt, um \u00e4hnliche Vorteile wie Kollagen zu bieten, indem es die k\u00f6rpereigene Kollagenproduktion anregt.<\/p>\n<p><strong>Studienergebnisused:<\/strong><\/p>\n<p>Unabh\u00e4ngige Verbrauchertests haben gezeigt, dass die Anwendung von Vollagen\u00ae \u00fcber 60 Tage dazu beitr\u00e4gt, die Haut zu straffen, zu pflegen und mit Feuchtigkeit zu versorgen, das Erscheinungsbild von feinen Linien und Falten zu reduzieren und die Gesundheit und St\u00e4rke der N\u00e4gel zu verbessern.<\/p>","protected":false},"excerpt":{"rendered":"<p>Mis on Vollagen\u00ae? Vollagen\u00ae ehk vegan kollageen on aminohapete kompleks, mis sisaldab samu aminohappeid, mis on leitud kollageenis. Kollageen on peamine struktuurvalk,&hellip;<\/p>","protected":false},"featured_media":8021,"comment_status":"open","ping_status":"closed","template":"","meta":{"wprm-recipe-roundup-name":"","wprm-recipe-roundup-description":""},"product_brand":[12063],"product_cat":[318],"product_tag":[336,320],"class_list":{"0":"post-8027","1":"product","2":"type-product","3":"status-publish","4":"has-post-thumbnail","6":"product_brand-vegetology","7":"product_cat-vegan-toidulisandid","8":"product_tag-kollageen","9":"product_tag-toidulisand","10":"j79_wcxd_expiry_type-best-before","12":"first","13":"instock","14":"taxable","15":"shipping-taxable","16":"purchasable","17":"product-type-simple"},"supplier_id":9147,"supplier_sku":"","barcode":"5060351380485","atum_controlled":true,"out_stock_date":null,"out_stock_threshold":null,"inheritable":false,"inbound_stock":0,"stock_on_hold":0,"sold_today":0,"sales_last_days":1,"reserved_stock":0,"customer_returns":0,"warehouse_damage":0,"lost_in_post":0,"other_logs":0,"out_stock_days":0,"lost_sales":0,"has_location":false,"update_date":"2026-04-10T14:29:59","atum_locations":[],"atum_stock_status":"instock","restock_status":false,"low_stock_amount":"","sales_update_date":"2026-04-10T14:29:59","calc_backorders":null,"aioseo_notices":[],"_links":{"self":[{"href":"https:\/\/ecoshop.ee\/de\/wp-json\/wp\/v2\/product\/8027","targetHints":{"allow":["GET"]}}],"collection":[{"href":"https:\/\/ecoshop.ee\/de\/wp-json\/wp\/v2\/product"}],"about":[{"href":"https:\/\/ecoshop.ee\/de\/wp-json\/wp\/v2\/types\/product"}],"replies":[{"embeddable":true,"href":"https:\/\/ecoshop.ee\/de\/wp-json\/wp\/v2\/comments?post=8027"}],"version-history":[{"count":0,"href":"https:\/\/ecoshop.ee\/de\/wp-json\/wp\/v2\/product\/8027\/revisions"}],"wp:featuredmedia":[{"embeddable":true,"href":"https:\/\/ecoshop.ee\/de\/wp-json\/wp\/v2\/media\/8021"}],"wp:attachment":[{"href":"https:\/\/ecoshop.ee\/de\/wp-json\/wp\/v2\/media?parent=8027"}],"wp:term":[{"taxonomy":"product_brand","embeddable":true,"href":"https:\/\/ecoshop.ee\/de\/wp-json\/wp\/v2\/product_brand?post=8027"},{"taxonomy":"product_cat","embeddable":true,"href":"https:\/\/ecoshop.ee\/de\/wp-json\/wp\/v2\/product_cat?post=8027"},{"taxonomy":"product_tag","embeddable":true,"href":"https:\/\/ecoshop.ee\/de\/wp-json\/wp\/v2\/product_tag?post=8027"}],"curies":[{"name":"wp","href":"https:\/\/api.w.org\/{rel}","templated":true}]}}