{"id":8029,"date":"2024-09-18T18:16:11","date_gmt":"2024-09-18T15:16:11","guid":{"rendered":"https:\/\/ecoshop.ee\/?post_type=product&#038;p=8029"},"modified":"2026-05-14T08:32:14","modified_gmt":"2026-05-14T05:32:14","slug":"nahrungserganzungsmittel-zur-unterstutzung-der-knochengesundheit-n60","status":"publish","type":"product","link":"https:\/\/ecoshop.ee\/de\/vegan-toidulisandid\/toidulisand-luude-toetamiseks-n60\/","title":{"rendered":"Nahrungserg\u00e4nzungsmittel zur Unterst\u00fctzung der Knochengesundheit, N60"},"content":{"rendered":"<p><strong>Vegetologie Knochenpflege <\/strong>Dieses vegane Nahrungserg\u00e4nzungsmittel unterst\u00fctzt effektiv die Gesundheit von Knorpel, Muskeln und Knochen. Es enth\u00e4lt eine einzigartige Mischung aus Phytodroitin\u2122 und Glucosamin sowie essenzielle Vitamine und Mineralstoffe wie Kalzium, Magnesium und die Vitamine C, D3 und K2. Diese Inhaltsstoffe tragen gemeinsam zum Erhalt starker und gesunder Knochen und zum allgemeinen Wohlbefinden bei.<\/p>\n<p><strong>Vorteile:<\/strong><\/p>\n<ul>\n<li><strong>Muskuloskelettale Pflege:<\/strong> Unterst\u00fctzt die normale Funktion von Knochen, Z\u00e4hnen und Muskeln sowie die Aufnahme von Kalzium und Phosphor.<\/li>\n<li><strong>Stoffwechselunterst\u00fctzung:<\/strong> Tr\u00e4gt zum normaal-Energiestoffwechsel bei.<\/li>\n<li><strong>Kollagenproduktion:<\/strong> F\u00f6rdert die normale Bildung von Kollagen und unterst\u00fctzt so die Funktion von Knochen, Knorpel und Z\u00e4hnen.<\/li>\n<\/ul>\n<p><strong>Was macht Bone Care so besonders?<\/strong><\/p>\n<p>Bone Care wurde speziell f\u00fcr Veganer und Vegetarier entwickelt und bietet eine pflanzliche Alternative zur St\u00e4rkung der Knochen. Die einzigartige Mischung aus Phytodroitin\u2122 und Glucosamin sowie ausgew\u00e4hlten Vitaminen und Mineralstoffen sorgt f\u00fcr starke und gesunde Knochen. Phytodroitin\u2122 ist eine pflanzliche Alternative zu Chondroitin, w\u00e4hrend Glucosamin aus einer nachhaltigen Quelle stammt \u2013 dem Pilz Aspergillus niger.<\/p>\n<p><strong>Warum ist Knochengesundheit wichtig?<\/strong><\/p>\n<p>Knochen sind das Fundament unseres K\u00f6rpers. Sie sch\u00fctzen unsere Organe und erm\u00f6glichen Bewegung. Mit zunehmendem Alter nimmt die Knochendichte ab, wodurch das Risiko f\u00fcr Knochenbr\u00fcche und Osteoporose steigt. Knochenpflege st\u00e4rkt die Knochen und erh\u00e4lt die Knochendichte, was die K\u00f6rperstabilit\u00e4t und Beweglichkeit unterst\u00fctzt.<\/p>\n<p><strong>Zutaten:<\/strong><\/p>\n<ul>\n<li>Phytodroitin\u2122<\/li>\n<li>Glucosamin<\/li>\n<li>Kalzium, Magnesium, Vitamin C, D3 und K2<\/li>\n<\/ul>\n<p><strong>F\u00fcr wen ist es geeignet?<\/strong><\/p>\n<p>Bone Care richtet sich an Menschen mit einem aktiven Lebensstil, \u00e4ltere Menschen und solche mit Knochen-, Gelenk- oder Muskelproblemen.<\/p>\n<p>Empfohlen f\u00fcr Erwachsene und Kinder ab 11 Jahren (aufgrund der Gr\u00f6\u00dfe des Tablets).<\/p>\n<p>Auch geeignet f\u00fcr Vegetarier, Veganer und Menschen mit Fisch- und Meeresfr\u00fcchteallergien.<\/p>","protected":false},"excerpt":{"rendered":"<p>Vegetology Bone Care vegan toidulisand pakub t\u00f5husat tuge k\u00f5hrede, lihaste ja luude tervisele. See sisaldab unikaalset segu Phytodroitin\u2122-ist ja gl\u00fckoosamiinist koos oluliste&hellip;<\/p>","protected":false},"featured_media":8009,"comment_status":"open","ping_status":"closed","template":"","meta":{"wprm-recipe-roundup-name":"","wprm-recipe-roundup-description":""},"product_brand":[12063],"product_cat":[318],"product_tag":[337,320],"class_list":{"0":"post-8029","1":"product","2":"type-product","3":"status-publish","4":"has-post-thumbnail","6":"product_brand-vegetology","7":"product_cat-vegan-toidulisandid","8":"product_tag-luudele","9":"product_tag-toidulisand","10":"j79_wcxd_expiry_type-best-before","12":"first","13":"instock","14":"taxable","15":"shipping-taxable","16":"purchasable","17":"product-type-simple"},"supplier_id":9147,"supplier_sku":"","barcode":"5060351380164","atum_controlled":true,"out_stock_date":null,"out_stock_threshold":null,"inheritable":false,"inbound_stock":0,"stock_on_hold":0,"sold_today":1,"sales_last_days":1,"reserved_stock":0,"customer_returns":0,"warehouse_damage":0,"lost_in_post":0,"other_logs":0,"out_stock_days":0,"lost_sales":0,"has_location":false,"update_date":"2026-05-14T22:37:11","atum_locations":[],"atum_stock_status":"instock","restock_status":false,"low_stock_amount":"","sales_update_date":"2026-05-14T22:37:11","calc_backorders":null,"aioseo_notices":[],"_links":{"self":[{"href":"https:\/\/ecoshop.ee\/de\/wp-json\/wp\/v2\/product\/8029","targetHints":{"allow":["GET"]}}],"collection":[{"href":"https:\/\/ecoshop.ee\/de\/wp-json\/wp\/v2\/product"}],"about":[{"href":"https:\/\/ecoshop.ee\/de\/wp-json\/wp\/v2\/types\/product"}],"replies":[{"embeddable":true,"href":"https:\/\/ecoshop.ee\/de\/wp-json\/wp\/v2\/comments?post=8029"}],"version-history":[{"count":0,"href":"https:\/\/ecoshop.ee\/de\/wp-json\/wp\/v2\/product\/8029\/revisions"}],"wp:featuredmedia":[{"embeddable":true,"href":"https:\/\/ecoshop.ee\/de\/wp-json\/wp\/v2\/media\/8009"}],"wp:attachment":[{"href":"https:\/\/ecoshop.ee\/de\/wp-json\/wp\/v2\/media?parent=8029"}],"wp:term":[{"taxonomy":"product_brand","embeddable":true,"href":"https:\/\/ecoshop.ee\/de\/wp-json\/wp\/v2\/product_brand?post=8029"},{"taxonomy":"product_cat","embeddable":true,"href":"https:\/\/ecoshop.ee\/de\/wp-json\/wp\/v2\/product_cat?post=8029"},{"taxonomy":"product_tag","embeddable":true,"href":"https:\/\/ecoshop.ee\/de\/wp-json\/wp\/v2\/product_tag?post=8029"}],"curies":[{"name":"wp","href":"https:\/\/api.w.org\/{rel}","templated":true}]}}