{"id":8031,"date":"2024-09-18T19:08:00","date_gmt":"2024-09-18T16:08:00","guid":{"rendered":"https:\/\/ecoshop.ee\/?post_type=product&#038;p=8031"},"modified":"2026-05-04T22:10:13","modified_gmt":"2026-05-04T19:10:13","slug":"veganes-vitamin-b12-praparat-1000-mcg-mit-verlangerter-freisetzung-n60","status":"publish","type":"product","link":"https:\/\/ecoshop.ee\/de\/vegan-toidulisandid\/vegan-b12-toidulisand-1000mcg-prolongeeritud-n60\/","title":{"rendered":"Veganes Vitamin-B12-Pr\u00e4parat 1000 mcg, Langzeitwirkung, N60"},"content":{"rendered":"<p><strong>Steigern Sie Energie und Stoffwechsel mit hochdosiertem Vitamin B12<\/strong><\/p>\n<p>Unser veganes Vitamin B12 wurde wissenschaftlich entwickelt, um den Energiestoffwechsel zu unterst\u00fctzen und M\u00fcdigkeit zu reduzieren. Es enth\u00e4lt die wasserl\u00f6sliche Form von Vitamin B12, Cyanocobalamin, das \u00fcber 4\u20138 Stunden nach und nach freigesetzt wird und so f\u00fcr eine langanhaltende Wirkung sorgt.<\/p>\n<p><strong>Hauptvorteile:<\/strong><\/p>\n<ul>\n<li><strong>Stoffwechselunterst\u00fctzung:<\/strong> Tr\u00e4gt zum normaal-Energiestoffwechsel bei.<\/li>\n<li><strong>Nervensystemregulationrimine:<\/strong> Unterst\u00fctzt die normale Funktion des Nervensystems.<\/li>\n<li><strong>Kopfarbeit:<\/strong> Unterst\u00fctzt die psychische Funktion und die Konzentration.<\/li>\n<\/ul>\n<p>Vitamin B12 unterst\u00fctzt den K\u00f6rper bei der Bildung roter Blutk\u00f6rperchen, die Sauerstoff zu Geweben und Organen transportieren. Es ist au\u00dferdem wichtig f\u00fcr die kognitive Gehirnfunktion und das Nervensystem. Da der K\u00f6rper Vitamin B12 nicht selbst herstellen kann, muss es \u00fcber die Nahrung oder Nahrungserg\u00e4nzungsmittel aufgenommen werden.<\/p>\n<p>Unser B12-Pr\u00e4parat wirkt lang anhaltend und gibt B12 \u00fcber 6\u20138 Stunden kontinuierlich ab. Ideal f\u00fcr Veganer und Vegetarier sowie f\u00fcr alle, die ihre allgemeine Gesundheit, Energie und Konzentration unterst\u00fctzen m\u00f6chten.<\/p>\n<p><strong>Verwendung:<\/strong> Nehmen Sie t\u00e4glich eine Tablette zu einer Mahlzeit ein. Die Formel mit verz\u00f6gerter Wirkstofffreisetzung sorgt f\u00fcr einen gleichm\u00e4\u00dfigen Anstieg des Vitamin-B12-Spiegels \u00fcber den Tag verteilt.<\/p>\n<p><strong>Warum ist Vitamin B12 wichtig?<\/strong><\/p>\n<ul>\n<li>Unterst\u00fctzt die Bildung roter Blutk\u00f6rperchen<\/li>\n<li>Verbessert die Gehirnfunktion und die Konzentration<\/li>\n<li>Hilft, M\u00fcdigkeit und Ersch\u00f6pfung zu lindern<\/li>\n<\/ul>","protected":false},"excerpt":{"rendered":"<p>T\u00f5sta Energiat ja Ainevahetust K\u00f5rge Tugevusega B12 Vitamiiniga Meie vegan-s\u00f5bralik Vitamiin B12 on teaduslikult formuleeritud, et toetada energia ainevahetust ja v\u00e4hendada v\u00e4simust.&hellip;<\/p>","protected":false},"featured_media":8007,"comment_status":"open","ping_status":"closed","template":"","meta":{"wprm-recipe-roundup-name":"","wprm-recipe-roundup-description":""},"product_brand":[12063],"product_cat":[318],"product_tag":[338,320],"class_list":{"0":"post-8031","1":"product","2":"type-product","3":"status-publish","4":"has-post-thumbnail","6":"product_brand-vegetology","7":"product_cat-vegan-toidulisandid","8":"product_tag-b12","9":"product_tag-toidulisand","10":"j79_wcxd_expiry_type-best-before","12":"first","13":"instock","14":"taxable","15":"shipping-taxable","16":"purchasable","17":"product-type-simple"},"supplier_id":9147,"supplier_sku":"","barcode":"5060351380232","atum_controlled":true,"out_stock_date":null,"out_stock_threshold":null,"inheritable":false,"inbound_stock":0,"stock_on_hold":0,"sold_today":0,"sales_last_days":2,"reserved_stock":0,"customer_returns":0,"warehouse_damage":0,"lost_in_post":0,"other_logs":0,"out_stock_days":0,"lost_sales":0,"has_location":false,"update_date":"2026-05-08T09:45:59","atum_locations":[],"atum_stock_status":"instock","restock_status":false,"low_stock_amount":"","sales_update_date":"2026-05-08T09:45:59","calc_backorders":null,"aioseo_notices":[],"_links":{"self":[{"href":"https:\/\/ecoshop.ee\/de\/wp-json\/wp\/v2\/product\/8031","targetHints":{"allow":["GET"]}}],"collection":[{"href":"https:\/\/ecoshop.ee\/de\/wp-json\/wp\/v2\/product"}],"about":[{"href":"https:\/\/ecoshop.ee\/de\/wp-json\/wp\/v2\/types\/product"}],"replies":[{"embeddable":true,"href":"https:\/\/ecoshop.ee\/de\/wp-json\/wp\/v2\/comments?post=8031"}],"version-history":[{"count":0,"href":"https:\/\/ecoshop.ee\/de\/wp-json\/wp\/v2\/product\/8031\/revisions"}],"wp:featuredmedia":[{"embeddable":true,"href":"https:\/\/ecoshop.ee\/de\/wp-json\/wp\/v2\/media\/8007"}],"wp:attachment":[{"href":"https:\/\/ecoshop.ee\/de\/wp-json\/wp\/v2\/media?parent=8031"}],"wp:term":[{"taxonomy":"product_brand","embeddable":true,"href":"https:\/\/ecoshop.ee\/de\/wp-json\/wp\/v2\/product_brand?post=8031"},{"taxonomy":"product_cat","embeddable":true,"href":"https:\/\/ecoshop.ee\/de\/wp-json\/wp\/v2\/product_cat?post=8031"},{"taxonomy":"product_tag","embeddable":true,"href":"https:\/\/ecoshop.ee\/de\/wp-json\/wp\/v2\/product_tag?post=8031"}],"curies":[{"name":"wp","href":"https:\/\/api.w.org\/{rel}","templated":true}]}}