{"id":8033,"date":"2024-09-18T19:21:14","date_gmt":"2024-09-18T16:21:14","guid":{"rendered":"https:\/\/ecoshop.ee\/?post_type=product&#038;p=8033"},"modified":"2026-05-03T18:06:31","modified_gmt":"2026-05-03T15:06:31","slug":"veganes-vitamin-b12-praparat-100-mcg-sublingual-n60","status":"publish","type":"product","link":"https:\/\/ecoshop.ee\/de\/vegan-toidulisandid\/vegan-b12-toidulisand-100mcg-keelealune-n60\/","title":{"rendered":"Veganes Vitamin-B12-Pr\u00e4parat 100 mcg, sublingual, N60"},"content":{"rendered":"<p>Unser veganes Vitamin B12 wirkt schnell und ist sublingual anwendbar. Die wissenschaftlich entwickelte Formel unterst\u00fctzt Energie und Stoffwechsel und reduziert M\u00fcdigkeit. Die mittelstark dosierte Tablette l\u00f6st sich unter der Zunge auf und gibt das Vitamin B12 direkt ins Blut ab.<\/p>\n<p><strong>Vorteile:<\/strong><\/p>\n<ul>\n<li><strong>Stoffwechselunterst\u00fctzung:<\/strong> Tr\u00e4gt zum normaal-Energiestoffwechsel bei.<\/li>\n<li><strong>Nervensystemregulationrimine:<\/strong> Unterst\u00fctzt die normale Funktion des Nervensystems.<\/li>\n<li><strong>Kopfarbeit:<\/strong> Unterst\u00fctzt die psychische Funktion und die Konzentration.<\/li>\n<\/ul>\n<p><strong>B12 wird durch Fermentation hergestellt:<\/strong> Unser Vitamin B12 wird durch Fermentation hergestellt, wodurch die gleiche Wirkung ohne tierische Bestandteile erzielt wird und es somit f\u00fcr Veganer geeignet ist.<\/p>\n<p><strong>F\u00fcr wen ist das gedacht?<\/strong> Geeignet f\u00fcr alle Altersgruppen, einschlie\u00dflich Schwangere, Kinder und S\u00e4uglinge. Ideal f\u00fcr Veganer, Vegetarier und Menschen mit Fisch- und Meeresfr\u00fcchteallergien.<\/p>\n<p><strong>Verwendung:<\/strong> Jede Tablette enth\u00e4lt 100 \u00b5g schnell wirkendes Vitamin B12. Legen Sie die Tablette unter die Zunge und lassen Sie sie sich aufl\u00f6sen, um eine optimale Aufnahme direkt in den Blutkreislauf zu gew\u00e4hrleisten. Vitamin B12 ist wasserl\u00f6slich, sodass Ihr K\u00f6rper nur so viel aufnimmt, wie er ben\u00f6tigt, und der Rest auf nat\u00fcrlichem Wege ausgeschieden wird.<\/p>","protected":false},"excerpt":{"rendered":"<p>Keelealune ja kiiretoimeline, meie vegan-s\u00f5bralik Vitamiin B12 on teaduslikult formuleeritud energia ja ainevahetuse toetamiseks ning v\u00e4simuse v\u00e4hendamiseks. See keskmise tugevusega tablett on&hellip;<\/p>","protected":false},"featured_media":8008,"comment_status":"open","ping_status":"closed","template":"","meta":{"wprm-recipe-roundup-name":"","wprm-recipe-roundup-description":""},"product_brand":[12063],"product_cat":[240,318],"product_tag":[338,320],"class_list":{"0":"post-8033","1":"product","2":"type-product","3":"status-publish","4":"has-post-thumbnail","6":"product_brand-vegetology","7":"product_cat-allahinnatud","8":"product_cat-vegan-toidulisandid","9":"product_tag-b12","10":"product_tag-toidulisand","11":"j79_wcxd_expiry_type-best-before","13":"first","14":"instock","15":"sale","16":"taxable","17":"shipping-taxable","18":"purchasable","19":"product-type-simple"},"supplier_id":9147,"supplier_sku":"","barcode":"5060351380317","atum_controlled":true,"out_stock_date":null,"out_stock_threshold":null,"inheritable":false,"inbound_stock":0,"stock_on_hold":0,"sold_today":0,"sales_last_days":1,"reserved_stock":0,"customer_returns":0,"warehouse_damage":0,"lost_in_post":0,"other_logs":0,"out_stock_days":0,"lost_sales":0,"has_location":false,"update_date":"2026-05-05T13:43:21","atum_locations":[],"atum_stock_status":"instock","restock_status":false,"low_stock_amount":"","sales_update_date":"2026-05-05T13:43:21","calc_backorders":null,"aioseo_notices":[],"_links":{"self":[{"href":"https:\/\/ecoshop.ee\/de\/wp-json\/wp\/v2\/product\/8033","targetHints":{"allow":["GET"]}}],"collection":[{"href":"https:\/\/ecoshop.ee\/de\/wp-json\/wp\/v2\/product"}],"about":[{"href":"https:\/\/ecoshop.ee\/de\/wp-json\/wp\/v2\/types\/product"}],"replies":[{"embeddable":true,"href":"https:\/\/ecoshop.ee\/de\/wp-json\/wp\/v2\/comments?post=8033"}],"version-history":[{"count":1,"href":"https:\/\/ecoshop.ee\/de\/wp-json\/wp\/v2\/product\/8033\/revisions"}],"predecessor-version":[{"id":396014,"href":"https:\/\/ecoshop.ee\/de\/wp-json\/wp\/v2\/product\/8033\/revisions\/396014"}],"wp:featuredmedia":[{"embeddable":true,"href":"https:\/\/ecoshop.ee\/de\/wp-json\/wp\/v2\/media\/8008"}],"wp:attachment":[{"href":"https:\/\/ecoshop.ee\/de\/wp-json\/wp\/v2\/media?parent=8033"}],"wp:term":[{"taxonomy":"product_brand","embeddable":true,"href":"https:\/\/ecoshop.ee\/de\/wp-json\/wp\/v2\/product_brand?post=8033"},{"taxonomy":"product_cat","embeddable":true,"href":"https:\/\/ecoshop.ee\/de\/wp-json\/wp\/v2\/product_cat?post=8033"},{"taxonomy":"product_tag","embeddable":true,"href":"https:\/\/ecoshop.ee\/de\/wp-json\/wp\/v2\/product_tag?post=8033"}],"curies":[{"name":"wp","href":"https:\/\/api.w.org\/{rel}","templated":true}]}}