{"id":8036,"date":"2024-09-18T19:48:56","date_gmt":"2024-09-18T16:48:56","guid":{"rendered":"https:\/\/ecoshop.ee\/?post_type=product&#038;p=8036"},"modified":"2026-02-15T03:00:08","modified_gmt":"2026-02-15T00:00:08","slug":"energiepraparat-n60","status":"publish","type":"product","link":"https:\/\/ecoshop.ee\/de\/vegan-toidulisandid\/energiat-toetav-toidulisand-n60\/","title":{"rendered":"Energielieferndes Nahrungserg\u00e4nzungsmittel, N60"},"content":{"rendered":"<p>Sie suchen nach koffeinfreier Energie? Active Energy kombiniert essentielle, energiespendende Vitamine wie B2, B3, B5, B6, B12, Vitamin C, Fols\u00e4ure und Eisen mit der Kraft der adaptogenen Kr\u00e4uter Rhodiola und Schisandra, um M\u00fcdigkeit zu bek\u00e4mpfen und einen vollen Terminkalender sowie einen aktiven Lebensstil zu unterst\u00fctzen.<\/p>\n<p><strong>Hauptvorteile:<\/strong><\/p>\n<ul>\n<li><strong>Verringerung der M\u00fcdigkeit:<\/strong> Lindert M\u00fcdigkeit und spendet Energie.<\/li>\n<li><strong>Stoffwechselunterst\u00fctzung:<\/strong> F\u00f6rdert den normal-Energiestoffwechsel.<\/li>\n<li><strong>Unterst\u00fctzung des Immunsystems:<\/strong> Hilft dabei, die normale Funktion des Immunsystems w\u00e4hrend und nach intensiver k\u00f6rperlicher Aktivit\u00e4t aufrechtzuerhalten.<\/li>\n<\/ul>\n<p><strong>Nat\u00fcrliche Alternative zu Koffein:<\/strong> Vegetology Active Energy ist die perfekte Wahl f\u00fcr alle, die auf Koffein verzichten m\u00f6chten. Schluss mit Kaffee und Energy-Drinks \u2013 unsere Vitamine liefern nat\u00fcrliche und anhaltende Energie.<\/p>\n<p><strong>Die Kraft adaptogener Pflanzen:<\/strong> Adaptogene Kr\u00e4uter wie Rhodiola und Schisandra sind in der traditionellen Medizin f\u00fcr ihre F\u00e4higkeit bekannt, M\u00fcdigkeit zu bek\u00e4mpfen und den K\u00f6rper in Stresssituationen zu unterst\u00fctzen. Sie tragen dazu bei, dass Sie tags\u00fcber energiegeladen bleiben und abends entspannen k\u00f6nnen.<\/p>\n<p><strong>F\u00fcr wen ist das gedacht?<\/strong> Geeignet f\u00fcr alle Altersgruppen, auch f\u00fcr Veganer, Vegetarier und Menschen mit Fisch- und Meeresfr\u00fcchteallergien. Steigert die Energie, unterst\u00fctzt den Stoffwechsel und tr\u00e4gt zur Aufrechterhaltung eines funktionierenden Immunsystems bei \u2013 ideal f\u00fcr die t\u00e4gliche Anwendung zur Bek\u00e4mpfung von M\u00fcdigkeit.<\/p>\n<p><strong>Inhaltsstoffe jeder Kapsel:<\/strong><\/p>\n<ul>\n<li>F\u00fcr die Energiegewinnung ben\u00f6tigte Vitamine und Mineralstoffe: B2, B3, B5, B6, B12, Vitamin C, Fols\u00e4ure und Eisen.<\/li>\n<li>Adaptogene Kr\u00e4uter: Rhodiola und Schisandra.<\/li>\n<\/ul>","protected":false},"excerpt":{"rendered":"<p>Kas otsid kofeiinivaba energiat? Active Energy \u00fchendab energia saamiseks vajalikud vitamiinid nagu B2, B3, B5, B6, B12, C-vitamiin, foolhape ja raud adaptogeensete&hellip;<\/p>","protected":false},"featured_media":8006,"comment_status":"open","ping_status":"closed","template":"","meta":{"wprm-recipe-roundup-name":"","wprm-recipe-roundup-description":""},"product_brand":[12063],"product_cat":[240,318],"product_tag":[340,320,339],"class_list":{"0":"post-8036","1":"product","2":"type-product","3":"status-publish","4":"has-post-thumbnail","6":"product_brand-vegetology","7":"product_cat-allahinnatud","8":"product_cat-vegan-toidulisandid","9":"product_tag-energia","10":"product_tag-toidulisand","11":"product_tag-vasimusevastane","12":"j79_wcxd_expiry_type-best-before","14":"first","15":"outofstock","16":"sale","17":"taxable","18":"shipping-taxable","19":"purchasable","20":"product-type-simple"},"supplier_id":9147,"supplier_sku":"","barcode":"5060351380218","atum_controlled":true,"out_stock_date":null,"out_stock_threshold":null,"inheritable":false,"inbound_stock":0,"stock_on_hold":0,"sold_today":0,"sales_last_days":0,"reserved_stock":0,"customer_returns":0,"warehouse_damage":0,"lost_in_post":0,"other_logs":0,"out_stock_days":0,"lost_sales":0,"has_location":false,"update_date":"2026-04-10T14:29:59","atum_locations":[],"atum_stock_status":"outofstock","restock_status":false,"low_stock_amount":"","sales_update_date":"2026-04-10T14:29:59","calc_backorders":null,"aioseo_notices":[],"_links":{"self":[{"href":"https:\/\/ecoshop.ee\/de\/wp-json\/wp\/v2\/product\/8036","targetHints":{"allow":["GET"]}}],"collection":[{"href":"https:\/\/ecoshop.ee\/de\/wp-json\/wp\/v2\/product"}],"about":[{"href":"https:\/\/ecoshop.ee\/de\/wp-json\/wp\/v2\/types\/product"}],"replies":[{"embeddable":true,"href":"https:\/\/ecoshop.ee\/de\/wp-json\/wp\/v2\/comments?post=8036"}],"version-history":[{"count":0,"href":"https:\/\/ecoshop.ee\/de\/wp-json\/wp\/v2\/product\/8036\/revisions"}],"wp:featuredmedia":[{"embeddable":true,"href":"https:\/\/ecoshop.ee\/de\/wp-json\/wp\/v2\/media\/8006"}],"wp:attachment":[{"href":"https:\/\/ecoshop.ee\/de\/wp-json\/wp\/v2\/media?parent=8036"}],"wp:term":[{"taxonomy":"product_brand","embeddable":true,"href":"https:\/\/ecoshop.ee\/de\/wp-json\/wp\/v2\/product_brand?post=8036"},{"taxonomy":"product_cat","embeddable":true,"href":"https:\/\/ecoshop.ee\/de\/wp-json\/wp\/v2\/product_cat?post=8036"},{"taxonomy":"product_tag","embeddable":true,"href":"https:\/\/ecoshop.ee\/de\/wp-json\/wp\/v2\/product_tag?post=8036"}],"curies":[{"name":"wp","href":"https:\/\/api.w.org\/{rel}","templated":true}]}}