{"id":8040,"date":"2024-09-18T20:36:34","date_gmt":"2024-09-18T17:36:34","guid":{"rendered":"https:\/\/ecoshop.ee\/?post_type=product&#038;p=8040"},"modified":"2026-04-07T13:38:52","modified_gmt":"2026-04-07T10:38:52","slug":"veganes-omega-3-flussigpraparat-geschmacksneutral-150-ml","status":"publish","type":"product","link":"https:\/\/ecoshop.ee\/de\/vegan-toidulisandid\/vegan-omega-3-vedelik-maitseta-150ml\/","title":{"rendered":"Vegane Omega-3-Fl\u00fcssigkeit, geschmacksneutral, 150 ml"},"content":{"rendered":"<p><strong>Opti-3\u00ae Fl\u00fcssigkeit (geschmacksneutral) \u2013 <\/strong>Vegane Omega-3-Fetts\u00e4uren EPA &amp; DHA<\/p>\n<p>Gewonnen aus Mikroalgen. <strong>300 mg EPA<\/strong> &amp; <strong>500 mg DHA<\/strong> + Vitamin D3.<\/p>\n<p>Unser nat\u00fcrliches Omega-3-Pr\u00e4parat 100% wird direkt aus Mikroalgen hergestellt, die in einer eigens daf\u00fcr entwickelten Produktionsanlage gez\u00fcchtet werden. Es bietet alle Vorteile von Omega-3-Fetts\u00e4uren aus Fisch\u00f6l, ohne die Sicherheits- und Nachhaltigkeitsbedenken, die mit Fischprodukten verbunden sind. Es liefert eine hohe Dosis an EPA und DHA, den bioaktiven Formen von Omega-3, die vom K\u00f6rper optimal aufgenommen werden. Geeignet f\u00fcr die ganze Familie!<\/p>\n<p><strong>Hauptvorteile:<\/strong><\/p>\n<ul>\n<li><strong>Kopfarbeit:<\/strong> DHA tr\u00e4gt zur Aufrechterhaltung einer normalen Gehirnfunktion bei.<\/li>\n<li><strong>Unterst\u00fctzung f\u00fcr Sehbehinderte:<\/strong> DHA tr\u00e4gt zur Erhaltung des normalen Sehverm\u00f6gens bei.<\/li>\n<li><strong>Herzgesundheit:<\/strong> EPA und DHA unterst\u00fctzen die normale Herzfunktion.<\/li>\n<\/ul>\n<p><strong>Omega-3 aus Mikroalgen:<\/strong><br \/>\nDie meisten Omega-3-Pr\u00e4parate werden aus nicht nachhaltigem Fisch\u00f6l hergestellt, f\u00fcr dessen Gewinnung bis zu 50 Fische pro Flasche ben\u00f6tigt werden und das Schadstoffe aus den Ozeanen in jede Kapsel gelangt. Tats\u00e4chlich beziehen Fische ihr Omega-3 aus ihrer Nahrung \u2013 Algen \u2013 und produzieren es nicht selbst. Wir haben diesen Zwischenschritt \u00fcbersprungen und eine sicherere, nachhaltigere Alternative aus Mikroalgen entwickelt, die in speziellen Becken gez\u00fcchtet werden.<\/p>\n<p><strong>Geeignet f\u00fcr Kinder:<\/strong><br \/>\nFl\u00fcssiges Omega-3 ist f\u00fcr die ganze Familie geeignet. Es kann mit einem L\u00f6ffel eingenommen oder dem Essen beigemischt werden. F\u00fcr Babys und Kinder bis 2 Jahre empfehlen wir 2,5 ml (einen halben Teel\u00f6ffel).<\/p>\n<p><strong>Wussten Sie?<\/strong><br \/>\nFische produzieren Omega-3-Fetts\u00e4uren nicht selbst, sondern nehmen sie \u00fcber ihre Nahrung \u2013 Algen \u2013 auf. Unser Omega-3-Produkt enth\u00e4lt EPA und DHA in der optimalen Form, die Ihr K\u00f6rper zur Aufnahme und Verwertung ben\u00f6tigt \u2013 genau wie in Fisch. Es ist sogar wirksamer als die meisten Fischpr\u00e4parate!<\/p>\n<p><strong>Was ist in jeder Flasche?<\/strong><br \/>\nIn Oliven\u00f6l gel\u00f6st, liefert eine Tagesdosis von 5 ml mindestens 300 mg EPA und 500 mg DHA sowie 5 \u00b5g (200 IE) pflanzliches Vitamin D3. Dies entspricht insgesamt 835 mg Omega-3-Fetts\u00e4uren. Eine 150-ml-Flasche reicht f\u00fcr einen Monat.<\/p>\n<p>&nbsp;<\/p>\n<p><iframe title=\"Entdecke die Kraft der Algen: Warum @vegetologyuk Omega-3 ein Game-Changer f\u00fcr Gehirn, Herz und Eyes ist!\" width=\"1160\" height=\"653\" src=\"https:\/\/www.youtube.com\/embed\/nzoS4FpDii8?start=1&#038;feature=oembed\" frameborder=\"0\" allow=\"accelerometer; autoplay; clipboard-write; encrypted-media; gyroscope; picture-in-picture; web-share\" referrerpolicy=\"strict-origin-when-cross-origin\" allowfullscreen><\/iframe><\/p>","protected":false},"excerpt":{"rendered":"<p>Opti-3\u00ae Vedelik (Maitseta) &#8211; Vegan Omega-3 EPA &amp; DHA Mikrovetikatest saadud. 300mg EPA &amp; 500mg DHA + Vitamiin D3. Meie 100% looduslik&hellip;<\/p>","protected":false},"featured_media":8013,"comment_status":"open","ping_status":"closed","template":"","meta":{"wprm-recipe-roundup-name":"","wprm-recipe-roundup-description":""},"product_brand":[12063],"product_cat":[318],"product_tag":[319,320],"class_list":{"0":"post-8040","1":"product","2":"type-product","3":"status-publish","4":"has-post-thumbnail","6":"product_brand-vegetology","7":"product_cat-vegan-toidulisandid","8":"product_tag-omega-3","9":"product_tag-toidulisand","10":"j79_wcxd_expiry_type-best-before","12":"first","13":"instock","14":"taxable","15":"shipping-taxable","16":"purchasable","17":"product-type-simple"},"supplier_id":9147,"supplier_sku":"","barcode":"5060351380294","atum_controlled":true,"out_stock_date":null,"out_stock_threshold":null,"inheritable":false,"inbound_stock":0,"stock_on_hold":0,"sold_today":0,"sales_last_days":1,"reserved_stock":0,"customer_returns":0,"warehouse_damage":0,"lost_in_post":0,"other_logs":0,"out_stock_days":0,"lost_sales":0,"has_location":false,"update_date":"2026-04-11T10:48:57","atum_locations":[],"atum_stock_status":"instock","restock_status":false,"low_stock_amount":"","sales_update_date":"2026-04-11T10:48:57","calc_backorders":null,"aioseo_notices":[],"_links":{"self":[{"href":"https:\/\/ecoshop.ee\/de\/wp-json\/wp\/v2\/product\/8040","targetHints":{"allow":["GET"]}}],"collection":[{"href":"https:\/\/ecoshop.ee\/de\/wp-json\/wp\/v2\/product"}],"about":[{"href":"https:\/\/ecoshop.ee\/de\/wp-json\/wp\/v2\/types\/product"}],"replies":[{"embeddable":true,"href":"https:\/\/ecoshop.ee\/de\/wp-json\/wp\/v2\/comments?post=8040"}],"version-history":[{"count":0,"href":"https:\/\/ecoshop.ee\/de\/wp-json\/wp\/v2\/product\/8040\/revisions"}],"wp:featuredmedia":[{"embeddable":true,"href":"https:\/\/ecoshop.ee\/de\/wp-json\/wp\/v2\/media\/8013"}],"wp:attachment":[{"href":"https:\/\/ecoshop.ee\/de\/wp-json\/wp\/v2\/media?parent=8040"}],"wp:term":[{"taxonomy":"product_brand","embeddable":true,"href":"https:\/\/ecoshop.ee\/de\/wp-json\/wp\/v2\/product_brand?post=8040"},{"taxonomy":"product_cat","embeddable":true,"href":"https:\/\/ecoshop.ee\/de\/wp-json\/wp\/v2\/product_cat?post=8040"},{"taxonomy":"product_tag","embeddable":true,"href":"https:\/\/ecoshop.ee\/de\/wp-json\/wp\/v2\/product_tag?post=8040"}],"curies":[{"name":"wp","href":"https:\/\/api.w.org\/{rel}","templated":true}]}}