{"id":8051,"date":"2024-09-18T21:34:26","date_gmt":"2024-09-18T18:34:26","guid":{"rendered":"https:\/\/ecoshop.ee\/?post_type=product&#038;p=8051"},"modified":"2026-05-04T22:10:13","modified_gmt":"2026-05-04T19:10:13","slug":"vitamin-d3-erganzung-2500-ie-n60","status":"publish","type":"product","link":"https:\/\/ecoshop.ee\/de\/vegan-toidulisandid\/vitamiin-d3-toidulisand-2500iu-n60\/","title":{"rendered":"Vitamin-D3-Erg\u00e4nzung 2500 IE, N60"},"content":{"rendered":"<p><strong>Vitamin D3. Aus Flechten gewonnen. Hochdosiert 62,5 \u00b5g (2500 IE)<\/strong><\/p>\n<p>N\u00e4rimistablet mit veganem Vitamin D3. Genie\u00dfen Sie die Vorteile des Sonnenlichts ohne direkte Sonneneinstrahlung. Unser exklusives veganes Vitamin D3 wird aus Flechten gewonnen, einer organischen Pflanzenquelle, die eine optimale Aufnahme gew\u00e4hrleistet und so gesunde Knochen, Muskeln und ein starkes Immunsystem unterst\u00fctzt.<\/p>\n<p><strong>Hauptvorteile:<\/strong><\/p>\n<ul>\n<li><strong>Muskuloskelettale Pflege:<\/strong> Unterst\u00fctzt die Funktion von Knochen, Z\u00e4hnen und Muskeln.<\/li>\n<li><strong>Unterst\u00fctzung des Immunsystems:<\/strong> Tr\u00e4gt zur normalen Funktion des Immunsystems bei.<\/li>\n<li><strong>Kalziumregulation:<\/strong> H\u00e4lt den normal-Blutkalziumspiegel aufrecht.<\/li>\n<\/ul>\n<p><strong>Vitamin D3 aus Flechten:<\/strong><br \/>\nDie meisten Vitamin-D-Pr\u00e4parate basieren auf tierischen Inhaltsstoffen, oft aus Tierhaut oder Schafwolle. Wir haben uns f\u00fcr eine vegane Alternative entschieden. Unser Vitamin D3 stammt aus Flechten \u2013 einer einzigartigen, n\u00e4hrstoffreichen Bio-Pflanze, die ohne sch\u00e4dliche Pestizide, L\u00f6sungsmittel oder Tierversuche hergestellt wird.<\/p>\n<p><strong>Wussten Sie?<\/strong><br \/>\nViele von uns f\u00fchlen sich gl\u00fccklicher und ges\u00fcnder, wenn wir uns in der Sonne aufhalten. Das liegt an dem Vitamin D, das unsere Haut bei UV-Strahlung produziert.<\/p>","protected":false},"excerpt":{"rendered":"<p>Vitamiin D3. Toodetud samblikest. K\u00f5rge tugevus 62,5\u00b5g (2500iu) N\u00e4rimistablett vegan D3-vitamiiniga. Nautige p\u00e4ikesevalguse eeliseid ilma otsese p\u00e4ikese k\u00e4es viibimiseta. Meie eksklusiivne vegan&hellip;<\/p>","protected":false},"featured_media":8019,"comment_status":"open","ping_status":"closed","template":"","meta":{"wprm-recipe-roundup-name":"","wprm-recipe-roundup-description":""},"product_brand":[12063],"product_cat":[318],"product_tag":[320,342],"class_list":{"0":"post-8051","1":"product","2":"type-product","3":"status-publish","4":"has-post-thumbnail","6":"product_brand-vegetology","7":"product_cat-vegan-toidulisandid","8":"product_tag-toidulisand","9":"product_tag-vitamiin-d3","10":"j79_wcxd_expiry_type-best-before","12":"first","13":"instock","14":"taxable","15":"shipping-taxable","16":"purchasable","17":"product-type-simple"},"supplier_id":9147,"supplier_sku":"","barcode":"5060351380133","atum_controlled":true,"out_stock_date":null,"out_stock_threshold":null,"inheritable":false,"inbound_stock":0,"stock_on_hold":0,"sold_today":0,"sales_last_days":2,"reserved_stock":0,"customer_returns":0,"warehouse_damage":0,"lost_in_post":0,"other_logs":0,"out_stock_days":0,"lost_sales":0,"has_location":false,"update_date":"2026-05-08T09:45:59","atum_locations":[],"atum_stock_status":"instock","restock_status":true,"low_stock_amount":"","sales_update_date":"2026-05-08T09:45:59","calc_backorders":null,"aioseo_notices":[],"_links":{"self":[{"href":"https:\/\/ecoshop.ee\/de\/wp-json\/wp\/v2\/product\/8051","targetHints":{"allow":["GET"]}}],"collection":[{"href":"https:\/\/ecoshop.ee\/de\/wp-json\/wp\/v2\/product"}],"about":[{"href":"https:\/\/ecoshop.ee\/de\/wp-json\/wp\/v2\/types\/product"}],"replies":[{"embeddable":true,"href":"https:\/\/ecoshop.ee\/de\/wp-json\/wp\/v2\/comments?post=8051"}],"version-history":[{"count":0,"href":"https:\/\/ecoshop.ee\/de\/wp-json\/wp\/v2\/product\/8051\/revisions"}],"wp:featuredmedia":[{"embeddable":true,"href":"https:\/\/ecoshop.ee\/de\/wp-json\/wp\/v2\/media\/8019"}],"wp:attachment":[{"href":"https:\/\/ecoshop.ee\/de\/wp-json\/wp\/v2\/media?parent=8051"}],"wp:term":[{"taxonomy":"product_brand","embeddable":true,"href":"https:\/\/ecoshop.ee\/de\/wp-json\/wp\/v2\/product_brand?post=8051"},{"taxonomy":"product_cat","embeddable":true,"href":"https:\/\/ecoshop.ee\/de\/wp-json\/wp\/v2\/product_cat?post=8051"},{"taxonomy":"product_tag","embeddable":true,"href":"https:\/\/ecoshop.ee\/de\/wp-json\/wp\/v2\/product_tag?post=8051"}],"curies":[{"name":"wp","href":"https:\/\/api.w.org\/{rel}","templated":true}]}}