{"id":8057,"date":"2024-09-18T22:14:18","date_gmt":"2024-09-18T19:14:18","guid":{"rendered":"https:\/\/ecoshop.ee\/?post_type=product&#038;p=8057"},"modified":"2026-05-11T23:17:32","modified_gmt":"2026-05-11T20:17:32","slug":"nahrungserganzungsmittel-zur-unterstutzung-des-schlafs-n60","status":"publish","type":"product","link":"https:\/\/ecoshop.ee\/de\/vegan-toidulisandid\/und-toetav-toidulisand-n60\/","title":{"rendered":"Nahrungserg\u00e4nzungsmittel zur Unterst\u00fctzung des Schlafs, N60"},"content":{"rendered":"<p><strong>Safran, Ashwagandha, Vit B6, Magnesium, Zink, Zitronenmelisse und L-Theanin<\/strong><\/p>\n<p>Unterst\u00fctzen Sie Ihren gesunden Schlaf. Entspannen Sie sich auf nat\u00fcrliche Weise mit unserer Schlaf-Formel \u2013 einer einzigartigen Kombination aus Vitaminen, Mineralstoffen und aktiven Pflanzenextrakten, die wissenschaftlich entwickelt wurde, um h\u00e4ufige Schlafprobleme wie Angstzust\u00e4nde und Unruhe zu lindern. Sie wirkt beruhigend und entspannend, hilft Ihnen, schnell einzuschlafen und die ganze Nacht \u00fcber einen erholsamen, tiefen Schlaf zu genie\u00dfen \u2013 ohne M\u00fcdigkeit am n\u00e4chsten Tag.<\/p>\n<p><strong>Hauptvorteile:<\/strong><\/p>\n<ul>\n<li><strong>Hormonregulationrimine:<\/strong> Vitamin B6 tr\u00e4gt zur Regulierung der Hormonaktivit\u00e4t bei.<\/li>\n<li><strong>Verringerung der M\u00fcdigkeit:<\/strong> Magnesium hilft, M\u00fcdigkeit und Ersch\u00f6pfung zu verringern.<\/li>\n<li><strong>Kognitive Unterst\u00fctzung:<\/strong> Zink unterst\u00fctzt die kognitive Funktion von normal.<\/li>\n<\/ul>\n<p><strong>Umweltfreundliche Pflanzenextrakte:<\/strong> Alle unsere Pflanzenextrakte stammen von Produktionsstandorten, an denen mehr angebaut als geerntet wird, wodurch unser positiver Einfluss auf die Umwelt sichergestellt wird.<\/p>\n<p><strong>Zielformel:<\/strong> Enth\u00e4lt sorgf\u00e4ltig ausgew\u00e4hlte Vitamine, Mineralstoffe und aktive pflanzliche Inhaltsstoffe wie Gr\u00fcntee-Extrakt, Ashwagandha, Zitronenmelisse und Safran. Die optimale Kombination dieser Inhaltsstoffe sorgt in einer einzigen Kapsel daf\u00fcr, dass K\u00f6rper und Geist am Ende des Tages entspannen und Sie die ganze Nacht \u00fcber tief und gesund schlafen k\u00f6nnen.<\/p>\n<p>Geeignet f\u00fcr Erwachsene und Kinder ab 11 Jahren (aufgrund der Gr\u00f6\u00dfe des Tablets).<\/p>","protected":false},"excerpt":{"rendered":"<p>Safran, Ashwagandha, Vit B6, Magneesium, Tsink, Sidrunmeliss &amp; L-teaniin Toeta enda tervislikku und. L\u00f5dvestu loomulikult meie Sleep Support valemiga \u2013 unikaalne kombinatsioon&hellip;<\/p>","protected":false},"featured_media":9650,"comment_status":"open","ping_status":"closed","template":"","meta":{"wprm-recipe-roundup-name":"","wprm-recipe-roundup-description":""},"product_brand":[12063],"product_cat":[240,318],"product_tag":[320,345,344],"class_list":{"0":"post-8057","1":"product","2":"type-product","3":"status-publish","4":"has-post-thumbnail","6":"product_brand-vegetology","7":"product_cat-allahinnatud","8":"product_cat-vegan-toidulisandid","9":"product_tag-toidulisand","10":"product_tag-und-toetav","11":"product_tag-uni","12":"j79_wcxd_expiry_type-best-before","14":"first","15":"instock","16":"sale","17":"taxable","18":"shipping-taxable","19":"purchasable","20":"product-type-simple"},"supplier_id":9147,"supplier_sku":"","barcode":"5060351380461","atum_controlled":true,"out_stock_date":null,"out_stock_threshold":null,"inheritable":false,"inbound_stock":0,"stock_on_hold":0,"sold_today":0,"sales_last_days":1,"reserved_stock":0,"customer_returns":0,"warehouse_damage":0,"lost_in_post":0,"other_logs":0,"out_stock_days":0,"lost_sales":0,"has_location":false,"update_date":"2026-05-12T21:04:38","atum_locations":[],"atum_stock_status":"instock","restock_status":true,"low_stock_amount":"","sales_update_date":"2026-05-12T21:04:38","calc_backorders":null,"aioseo_notices":[],"_links":{"self":[{"href":"https:\/\/ecoshop.ee\/de\/wp-json\/wp\/v2\/product\/8057","targetHints":{"allow":["GET"]}}],"collection":[{"href":"https:\/\/ecoshop.ee\/de\/wp-json\/wp\/v2\/product"}],"about":[{"href":"https:\/\/ecoshop.ee\/de\/wp-json\/wp\/v2\/types\/product"}],"replies":[{"embeddable":true,"href":"https:\/\/ecoshop.ee\/de\/wp-json\/wp\/v2\/comments?post=8057"}],"version-history":[{"count":1,"href":"https:\/\/ecoshop.ee\/de\/wp-json\/wp\/v2\/product\/8057\/revisions"}],"predecessor-version":[{"id":396015,"href":"https:\/\/ecoshop.ee\/de\/wp-json\/wp\/v2\/product\/8057\/revisions\/396015"}],"wp:featuredmedia":[{"embeddable":true,"href":"https:\/\/ecoshop.ee\/de\/wp-json\/wp\/v2\/media\/9650"}],"wp:attachment":[{"href":"https:\/\/ecoshop.ee\/de\/wp-json\/wp\/v2\/media?parent=8057"}],"wp:term":[{"taxonomy":"product_brand","embeddable":true,"href":"https:\/\/ecoshop.ee\/de\/wp-json\/wp\/v2\/product_brand?post=8057"},{"taxonomy":"product_cat","embeddable":true,"href":"https:\/\/ecoshop.ee\/de\/wp-json\/wp\/v2\/product_cat?post=8057"},{"taxonomy":"product_tag","embeddable":true,"href":"https:\/\/ecoshop.ee\/de\/wp-json\/wp\/v2\/product_tag?post=8057"}],"curies":[{"name":"wp","href":"https:\/\/api.w.org\/{rel}","templated":true}]}}