{"id":8059,"date":"2024-09-18T22:32:08","date_gmt":"2024-09-18T19:32:08","guid":{"rendered":"https:\/\/ecoshop.ee\/?post_type=product&#038;p=8059"},"modified":"2026-05-11T08:57:21","modified_gmt":"2026-05-11T05:57:21","slug":"menopausi-nahrungserganzungsmittel-n60","status":"publish","type":"product","link":"https:\/\/ecoshop.ee\/de\/vegan-toidulisandid\/menopausi-toidulisand-n60\/","title":{"rendered":"Menopaus Nahrungserg\u00e4nzungsmittel, N60"},"content":{"rendered":"<p><strong>T\u00e4gliches Multivitaminpr\u00e4parat mit 23 Vitaminen und Mineralstoffen, darunter Soja-Isoflavone, Salbei und Ashwagandha.<\/strong><\/p>\n<p>Mit den Ver\u00e4nderungen unseres K\u00f6rpers ver\u00e4ndern sich auch unsere N\u00e4hrstoffbed\u00fcrfnisse. Das Nahrungserg\u00e4nzungsmittel Mepausi bietet gezielte Unterst\u00fctzung und wurde wissenschaftlich entwickelt, um ein optimales Gleichgewicht von 23 Vitaminen und Mineralstoffen sowie Soja-Isoflavonen und aktiven Pflanzenextrakten zu gew\u00e4hrleisten. Jede Kapsel kombiniert Inhaltsstoffe, die oft nur einzeln erh\u00e4ltlich sind, und ist darauf ausgelegt, den vielf\u00e4ltigen Auswirkungen von Mepausi und Peripausi entgegenzuwirken, wie z. B. Stimmungsschwankungen, schwachen Knochen und Energielosigkeit. Es wurde entwickelt, um eine optimale Aufnahme und Bioverf\u00fcgbarkeit jedes N\u00e4hrstoffs im K\u00f6rper zu gew\u00e4hrleisten.<\/p>\n<p><strong>Hauptvorteile:<\/strong><\/p>\n<ul>\n<li><strong>Hormonregulationrimine:<\/strong> Hilft bei der Regulierung der Hormonaktivit\u00e4t.<\/li>\n<li><strong>Verringerung der M\u00fcdigkeit:<\/strong> Hilft dabei, M\u00fcdigkeit und Ersch\u00f6pfung zu verringern.<\/li>\n<li><strong>Muskuloskelettale Pflege:<\/strong> Unterst\u00fctzt die normale Funktion von Knochen, Z\u00e4hnen, Haut, Haaren, N\u00e4geln, Muskeln und Sehverm\u00f6gen.<\/li>\n<\/ul>\n<p><strong>Wussten Sie?<\/strong><br \/>\nDie Menopause ist ein nat\u00fcrlicher Lebensabschnitt, in dem die Menstruation einer Frau aufh\u00f6rt. Sie wird diagnostiziert, wenn zw\u00f6lf Monate lang keine Menstruation mehr stattgefunden hat. Dies geschieht \u00fcblicherweise zwischen dem 45. und 55. Lebensjahr, kann aber variieren.<\/p>\n<p>Vegetology Menopaus wurde von unseren Ern\u00e4hrungsexperten auf Basis umfassender Forschung und eines tiefen Verst\u00e4ndnisses der spezifischen N\u00e4hrstoffbed\u00fcrfnisse w\u00e4hrend und nach einer Menopaus entwickelt. Die fortschrittliche Formel enth\u00e4lt ausgew\u00e4hlte und ausgewogene Vitamine und Mineralstoffe sowie Soja-Isoflavone und aktive Pflanzenextrakte f\u00fcr eine gezielte Unterst\u00fctzung.<\/p>\n<p><strong>Jede Kapsel enth\u00e4lt 26 Vitamine und Mineralstoffe sowie Soja-Isoflavone, Salbei und Ashwagandha.<\/strong><\/p>\n<p>Enth\u00e4lt keine Hormone. Unser Nahrungserg\u00e4nzungsmittel Menopaus enth\u00e4lt bew\u00e4hrte Inhaltsstoffe, die Ihnen helfen, sich energiegeladen und konzentriert zu f\u00fchlen, Stress abzubauen und Ihre Stimmung zu verbessern.<\/p>","protected":false},"excerpt":{"rendered":"<p>Igap\u00e4evane multivitamiin koos 23 vitamiini ja mineraaliga, sh soja isoflavoonid, salvei ja ashwagandha. Meie keha muutudes muutuvad ka meie toitumisvajadused. Menopausi toidulisand&hellip;<\/p>","protected":false},"featured_media":8010,"comment_status":"open","ping_status":"closed","template":"","meta":{"wprm-recipe-roundup-name":"","wprm-recipe-roundup-description":""},"product_brand":[12063],"product_cat":[318],"product_tag":[346,320],"class_list":{"0":"post-8059","1":"product","2":"type-product","3":"status-publish","4":"has-post-thumbnail","6":"product_brand-vegetology","7":"product_cat-vegan-toidulisandid","8":"product_tag-menopaus","9":"product_tag-toidulisand","10":"j79_wcxd_expiry_type-best-before","12":"first","13":"instock","14":"taxable","15":"shipping-taxable","16":"purchasable","17":"product-type-simple"},"supplier_id":9147,"supplier_sku":"","barcode":"5060351380447","atum_controlled":true,"out_stock_date":null,"out_stock_threshold":null,"inheritable":false,"inbound_stock":0,"stock_on_hold":0,"sold_today":0,"sales_last_days":3,"reserved_stock":0,"customer_returns":0,"warehouse_damage":0,"lost_in_post":0,"other_logs":0,"out_stock_days":0,"lost_sales":0,"has_location":false,"update_date":"2026-05-13T12:28:12","atum_locations":[],"atum_stock_status":"instock","restock_status":false,"low_stock_amount":"","sales_update_date":"2026-05-13T12:28:12","calc_backorders":null,"aioseo_notices":[],"_links":{"self":[{"href":"https:\/\/ecoshop.ee\/de\/wp-json\/wp\/v2\/product\/8059","targetHints":{"allow":["GET"]}}],"collection":[{"href":"https:\/\/ecoshop.ee\/de\/wp-json\/wp\/v2\/product"}],"about":[{"href":"https:\/\/ecoshop.ee\/de\/wp-json\/wp\/v2\/types\/product"}],"replies":[{"embeddable":true,"href":"https:\/\/ecoshop.ee\/de\/wp-json\/wp\/v2\/comments?post=8059"}],"version-history":[{"count":0,"href":"https:\/\/ecoshop.ee\/de\/wp-json\/wp\/v2\/product\/8059\/revisions"}],"wp:featuredmedia":[{"embeddable":true,"href":"https:\/\/ecoshop.ee\/de\/wp-json\/wp\/v2\/media\/8010"}],"wp:attachment":[{"href":"https:\/\/ecoshop.ee\/de\/wp-json\/wp\/v2\/media?parent=8059"}],"wp:term":[{"taxonomy":"product_brand","embeddable":true,"href":"https:\/\/ecoshop.ee\/de\/wp-json\/wp\/v2\/product_brand?post=8059"},{"taxonomy":"product_cat","embeddable":true,"href":"https:\/\/ecoshop.ee\/de\/wp-json\/wp\/v2\/product_cat?post=8059"},{"taxonomy":"product_tag","embeddable":true,"href":"https:\/\/ecoshop.ee\/de\/wp-json\/wp\/v2\/product_tag?post=8059"}],"curies":[{"name":"wp","href":"https:\/\/api.w.org\/{rel}","templated":true}]}}