{"id":8446,"date":"2024-10-23T18:56:21","date_gmt":"2024-10-23T15:56:21","guid":{"rendered":"https:\/\/ecoshop.ee\/?post_type=product&#038;p=8446"},"modified":"2025-12-25T20:16:13","modified_gmt":"2025-12-25T17:16:13","slug":"clearspring-bio-sushi-reis-500-g","status":"publish","type":"product","link":"https:\/\/ecoshop.ee\/de\/sushi-koostisosad\/clearspring-mahe-sushi-riis-500g\/","title":{"rendered":"Clearspring Bio-Sushi-Reis, 500 g"},"content":{"rendered":"<p>Clearspring Bio-Sushi-Reis eignet sich ideal f\u00fcr die Zubereitung von k\u00f6stlichem, perfekt gekochtem Reis f\u00fcr Japans ber\u00fchmtestes Gericht, Sushi. Der kurzk\u00f6rnige Selenio-Reis ist dem Japonica-Reis, der in japanischem Sushi verwendet wird, sehr \u00e4hnlich. Er wird in der italienischen Region Piemont biologisch angebaut, wo auch der ber\u00fchmte Risotto-Reis gez\u00fcchtet wird.<\/p>\n<p>Nach der Reifung wird der Reis in einer \u00f6rtlichen M\u00fchle namens Trino perfekt poliert. Um wei\u00dfen Reis herzustellen, werden die Schichten unter der Spelze entfernt, sodass haupts\u00e4chlich das st\u00e4rkehaltige Endosperm zur\u00fcckbleibt.<\/p>\n<p><strong>Vorbereitung:<\/strong><\/p>\n<p>250 g Sushi-Reis in kaltem Wasser absp\u00fclen und abtropfen lassen. Den Reis mit 310 ml kaltem Wasser in einen Topf geben und 30 Minuten einweichen lassen. Zum Kochen bringen, abdecken und die Hitze reduzieren. 10\u201312 Minuten k\u00f6cheln lassen, bis das gesamte Wasser aufgesogen ist. Vom Herd nehmen und abgedeckt 10 Minuten ruhen lassen.<\/p>","protected":false},"excerpt":{"rendered":"<p>Clearspringi mahe sushi riis on ideaalne maitsva ja t\u00e4iuslikult k\u00fcpsetatud riisi valmistamiseks, mida saab kasutada Jaapani kuulsaimas roas, sushis. L\u00fchiteraline Selenio riis&hellip;<\/p>","protected":false},"featured_media":8448,"comment_status":"open","ping_status":"closed","template":"","meta":{"wprm-recipe-roundup-name":"","wprm-recipe-roundup-description":""},"product_brand":[12018],"product_cat":[348,303],"product_tag":[297,354,350],"class_list":{"0":"post-8446","1":"product","2":"type-product","3":"status-publish","4":"has-post-thumbnail","6":"product_brand-clearspring","7":"product_cat-sushi-koostisosad","8":"product_cat-mahetooted","9":"product_tag-mahe","10":"product_tag-riis","11":"product_tag-sushi","12":"j79_wcxd_expiry_type-best-before","14":"first","15":"instock","16":"taxable","17":"shipping-taxable","18":"purchasable","19":"product-type-simple"},"supplier_id":9160,"supplier_sku":"","barcode":"5021554986362","atum_controlled":true,"out_stock_date":null,"out_stock_threshold":null,"inheritable":false,"inbound_stock":0,"stock_on_hold":0,"sold_today":0,"sales_last_days":0,"reserved_stock":0,"customer_returns":0,"warehouse_damage":0,"lost_in_post":0,"other_logs":0,"out_stock_days":0,"lost_sales":0,"has_location":false,"update_date":"2026-03-07T01:16:11","atum_locations":[],"atum_stock_status":"instock","restock_status":false,"low_stock_amount":"","sales_update_date":"2026-03-07T01:16:11","calc_backorders":null,"aioseo_notices":[],"_links":{"self":[{"href":"https:\/\/ecoshop.ee\/de\/wp-json\/wp\/v2\/product\/8446","targetHints":{"allow":["GET"]}}],"collection":[{"href":"https:\/\/ecoshop.ee\/de\/wp-json\/wp\/v2\/product"}],"about":[{"href":"https:\/\/ecoshop.ee\/de\/wp-json\/wp\/v2\/types\/product"}],"replies":[{"embeddable":true,"href":"https:\/\/ecoshop.ee\/de\/wp-json\/wp\/v2\/comments?post=8446"}],"version-history":[{"count":0,"href":"https:\/\/ecoshop.ee\/de\/wp-json\/wp\/v2\/product\/8446\/revisions"}],"wp:featuredmedia":[{"embeddable":true,"href":"https:\/\/ecoshop.ee\/de\/wp-json\/wp\/v2\/media\/8448"}],"wp:attachment":[{"href":"https:\/\/ecoshop.ee\/de\/wp-json\/wp\/v2\/media?parent=8446"}],"wp:term":[{"taxonomy":"product_brand","embeddable":true,"href":"https:\/\/ecoshop.ee\/de\/wp-json\/wp\/v2\/product_brand?post=8446"},{"taxonomy":"product_cat","embeddable":true,"href":"https:\/\/ecoshop.ee\/de\/wp-json\/wp\/v2\/product_cat?post=8446"},{"taxonomy":"product_tag","embeddable":true,"href":"https:\/\/ecoshop.ee\/de\/wp-json\/wp\/v2\/product_tag?post=8446"}],"curies":[{"name":"wp","href":"https:\/\/api.w.org\/{rel}","templated":true}]}}