{"id":8502,"date":"2024-10-23T21:12:17","date_gmt":"2024-10-23T18:12:17","guid":{"rendered":"https:\/\/ecoshop.ee\/?post_type=product&#038;p=8502"},"modified":"2025-12-25T20:16:13","modified_gmt":"2025-12-25T17:16:13","slug":"japanische-bio-yaemon-tamari-sojasauce-150-ml","status":"publish","type":"product","link":"https:\/\/ecoshop.ee\/de\/piimad-ja-maarded\/jaapani-mahe-yaemon-tamari-sojakaste-150ml\/","title":{"rendered":"Japanische Bio-Yaemon-Tamari-Sojasauce, 150 ml"},"content":{"rendered":"<p>Clearspring Bio-Tamari ist eine glutenfreie, extra starke Sojasauce aus ganzen Bio-Sojabohnen. Durch die doppelte Menge an Sojabohnen pro Flasche im Vergleich zu herk\u00f6mmlichen Sojasaucen erzielt sie einen weicheren, ausgewogeneren Geschmack. Sie wird nach einem 500 Jahre alten Rezept hergestellt und zwei Sommer lang in Zedernholzf\u00e4ssern nat\u00fcrlich fermentiert und gereift. Clearspring Tamari Sojasauce ist preisgekr\u00f6nt f\u00fcr ihren reichhaltigen, komplexen, konzentrierten und dennoch nicht aufdringlichen Geschmack. Sie eignet sich perfekt als Dip, als Begleitung zu Sushi und Sashimi und ist eine hervorragende Erg\u00e4nzung f\u00fcr Salatdressings, Marinaden, Saucen, Wokgerichte und gekochtes Gem\u00fcse.<\/p>\n<ul>\n<li>Reichhaltiger und vollmundiger Geschmack<\/li>\n<li>Glutenfrei, milchfrei, laktosefrei und vegan<\/li>\n<\/ul>\n<p>Clearspring Tamari ist die beste Wahl f\u00fcr hohe Qualit\u00e4t und authentischen japanischen Geschmack.<\/p>","protected":false},"excerpt":{"rendered":"<p>Clearspringi Bio-Tamari ist eine glutenfreie, doppelt konzentrierte Sojasauce aus ganzen Bio-Sojabohnen. F\u00fcr jede Flasche wird die doppelte Menge Sojabohnen verwendet\u2026<\/p>","protected":false},"featured_media":8503,"comment_status":"open","ping_status":"closed","template":"","meta":{"wprm-recipe-roundup-name":"","wprm-recipe-roundup-description":""},"product_brand":[],"product_cat":[325,303,302],"product_tag":[296,297,353,359],"class_list":{"0":"post-8502","1":"product","2":"type-product","3":"status-publish","4":"has-post-thumbnail","6":"product_cat-piimad-ja-maarded","7":"product_cat-mahetooted","8":"product_cat-gluteenivaba","9":"product_tag-gluteenivaba","10":"product_tag-mahe","11":"product_tag-sojakaste","12":"product_tag-tamari","13":"j79_wcxd_expiry_type-expiry-date","15":"first","16":"instock","17":"taxable","18":"shipping-taxable","19":"purchasable","20":"product-type-simple"},"supplier_id":9160,"supplier_sku":"","barcode":"5021554984931","atum_controlled":true,"out_stock_date":null,"out_stock_threshold":null,"inheritable":false,"inbound_stock":0,"stock_on_hold":0,"sold_today":0,"sales_last_days":0,"reserved_stock":0,"customer_returns":0,"warehouse_damage":0,"lost_in_post":0,"other_logs":0,"out_stock_days":0,"lost_sales":0,"has_location":false,"update_date":"2026-03-07T01:16:11","atum_locations":[],"atum_stock_status":"instock","restock_status":false,"low_stock_amount":"","sales_update_date":"2026-03-07T01:16:11","calc_backorders":null,"aioseo_notices":[],"_links":{"self":[{"href":"https:\/\/ecoshop.ee\/de\/wp-json\/wp\/v2\/product\/8502","targetHints":{"allow":["GET"]}}],"collection":[{"href":"https:\/\/ecoshop.ee\/de\/wp-json\/wp\/v2\/product"}],"about":[{"href":"https:\/\/ecoshop.ee\/de\/wp-json\/wp\/v2\/types\/product"}],"replies":[{"embeddable":true,"href":"https:\/\/ecoshop.ee\/de\/wp-json\/wp\/v2\/comments?post=8502"}],"version-history":[{"count":0,"href":"https:\/\/ecoshop.ee\/de\/wp-json\/wp\/v2\/product\/8502\/revisions"}],"wp:featuredmedia":[{"embeddable":true,"href":"https:\/\/ecoshop.ee\/de\/wp-json\/wp\/v2\/media\/8503"}],"wp:attachment":[{"href":"https:\/\/ecoshop.ee\/de\/wp-json\/wp\/v2\/media?parent=8502"}],"wp:term":[{"taxonomy":"product_brand","embeddable":true,"href":"https:\/\/ecoshop.ee\/de\/wp-json\/wp\/v2\/product_brand?post=8502"},{"taxonomy":"product_cat","embeddable":true,"href":"https:\/\/ecoshop.ee\/de\/wp-json\/wp\/v2\/product_cat?post=8502"},{"taxonomy":"product_tag","embeddable":true,"href":"https:\/\/ecoshop.ee\/de\/wp-json\/wp\/v2\/product_tag?post=8502"}],"curies":[{"name":"wp","href":"https:\/\/api.w.org\/{rel}","templated":true}]}}