{"id":8517,"date":"2024-10-24T00:02:34","date_gmt":"2024-10-23T21:02:34","guid":{"rendered":"https:\/\/ecoshop.ee\/?post_type=product&#038;p=8517"},"modified":"2025-12-25T20:16:14","modified_gmt":"2025-12-25T17:16:14","slug":"glutenfreie-vollkornnudeln-aus-braunem-reis-mit-kinoa-und-amaranth","status":"publish","type":"product","link":"https:\/\/ecoshop.ee\/de\/pastad-ja-nuudlid\/gluteenivaba-pruuni-riisi-taisterapasta-kinoa-ja-amarantiga\/","title":{"rendered":"Glutenfreie Vollkornnudeln aus braunem Reis mit Kinoa und Amaranth, 250 g"},"content":{"rendered":"<p>Clearspring Bio-Vollkorn-Penne werden aus einer Mischung aus braunem Reismehl und den von Natur aus glutenfreien Urgetreiden Sorghum und Amarant sowie Bio-Mais aus Europa hergestellt. Diese fein gew\u00fcrzten Penne werden in Italien von M\u00fcllerfamilien in zweiter Generation produziert, haben eine bissfeste Konsistenz und passen hervorragend zu Ihren Lieblingssaucen.<\/p>\n<ul>\n<li>Glutenfrei<\/li>\n<li>Faserquelle<\/li>\n<li>Fettarm<\/li>\n<li>Niedriger Salzgehalt<\/li>\n<li>GVO-frei<\/li>\n<\/ul>\n<p><strong>Vorbereitung:<\/strong><\/p>\n<p>Bringen Sie reichlich Wasser mit einer Prise Salz zum Kochen. Geben Sie 80 g Nudeln pro Portion hinzu. Kochen Sie die Nudeln 7 Minuten lang f\u00fcr perfekt al dente, dabei gelegentlich umr\u00fchren. F\u00fcr weichere Nudeln kochen Sie sie eine Minute l\u00e4nger. Gie\u00dfen Sie die Nudeln in ein Sieb ab und servieren Sie sie sofort mit Ihrer Lieblingssauce.<\/p>\n<p>Serviervorschlag: Vollkornreisnudeln mit Kichererbsen und Amarant eignen sich auch hervorragend als Salatbasis. Nach dem Kochen unter kaltem, flie\u00dfendem Wasser absp\u00fclen und mit frischen Zutaten und einer Sauce Ihrer Wahl vermengen.**<\/p>","protected":false},"excerpt":{"rendered":"<p>Clearspringi mahe penne t\u00e4isterapasta on valmistatud pruuni riisijahu ja looduslikult gluteenivabade iidsete teraviljade kinoa ja amarandi segust ning mahedast Euroopa maisist. Valmistatud&hellip;<\/p>","protected":false},"featured_media":8519,"comment_status":"open","ping_status":"closed","template":"","meta":{"wprm-recipe-roundup-name":"","wprm-recipe-roundup-description":""},"product_brand":[],"product_cat":[363,303,302],"product_tag":[296,297,365,364,366],"class_list":{"0":"post-8517","1":"product","2":"type-product","3":"status-publish","4":"has-post-thumbnail","6":"product_cat-pastad-ja-nuudlid","7":"product_cat-mahetooted","8":"product_cat-gluteenivaba","9":"product_tag-gluteenivaba","10":"product_tag-mahe","11":"product_tag-pasta","12":"product_tag-penne","13":"product_tag-taisterapasta","14":"j79_wcxd_expiry_type-expiry-date","16":"first","17":"outofstock","18":"taxable","19":"shipping-taxable","20":"purchasable","21":"product-type-simple"},"supplier_id":9160,"supplier_sku":"","barcode":"5021554003557","atum_controlled":true,"out_stock_date":"2025-09-20 00:09:51","out_stock_threshold":null,"inheritable":false,"inbound_stock":0,"stock_on_hold":0,"sold_today":0,"sales_last_days":0,"reserved_stock":0,"customer_returns":0,"warehouse_damage":0,"lost_in_post":0,"other_logs":0,"out_stock_days":168,"lost_sales":0,"has_location":false,"update_date":"2026-03-07T01:16:11","atum_locations":[],"atum_stock_status":"outofstock","restock_status":false,"low_stock_amount":"","sales_update_date":"2026-03-07T01:16:11","calc_backorders":null,"aioseo_notices":[],"_links":{"self":[{"href":"https:\/\/ecoshop.ee\/de\/wp-json\/wp\/v2\/product\/8517","targetHints":{"allow":["GET"]}}],"collection":[{"href":"https:\/\/ecoshop.ee\/de\/wp-json\/wp\/v2\/product"}],"about":[{"href":"https:\/\/ecoshop.ee\/de\/wp-json\/wp\/v2\/types\/product"}],"replies":[{"embeddable":true,"href":"https:\/\/ecoshop.ee\/de\/wp-json\/wp\/v2\/comments?post=8517"}],"version-history":[{"count":0,"href":"https:\/\/ecoshop.ee\/de\/wp-json\/wp\/v2\/product\/8517\/revisions"}],"wp:featuredmedia":[{"embeddable":true,"href":"https:\/\/ecoshop.ee\/de\/wp-json\/wp\/v2\/media\/8519"}],"wp:attachment":[{"href":"https:\/\/ecoshop.ee\/de\/wp-json\/wp\/v2\/media?parent=8517"}],"wp:term":[{"taxonomy":"product_brand","embeddable":true,"href":"https:\/\/ecoshop.ee\/de\/wp-json\/wp\/v2\/product_brand?post=8517"},{"taxonomy":"product_cat","embeddable":true,"href":"https:\/\/ecoshop.ee\/de\/wp-json\/wp\/v2\/product_cat?post=8517"},{"taxonomy":"product_tag","embeddable":true,"href":"https:\/\/ecoshop.ee\/de\/wp-json\/wp\/v2\/product_tag?post=8517"}],"curies":[{"name":"wp","href":"https:\/\/api.w.org\/{rel}","templated":true}]}}