{"id":8623,"date":"2024-10-25T23:18:29","date_gmt":"2024-10-25T20:18:29","guid":{"rendered":"https:\/\/ecoshop.ee\/?post_type=product&#038;p=8623"},"modified":"2026-04-22T19:15:51","modified_gmt":"2026-04-22T16:15:51","slug":"bio-matcha-grunteepulver-aus-japan-premium-qualitat-40-g","status":"publish","type":"product","link":"https:\/\/ecoshop.ee\/de\/teed-ja-kuumad-joogid\/mahe-jaapani-matcha-rohelise-tee-pulber-premium-klass-40g\/","title":{"rendered":"Bio-Matcha-Gr\u00fcnteepulver aus Japan \u2013 Premium-Qualit\u00e4t, 40 g"},"content":{"rendered":"<div class=\"flex max-w-full flex-col flex-grow\">\n<div class=\"min-h-8 text-message flex w-full flex-col items-end gap-2 whitespace-normal break-words [.text-message+&amp;]:mt-5\" dir=\"auto\" data-message-author-role=\"assistant\" data-message-id=\"8d0712ab-755e-49b1-a2b5-a8b224a38d4b\" data-message-model-slug=\"gpt-4o\">\n<div class=\"flex w-full flex-col gap-1 empty:hidden first:pt-[3px]\">\n<div class=\"markdown prose w-full break-words dark:prose-invert dark\">\n<p>Matcha on peeneks jahvatatud erkroheline teepulber, valmistatud k\u00f5rgeima kvaliteediga Jaapani teelehtedest. Clearspringi orgaaniline premium Matcha rohelise tee pulber p\u00e4rineb Uji piirkonnast Kyoto m\u00e4gede k\u00f5rgustest, mis on tuntud parimate Jaapani teede poolest. Ainult jalgsi ligip\u00e4\u00e4setavas puutumatus piirkonnas kasvav matcha on looduslikult kaitstud kahjurite vastu, ilma liigsete v\u00e4etiste ja pestitsiidideta. Viimastel kuudel kasvatatakse varjus, et lehed saaksid t\u00e4ituda klorof\u00fclliga. Parimad noored teepungad korjatakse, kuivatatakse ja jahvatatakse graniitveskis.<\/p>\n<p><b>Valmistamine:<\/b><\/p>\n<p><strong>Klassikaline Matcha<\/strong>:<\/p>\n<ol>\n<li>V\u00f5ta \u00bc teelusikat (1g) Matcha pulbrit ja lisa kuuma vett, mis pole p\u00e4ris keema l\u00e4inud, et s\u00e4ilitada kasulikud omadused.<\/li>\n<li>Vahusta p\u00f5hjalikult bambusvispli v\u00f5i k\u00e4eshoitava vahustajaga, et v\u00e4ltida t\u00fckke.<\/li>\n<\/ol>\n<p><strong>Jaapani teetseremoonia<\/strong>:<\/p>\n<ol>\n<li>Kuumuta kauss veega, t\u00fchjenda ja kuivata.<\/li>\n<li>Lisa 1\u00bd kuhjaga bambuskulbit\u00e4it Matcha pulbrit.<\/li>\n<li>Lisa 50-60 ml kuuma vett (70-80\u00b0C). Vahusta kiiresti &#8220;W&#8221; liigutusega kuni tekib vaht.<\/li>\n<li>Lisa maitse j\u00e4rgi rohkem vett ja naudi siidist maitset.<\/li>\n<\/ol>\n<p><strong>Vanilli Matcha Latte<\/strong>:<\/p>\n<ul>\n<li>Sega 1g Matcha k\u00fclma veega ja lisa kuum vanilli sojapiim, vahustades. Sobib ka vanilli riisi- v\u00f5i mandlipiim.<\/li>\n<\/ul>\n<p><strong>Matcha Smuuti<\/strong>: Blenderda ja naudi:<\/p>\n<ul>\n<li>200 ml orgaanilist sojapiima, riisi- v\u00f5i mandlipiima<\/li>\n<li>1 spl Clearspringi linnasesiirupit<\/li>\n<li>1 tl Clearspring Matcha pulbrit<\/li>\n<li>1 banaan (v\u00f5i muud v\u00e4rsked v\u00f5i k\u00fclmutatud puuviljad)<\/li>\n<li>J\u00e4\u00e4kuubikud<\/li>\n<\/ul>\n<\/div>\n<\/div>\n<\/div>\n<\/div>\n","protected":false},"excerpt":{"rendered":"<p>Matcha on peeneks jahvatatud erkroheline teepulber, valmistatud k\u00f5rgeima kvaliteediga Jaapani teelehtedest. Clearspringi orgaaniline premium Matcha rohelise tee pulber p\u00e4rineb Uji piirkonnast Kyoto&hellip;<\/p>","protected":false},"featured_media":8624,"comment_status":"open","ping_status":"closed","template":"","meta":{"wprm-recipe-roundup-name":"","wprm-recipe-roundup-description":""},"product_brand":[],"product_cat":[390],"product_tag":[297,278,298],"class_list":{"0":"post-8623","1":"product","2":"type-product","3":"status-publish","4":"has-post-thumbnail","6":"product_cat-teed-ja-kuumad-joogid","7":"product_tag-mahe","8":"product_tag-matcha","9":"product_tag-roheline-tee","10":"j79_wcxd_expiry_type-best-before","12":"first","13":"outofstock","14":"taxable","15":"shipping-taxable","16":"purchasable","17":"product-type-simple"},"supplier_id":9160,"supplier_sku":"","barcode":"5021554988519","atum_controlled":true,"out_stock_date":"2026-04-22 19:15:51","out_stock_threshold":null,"inheritable":false,"inbound_stock":0,"stock_on_hold":0,"sold_today":0,"sales_last_days":2,"reserved_stock":0,"customer_returns":0,"warehouse_damage":0,"lost_in_post":0,"other_logs":0,"out_stock_days":5,"lost_sales":25,"has_location":false,"update_date":"2026-04-28T06:25:56","atum_locations":[],"atum_stock_status":"outofstock","restock_status":false,"low_stock_amount":"","sales_update_date":"2026-04-28T06:25:56","calc_backorders":null,"aioseo_notices":[],"_links":{"self":[{"href":"https:\/\/ecoshop.ee\/de\/wp-json\/wp\/v2\/product\/8623","targetHints":{"allow":["GET"]}}],"collection":[{"href":"https:\/\/ecoshop.ee\/de\/wp-json\/wp\/v2\/product"}],"about":[{"href":"https:\/\/ecoshop.ee\/de\/wp-json\/wp\/v2\/types\/product"}],"replies":[{"embeddable":true,"href":"https:\/\/ecoshop.ee\/de\/wp-json\/wp\/v2\/comments?post=8623"}],"version-history":[{"count":0,"href":"https:\/\/ecoshop.ee\/de\/wp-json\/wp\/v2\/product\/8623\/revisions"}],"wp:featuredmedia":[{"embeddable":true,"href":"https:\/\/ecoshop.ee\/de\/wp-json\/wp\/v2\/media\/8624"}],"wp:attachment":[{"href":"https:\/\/ecoshop.ee\/de\/wp-json\/wp\/v2\/media?parent=8623"}],"wp:term":[{"taxonomy":"product_brand","embeddable":true,"href":"https:\/\/ecoshop.ee\/de\/wp-json\/wp\/v2\/product_brand?post=8623"},{"taxonomy":"product_cat","embeddable":true,"href":"https:\/\/ecoshop.ee\/de\/wp-json\/wp\/v2\/product_cat?post=8623"},{"taxonomy":"product_tag","embeddable":true,"href":"https:\/\/ecoshop.ee\/de\/wp-json\/wp\/v2\/product_tag?post=8623"}],"curies":[{"name":"wp","href":"https:\/\/api.w.org\/{rel}","templated":true}]}}