{"id":8873,"date":"2024-11-01T20:45:30","date_gmt":"2024-11-01T17:45:30","guid":{"rendered":"https:\/\/ecoshop.ee\/?post_type=product&#038;p=8873"},"modified":"2025-12-25T19:35:24","modified_gmt":"2025-12-25T16:35:24","slug":"dunner-korkkartenhalter-2","status":"publish","type":"product","link":"https:\/\/ecoshop.ee\/de\/rahakotid\/ohuke-korgist-kaarditasku-2\/","title":{"rendered":"Schmaler Korkkartenhalter"},"content":{"rendered":"<p>Ein minimalistisches, umweltfreundliches Kartenetui aus Kork, erh\u00e4ltlich in drei eleganten Farben: Natur, Schwarz und Braun. Dieses Kartenetui ist ideal f\u00fcr alle, die Wert auf Schlichtheit, Nachhaltigkeit und Stil legen. Das praktische Design umfasst Kartenf\u00e4cher auf beiden Seiten f\u00fcr bis zu acht Karten sowie ein zentrales Fach f\u00fcr Geldscheine \u2013 f\u00fcr schnellen und einfachen Zugriff.<\/p>\n<p><strong>Abmessungen:<\/strong><\/p>\n<ul>\n<li>L\u00e4nge: 12 cm<\/li>\n<li>Breite: 9 cm<\/li>\n<li>Dicke: 0,2 cm<\/li>\n<\/ul>","protected":false},"excerpt":{"rendered":"<p>Minimalistliku disainiga keskkonnas\u00f5bralik korgist kaarditasku, saadaval kolmes elegantses v\u00e4rvitoonis\u2014naturaalne, must ja pruun. See kaarditasku sobib ideaalselt neile, kes hindavad lihtsust, j\u00e4tkusuutlikkust ja&hellip;<\/p>","protected":false},"featured_media":8877,"comment_status":"open","ping_status":"closed","template":"","meta":{"wprm-recipe-roundup-name":"","wprm-recipe-roundup-description":""},"product_brand":[],"product_cat":[241],"product_tag":[258],"class_list":{"0":"post-8873","1":"product","2":"type-product","3":"status-publish","4":"has-post-thumbnail","6":"product_cat-rahakotid","7":"product_tag-kaarditasku","9":"first","10":"instock","11":"taxable","12":"shipping-taxable","13":"purchasable","14":"product-type-variable"},"supplier_id":null,"supplier_sku":"","barcode":null,"atum_controlled":true,"out_stock_date":null,"out_stock_threshold":null,"inheritable":false,"inbound_stock":0,"stock_on_hold":0,"sold_today":0,"sales_last_days":0,"reserved_stock":0,"customer_returns":0,"warehouse_damage":0,"lost_in_post":0,"other_logs":0,"out_stock_days":0,"lost_sales":0,"has_location":false,"update_date":"2026-03-07T01:16:03","atum_locations":[],"atum_stock_status":"instock","restock_status":false,"low_stock_amount":"","sales_update_date":"2026-03-07T01:16:03","calc_backorders":null,"aioseo_notices":[],"_links":{"self":[{"href":"https:\/\/ecoshop.ee\/de\/wp-json\/wp\/v2\/product\/8873","targetHints":{"allow":["GET"]}}],"collection":[{"href":"https:\/\/ecoshop.ee\/de\/wp-json\/wp\/v2\/product"}],"about":[{"href":"https:\/\/ecoshop.ee\/de\/wp-json\/wp\/v2\/types\/product"}],"replies":[{"embeddable":true,"href":"https:\/\/ecoshop.ee\/de\/wp-json\/wp\/v2\/comments?post=8873"}],"version-history":[{"count":0,"href":"https:\/\/ecoshop.ee\/de\/wp-json\/wp\/v2\/product\/8873\/revisions"}],"wp:featuredmedia":[{"embeddable":true,"href":"https:\/\/ecoshop.ee\/de\/wp-json\/wp\/v2\/media\/8877"}],"wp:attachment":[{"href":"https:\/\/ecoshop.ee\/de\/wp-json\/wp\/v2\/media?parent=8873"}],"wp:term":[{"taxonomy":"product_brand","embeddable":true,"href":"https:\/\/ecoshop.ee\/de\/wp-json\/wp\/v2\/product_brand?post=8873"},{"taxonomy":"product_cat","embeddable":true,"href":"https:\/\/ecoshop.ee\/de\/wp-json\/wp\/v2\/product_cat?post=8873"},{"taxonomy":"product_tag","embeddable":true,"href":"https:\/\/ecoshop.ee\/de\/wp-json\/wp\/v2\/product_tag?post=8873"}],"curies":[{"name":"wp","href":"https:\/\/api.w.org\/{rel}","templated":true}]}}