{"id":9035,"date":"2024-11-04T18:54:43","date_gmt":"2024-11-04T15:54:43","guid":{"rendered":"https:\/\/ecoshop.ee\/?post_type=product&#038;p=9035"},"modified":"2026-04-15T03:00:03","modified_gmt":"2026-04-15T00:00:03","slug":"kurkuma-100-g","status":"publish","type":"product","link":"https:\/\/ecoshop.ee\/de\/maitseained\/kurkum-100g\/","title":{"rendered":"Kurkuma, 100 g"},"content":{"rendered":"<p>Die Essenz der indischen K\u00fcche liegt in den Gew\u00fcrzen, und Kurkuma ist ein Klassiker. Hochwertiger indischer Kurkuma verleiht Ihren Gerichten ein warmes, holziges und zart blumiges Aroma und eignet sich perfekt f\u00fcr Gem\u00fcse, Reis und Salatdressings.<\/p>\n<p>Kurkuma ist eine unverzichtbare Zutat in traditionellen indischen Gerichten, insbesondere in Currys, und bietet die perfekte Harmonie aus Sch\u00e4rfe, Aroma und einer leicht s\u00fc\u00dflichen Note. Verfeinern Sie Suppen, Smoothies oder frisch gepresste S\u00e4fte damit und verleihen Sie Ihren Mahlzeiten einen authentisch indischen Geschmack.<\/p>","protected":false},"excerpt":{"rendered":"<p>Die Essenz der indischen K\u00fcche liegt in den Gew\u00fcrzen, und Kurkuma ist ein Klassiker. Hochwertiger indischer Kurkuma verleiht Ihren Gerichten ein warmes, holziges und zart blumiges Aroma\u2026<\/p>","protected":false},"featured_media":9036,"comment_status":"open","ping_status":"closed","template":"","meta":{"wprm-recipe-roundup-name":"","wprm-recipe-roundup-description":""},"product_brand":[],"product_cat":[388],"product_tag":[277],"class_list":{"0":"post-9035","1":"product","2":"type-product","3":"status-publish","4":"has-post-thumbnail","6":"product_cat-maitseained","7":"product_tag-kurkum","8":"j79_wcxd_expiry_type-best-before","10":"first","11":"outofstock","12":"taxable","13":"shipping-taxable","14":"purchasable","15":"product-type-simple"},"supplier_id":9137,"supplier_sku":"","barcode":"4260028480079","atum_controlled":true,"out_stock_date":null,"out_stock_threshold":null,"inheritable":false,"inbound_stock":0,"stock_on_hold":0,"sold_today":0,"sales_last_days":0,"reserved_stock":0,"customer_returns":0,"warehouse_damage":0,"lost_in_post":0,"other_logs":0,"out_stock_days":0,"lost_sales":0,"has_location":false,"update_date":"2026-03-07T01:16:04","atum_locations":[],"atum_stock_status":"instock","restock_status":false,"low_stock_amount":"","sales_update_date":"2026-03-07T01:16:04","calc_backorders":null,"aioseo_notices":[],"_links":{"self":[{"href":"https:\/\/ecoshop.ee\/de\/wp-json\/wp\/v2\/product\/9035","targetHints":{"allow":["GET"]}}],"collection":[{"href":"https:\/\/ecoshop.ee\/de\/wp-json\/wp\/v2\/product"}],"about":[{"href":"https:\/\/ecoshop.ee\/de\/wp-json\/wp\/v2\/types\/product"}],"replies":[{"embeddable":true,"href":"https:\/\/ecoshop.ee\/de\/wp-json\/wp\/v2\/comments?post=9035"}],"version-history":[{"count":0,"href":"https:\/\/ecoshop.ee\/de\/wp-json\/wp\/v2\/product\/9035\/revisions"}],"wp:featuredmedia":[{"embeddable":true,"href":"https:\/\/ecoshop.ee\/de\/wp-json\/wp\/v2\/media\/9036"}],"wp:attachment":[{"href":"https:\/\/ecoshop.ee\/de\/wp-json\/wp\/v2\/media?parent=9035"}],"wp:term":[{"taxonomy":"product_brand","embeddable":true,"href":"https:\/\/ecoshop.ee\/de\/wp-json\/wp\/v2\/product_brand?post=9035"},{"taxonomy":"product_cat","embeddable":true,"href":"https:\/\/ecoshop.ee\/de\/wp-json\/wp\/v2\/product_cat?post=9035"},{"taxonomy":"product_tag","embeddable":true,"href":"https:\/\/ecoshop.ee\/de\/wp-json\/wp\/v2\/product_tag?post=9035"}],"curies":[{"name":"wp","href":"https:\/\/api.w.org\/{rel}","templated":true}]}}