{"id":9038,"date":"2024-11-04T19:03:21","date_gmt":"2024-11-04T16:03:21","guid":{"rendered":"https:\/\/ecoshop.ee\/?post_type=product&#038;p=9038"},"modified":"2026-05-11T22:27:08","modified_gmt":"2026-05-11T19:27:08","slug":"100-g-zerstosene-chiliflocken-extra-scharf","status":"publish","type":"product","link":"https:\/\/ecoshop.ee\/de\/maitseained\/purustatud-tsilli-ekstra-tugev-100g\/","title":{"rendered":"Zerkleinerte Chilischoten, extra scharf, 100 g"},"content":{"rendered":"<p>Das w\u00fcrzige Herzst\u00fcck der indischen K\u00fcche sind zersto\u00dfene Chilischoten, die Gerichten eine besondere Sch\u00e4rfe und Tiefe verleihen. Diese hochwertigen indischen Chilischoten geben Currys und Marinaden Authentizit\u00e4t und W\u00fcrze und passen hervorragend zu fast allem, was eine sch\u00e4rfere Note vertragen kann.<\/p>\n<p>Chili geh\u00f6rt zu den weltweit am h\u00e4ufigsten verwendeten Gew\u00fcrzen und ist besonders in Indien beliebt. Verfeinern Sie Ihre Gerichte damit und erleben Sie die wahre Kraft und den Reichtum der indischen K\u00fcche. Komplett vegan und perfekt f\u00fcr alle, die es gerne richtig scharf m\u00f6gen!<\/p>","protected":false},"excerpt":{"rendered":"<p>Das w\u00fcrzige Herzst\u00fcck der indischen K\u00fcche sind zersto\u00dfene Chilischoten, die den Gerichten eine besondere Sch\u00e4rfe und Tiefe verleihen. Diese hochwertigen indischen Chilischoten sorgen f\u00fcr Authentizit\u00e4t und W\u00fcrze\u2026<\/p>","protected":false},"featured_media":9042,"comment_status":"open","ping_status":"closed","template":"","meta":{"wprm-recipe-roundup-name":"","wprm-recipe-roundup-description":""},"product_brand":[],"product_cat":[388],"product_tag":[409,427],"class_list":{"0":"post-9038","1":"product","2":"type-product","3":"status-publish","4":"has-post-thumbnail","6":"product_cat-maitseained","7":"product_tag-maitseaine","8":"product_tag-tsilli","9":"j79_wcxd_expiry_type-best-before","11":"first","12":"instock","13":"taxable","14":"shipping-taxable","15":"purchasable","16":"product-type-simple"},"supplier_id":9137,"supplier_sku":"","barcode":"4260028480017","atum_controlled":true,"out_stock_date":null,"out_stock_threshold":null,"inheritable":false,"inbound_stock":0,"stock_on_hold":0,"sold_today":0,"sales_last_days":1,"reserved_stock":0,"customer_returns":0,"warehouse_damage":0,"lost_in_post":0,"other_logs":0,"out_stock_days":0,"lost_sales":0,"has_location":false,"update_date":"2026-05-13T15:06:55","atum_locations":[],"atum_stock_status":"instock","restock_status":false,"low_stock_amount":"","sales_update_date":"2026-05-13T15:06:55","calc_backorders":null,"aioseo_notices":[],"_links":{"self":[{"href":"https:\/\/ecoshop.ee\/de\/wp-json\/wp\/v2\/product\/9038","targetHints":{"allow":["GET"]}}],"collection":[{"href":"https:\/\/ecoshop.ee\/de\/wp-json\/wp\/v2\/product"}],"about":[{"href":"https:\/\/ecoshop.ee\/de\/wp-json\/wp\/v2\/types\/product"}],"replies":[{"embeddable":true,"href":"https:\/\/ecoshop.ee\/de\/wp-json\/wp\/v2\/comments?post=9038"}],"version-history":[{"count":0,"href":"https:\/\/ecoshop.ee\/de\/wp-json\/wp\/v2\/product\/9038\/revisions"}],"wp:featuredmedia":[{"embeddable":true,"href":"https:\/\/ecoshop.ee\/de\/wp-json\/wp\/v2\/media\/9042"}],"wp:attachment":[{"href":"https:\/\/ecoshop.ee\/de\/wp-json\/wp\/v2\/media?parent=9038"}],"wp:term":[{"taxonomy":"product_brand","embeddable":true,"href":"https:\/\/ecoshop.ee\/de\/wp-json\/wp\/v2\/product_brand?post=9038"},{"taxonomy":"product_cat","embeddable":true,"href":"https:\/\/ecoshop.ee\/de\/wp-json\/wp\/v2\/product_cat?post=9038"},{"taxonomy":"product_tag","embeddable":true,"href":"https:\/\/ecoshop.ee\/de\/wp-json\/wp\/v2\/product_tag?post=9038"}],"curies":[{"name":"wp","href":"https:\/\/api.w.org\/{rel}","templated":true}]}}