{"id":9074,"date":"2024-11-05T18:26:59","date_gmt":"2024-11-05T15:26:59","guid":{"rendered":"https:\/\/ecoshop.ee\/?post_type=product&#038;p=9074"},"modified":"2026-04-14T00:45:09","modified_gmt":"2026-04-13T21:45:09","slug":"augenbrauentrimmer-und-dermaplaner-klingen-rimise-20-stuck","status":"publish","type":"product","link":"https:\/\/ecoshop.ee\/de\/raseerimistarvikud\/kulmude-piiraja-ja-dermaplaneerimise-terad-20tk\/","title":{"rendered":"Augenbrauentrimmer und Dermaplaning-Klingen rimise, 20 St\u00fcck"},"content":{"rendered":"<p>Diese speziell entwickelten Klingen f\u00fcr die Augenbrauenrasur passen perfekt in unseren Augenbrauentrimmer und bieten eine einzigartige, plastikfreie L\u00f6sung. Hergestellt aus hochwertigem schwedischem Edelstahl, halten die Klingen bis zu 10 Anwendungen und garantieren h\u00f6chste Pr\u00e4zision und Langlebigkeit.<\/p>\n<p><strong>Das Set beinhaltet:<\/strong><\/p>\n<ul>\n<li>20 Augenbrauen- und Dermaplaning-Behandlungen rimistera (verpackt in vier F\u00fcnferpackungen in einer gr\u00f6\u00dferen Schachtel).<\/li>\n<\/ul>\n<p><strong>Achtung!<\/strong> Diese Klingen sind nicht f\u00fcr die Verwendung mit unseren Standardrasierern oder Augenbrauentrimmern anderer Hersteller geeignet.<\/p>","protected":false},"excerpt":{"rendered":"<p>Need spetsiaalselt disainitud kulmude raseerimise terad sobivad sujuvalt meie kulmupiirajasse, pakkudes ainulaadset plastikuvaba lahendust. K\u00f5rge kvaliteediga Rootsi roostevabast terasest valmistatud terad kestavad&hellip;<\/p>","protected":false},"featured_media":9075,"comment_status":"open","ping_status":"closed","template":"","meta":{"wprm-recipe-roundup-name":"","wprm-recipe-roundup-description":""},"product_brand":[12064],"product_cat":[281],"product_tag":[430,431,191],"class_list":{"0":"post-9074","1":"product","2":"type-product","3":"status-publish","4":"has-post-thumbnail","6":"product_brand-jungle-culture","7":"product_cat-raseerimistarvikud","8":"product_tag-dermaplaneerimine","9":"product_tag-kulmud","10":"product_tag-terad","12":"first","13":"instock","14":"taxable","15":"shipping-taxable","16":"purchasable","17":"product-type-simple"},"supplier_id":9133,"supplier_sku":"","barcode":null,"atum_controlled":true,"out_stock_date":null,"out_stock_threshold":null,"inheritable":false,"inbound_stock":0,"stock_on_hold":0,"sold_today":0,"sales_last_days":0,"reserved_stock":0,"customer_returns":0,"warehouse_damage":0,"lost_in_post":0,"other_logs":0,"out_stock_days":0,"lost_sales":0,"has_location":false,"update_date":"2026-04-13T21:45:10","atum_locations":[],"atum_stock_status":"instock","restock_status":false,"low_stock_amount":"","sales_update_date":"2026-03-07T01:16:14","calc_backorders":null,"aioseo_notices":[],"_links":{"self":[{"href":"https:\/\/ecoshop.ee\/de\/wp-json\/wp\/v2\/product\/9074","targetHints":{"allow":["GET"]}}],"collection":[{"href":"https:\/\/ecoshop.ee\/de\/wp-json\/wp\/v2\/product"}],"about":[{"href":"https:\/\/ecoshop.ee\/de\/wp-json\/wp\/v2\/types\/product"}],"replies":[{"embeddable":true,"href":"https:\/\/ecoshop.ee\/de\/wp-json\/wp\/v2\/comments?post=9074"}],"version-history":[{"count":0,"href":"https:\/\/ecoshop.ee\/de\/wp-json\/wp\/v2\/product\/9074\/revisions"}],"wp:featuredmedia":[{"embeddable":true,"href":"https:\/\/ecoshop.ee\/de\/wp-json\/wp\/v2\/media\/9075"}],"wp:attachment":[{"href":"https:\/\/ecoshop.ee\/de\/wp-json\/wp\/v2\/media?parent=9074"}],"wp:term":[{"taxonomy":"product_brand","embeddable":true,"href":"https:\/\/ecoshop.ee\/de\/wp-json\/wp\/v2\/product_brand?post=9074"},{"taxonomy":"product_cat","embeddable":true,"href":"https:\/\/ecoshop.ee\/de\/wp-json\/wp\/v2\/product_cat?post=9074"},{"taxonomy":"product_tag","embeddable":true,"href":"https:\/\/ecoshop.ee\/de\/wp-json\/wp\/v2\/product_tag?post=9074"}],"curies":[{"name":"wp","href":"https:\/\/api.w.org\/{rel}","templated":true}]}}