{"id":9078,"date":"2024-11-05T18:51:09","date_gmt":"2024-11-05T15:51:09","guid":{"rendered":"https:\/\/ecoshop.ee\/?post_type=product&#038;p=9078"},"modified":"2026-04-14T00:43:06","modified_gmt":"2026-04-13T21:43:06","slug":"augenbrauentrimmer-und-dermaplaner-mit-5-klingen","status":"publish","type":"product","link":"https:\/\/ecoshop.ee\/de\/raseerijad\/kulmude-piiraja-ja-dermaplaneerija-5-tera\/","title":{"rendered":"Augenbrauentrimmer und Dermaplaner + 5 Klingen"},"content":{"rendered":"<p>Unser wiederverwendbarer Augenbrauentrimmer aus Metall eignet sich perfekt zum einfachen Entfernen und Formen von Gesichtshaaren. Er ist auch f\u00fcr Dermaplaning (Hautpeeling) geeignet und somit ein effektives und vielseitiges Werkzeug. Der Augenbrauentrimmer wird mit f\u00fcnf Edelstahlklingen geliefert und kommt ohne Kunststoffaufs\u00e4tze aus \u2013 dadurch ist der 100% plastikfrei, unendlich oft recycelbar und umweltfreundlich.<\/p>\n<p>Zus\u00e4tzliche Klingen k\u00f6nnen erworben werden <a href=\"https:\/\/ecoshop.ee\/de\/schwangerrimisaccessories\/augenbrauentrimmer-und-dermaplaner-klingen-rimise-20-stuck\/\" target=\"_blank\" rel=\"noopener\"><strong>Hier.<\/strong><\/a><\/p>\n<p><strong>Das Set beinhaltet:<\/strong><\/p>\n<ul>\n<li>1 x Augenbrauentrimmer aus Metall<\/li>\n<li>1 x 5-Klingen-Packung (plastikfrei)<\/li>\n<li>1 x Silikon-Klingenschutz<\/li>\n<\/ul>\n<p><strong>Produktspezifikationen:<\/strong><\/p>\n<ul>\n<li>Gewicht: 80 g<\/li>\n<li>Abmessungen: 16 cm x 6,7 cm x 1,9 cm<\/li>\n<\/ul>\n<p><strong>Materialien<\/strong>:<\/p>\n<ul>\n<li>Messinglegierung, verchromt<\/li>\n<\/ul>","protected":false},"excerpt":{"rendered":"<p>Meie korduvkasutatav metallist kulmude piiraja sobib t\u00e4iuslikult n\u00e4okarvade lihtsaks eemaldamiseks v\u00f5i kujundamiseks. Lisaks sobib see ka dermaplaneerimiseks (naha koorimiseks), olles t\u00f5hus ja&hellip;<\/p>","protected":false},"featured_media":9081,"comment_status":"open","ping_status":"closed","template":"","meta":{"wprm-recipe-roundup-name":"","wprm-recipe-roundup-description":""},"product_brand":[12064],"product_cat":[280],"product_tag":[431,432],"class_list":{"0":"post-9078","1":"product","2":"type-product","3":"status-publish","4":"has-post-thumbnail","6":"product_brand-jungle-culture","7":"product_cat-raseerijad","8":"product_tag-kulmud","9":"product_tag-kulmude-piiraja","11":"first","12":"instock","13":"taxable","14":"shipping-taxable","15":"purchasable","16":"product-type-variable"},"supplier_id":null,"supplier_sku":"","barcode":null,"atum_controlled":true,"out_stock_date":null,"out_stock_threshold":null,"inheritable":true,"inbound_stock":0,"stock_on_hold":0,"sold_today":0,"sales_last_days":0,"reserved_stock":0,"customer_returns":0,"warehouse_damage":0,"lost_in_post":0,"other_logs":0,"out_stock_days":0,"lost_sales":0,"has_location":false,"update_date":"2026-04-13T21:43:07","atum_locations":[],"atum_stock_status":"instock","restock_status":false,"low_stock_amount":"","sales_update_date":"2026-03-07T01:16:14","calc_backorders":null,"aioseo_notices":[],"_links":{"self":[{"href":"https:\/\/ecoshop.ee\/de\/wp-json\/wp\/v2\/product\/9078","targetHints":{"allow":["GET"]}}],"collection":[{"href":"https:\/\/ecoshop.ee\/de\/wp-json\/wp\/v2\/product"}],"about":[{"href":"https:\/\/ecoshop.ee\/de\/wp-json\/wp\/v2\/types\/product"}],"replies":[{"embeddable":true,"href":"https:\/\/ecoshop.ee\/de\/wp-json\/wp\/v2\/comments?post=9078"}],"version-history":[{"count":0,"href":"https:\/\/ecoshop.ee\/de\/wp-json\/wp\/v2\/product\/9078\/revisions"}],"wp:featuredmedia":[{"embeddable":true,"href":"https:\/\/ecoshop.ee\/de\/wp-json\/wp\/v2\/media\/9081"}],"wp:attachment":[{"href":"https:\/\/ecoshop.ee\/de\/wp-json\/wp\/v2\/media?parent=9078"}],"wp:term":[{"taxonomy":"product_brand","embeddable":true,"href":"https:\/\/ecoshop.ee\/de\/wp-json\/wp\/v2\/product_brand?post=9078"},{"taxonomy":"product_cat","embeddable":true,"href":"https:\/\/ecoshop.ee\/de\/wp-json\/wp\/v2\/product_cat?post=9078"},{"taxonomy":"product_tag","embeddable":true,"href":"https:\/\/ecoshop.ee\/de\/wp-json\/wp\/v2\/product_tag?post=9078"}],"curies":[{"name":"wp","href":"https:\/\/api.w.org\/{rel}","templated":true}]}}