{"id":9096,"date":"2024-11-05T21:33:40","date_gmt":"2024-11-05T18:33:40","guid":{"rendered":"https:\/\/ecoshop.ee\/?post_type=product&#038;p=9096"},"modified":"2026-04-14T00:43:01","modified_gmt":"2026-04-13T21:43:01","slug":"ergonoomical-metallrasierer-mit-10-klingen","status":"publish","type":"product","link":"https:\/\/ecoshop.ee\/de\/raseerijad\/ergonoomiline-metallist-raseerija-10-tera\/","title":{"rendered":"Ergonoomical Metallrasierer + 10 Klingen"},"content":{"rendered":"<p>Unser wiederverwendbarer Rasierer aus ros\u00e9goldenem Metall ist f\u00fcr Damen und Herren gleicherma\u00dfen geeignet und bietet ein pr\u00e4zise gefertigtes, komfortables und abfallfreies Rasiererlebnis. Eine nachhaltige und plastikfreie L\u00f6sung f\u00fcr alle, die Wert auf hochwertige und umweltfreundliche Rasur legen. Jeder Rasierer verf\u00fcgt \u00fcber einen strukturierten Griff und ein ergonomisches Design f\u00fcr sicheren Halt und m\u00fcheloses Rasieren auch an schwer erreichbaren Stellen. Wir empfehlen au\u00dferdem den Kauf dieses St\u00e4nders zur praktischen Aufbewahrung. <a href=\"https:\/\/ecoshop.ee\/de\/rasierer\/metallist-raseerija-alus-jamedam\/\" target=\"_blank\" rel=\"noopener\">klicken Sie hier!<\/a><\/p>\n<p>&nbsp;<\/p>\n<p><strong>Das Set beinhaltet:<\/strong><\/p>\n<ul>\n<li>1 x Metallrasierer (Ros\u00e9gold)<\/li>\n<li>10-teiliges Klingenset<\/li>\n<li>1 x Aufbewahrungsbox aus Kraftpapier<\/li>\n<\/ul>\n<p><strong>Produktspezifikationen:<\/strong><\/p>\n<ul>\n<li>Gewicht: 210 g<\/li>\n<li>Abmessungen: 15 cm x 7,1 cm x 4,6 cm<\/li>\n<\/ul>\n<p><strong>Materialien<\/strong>:<\/p>\n<ul>\n<li>Messinglegierung, verchromt<\/li>\n<\/ul>","protected":false},"excerpt":{"rendered":"<p>Meie korduvkasutatav roosakuldne metallist raseerija on m\u00f5eldud nii meestele kui naistele, pakkudes t\u00e4pselt viimistletud ja mugavat nullj\u00e4\u00e4tmete raseerimiskogemust. Kestlik ja plastivaba lahendus&hellip;<\/p>","protected":false},"featured_media":9097,"comment_status":"open","ping_status":"closed","template":"","meta":{"wprm-recipe-roundup-name":"","wprm-recipe-roundup-description":""},"product_brand":[12064],"product_cat":[280],"product_tag":[190],"class_list":{"0":"post-9096","1":"product","2":"type-product","3":"status-publish","4":"has-post-thumbnail","6":"product_brand-jungle-culture","7":"product_cat-raseerijad","8":"product_tag-raseerija","10":"first","11":"outofstock","12":"taxable","13":"shipping-taxable","14":"purchasable","15":"product-type-simple"},"supplier_id":9133,"supplier_sku":"","barcode":null,"atum_controlled":true,"out_stock_date":"2025-12-14 19:56:02","out_stock_threshold":null,"inheritable":false,"inbound_stock":0,"stock_on_hold":0,"sold_today":0,"sales_last_days":0,"reserved_stock":0,"customer_returns":0,"warehouse_damage":0,"lost_in_post":0,"other_logs":0,"out_stock_days":120,"lost_sales":350,"has_location":false,"update_date":"2026-04-13T21:43:02","atum_locations":[],"atum_stock_status":"outofstock","restock_status":false,"low_stock_amount":"","sales_update_date":"2026-03-07T01:16:14","calc_backorders":null,"aioseo_notices":[],"_links":{"self":[{"href":"https:\/\/ecoshop.ee\/de\/wp-json\/wp\/v2\/product\/9096","targetHints":{"allow":["GET"]}}],"collection":[{"href":"https:\/\/ecoshop.ee\/de\/wp-json\/wp\/v2\/product"}],"about":[{"href":"https:\/\/ecoshop.ee\/de\/wp-json\/wp\/v2\/types\/product"}],"replies":[{"embeddable":true,"href":"https:\/\/ecoshop.ee\/de\/wp-json\/wp\/v2\/comments?post=9096"}],"version-history":[{"count":0,"href":"https:\/\/ecoshop.ee\/de\/wp-json\/wp\/v2\/product\/9096\/revisions"}],"wp:featuredmedia":[{"embeddable":true,"href":"https:\/\/ecoshop.ee\/de\/wp-json\/wp\/v2\/media\/9097"}],"wp:attachment":[{"href":"https:\/\/ecoshop.ee\/de\/wp-json\/wp\/v2\/media?parent=9096"}],"wp:term":[{"taxonomy":"product_brand","embeddable":true,"href":"https:\/\/ecoshop.ee\/de\/wp-json\/wp\/v2\/product_brand?post=9096"},{"taxonomy":"product_cat","embeddable":true,"href":"https:\/\/ecoshop.ee\/de\/wp-json\/wp\/v2\/product_cat?post=9096"},{"taxonomy":"product_tag","embeddable":true,"href":"https:\/\/ecoshop.ee\/de\/wp-json\/wp\/v2\/product_tag?post=9096"}],"curies":[{"name":"wp","href":"https:\/\/api.w.org\/{rel}","templated":true}]}}