{"id":9100,"date":"2024-11-05T21:47:52","date_gmt":"2024-11-05T18:47:52","guid":{"rendered":"https:\/\/ecoshop.ee\/?post_type=product&#038;p=9100"},"modified":"2026-04-14T00:42:56","modified_gmt":"2026-04-13T21:42:56","slug":"ergonoomic-metallrasierer","status":"publish","type":"product","link":"https:\/\/ecoshop.ee\/de\/raseerijad\/ergonoomiline-metallist-raseerija\/","title":{"rendered":"Ergonoomic Metallrasierer"},"content":{"rendered":"<p>Unser wiederverwendbarer Rasierer aus schwarzem Metall ist f\u00fcr Damen und Herren gleicherma\u00dfen geeignet und bietet ein pr\u00e4zise gefertigtes, komfortables und abfallfreies Rasiererlebnis. Eine nachhaltige und plastikfreie L\u00f6sung f\u00fcr alle, die Wert auf hochwertige und umweltfreundliche Rasur legen. Jeder Rasierer verf\u00fcgt \u00fcber einen strukturierten Griff und ein ergonomisches Design, das f\u00fcr sicheren Halt sorgt und die Rasur auch an schwer erreichbaren Stellen erleichtert. Wir empfehlen Ihnen, diesen St\u00e4nder zur praktischen Aufbewahrung zu erwerben: <a href=\"https:\/\/ecoshop.ee\/de\/rasierer\/metallist-raseerija-alus-jamedam\/\" target=\"_blank\" rel=\"noopener\">klicken Sie hier!<\/a><\/p>\n<p>&nbsp;<\/p>\n<p><strong>Das Set beinhaltet:<\/strong><\/p>\n<ul>\n<li>1 x Metallrasierer (Schwarz)<\/li>\n<li>1 x Jute-Reisetasche<\/li>\n<li>1 x Klinge aus Edelstahl<\/li>\n<li>1 x Aufbewahrungsbox aus Kraftpapier mit Magnetverschluss<\/li>\n<\/ul>\n<p><strong>Produktspezifikationen:<\/strong><\/p>\n<ul>\n<li>Gewicht: 210 g<\/li>\n<li>Abmessungen: 15 cm x 7,1 cm x 4,6 cm<\/li>\n<\/ul>\n<p><strong>Materialien<\/strong>:<\/p>\n<ul>\n<li>Messinglegierung, verchromt<\/li>\n<\/ul>","protected":false},"excerpt":{"rendered":"<p>Meie korduvkasutatav must metallist raseerija on m\u00f5eldud nii meestele kui naistele, pakkudes t\u00e4pselt viimistletud ja mugavat nullj\u00e4\u00e4tmete raseerimiskogemust. Kestlik ja plastikuvaba lahendus&hellip;<\/p>","protected":false},"featured_media":9101,"comment_status":"open","ping_status":"closed","template":"","meta":{"wprm-recipe-roundup-name":"","wprm-recipe-roundup-description":""},"product_brand":[12064],"product_cat":[280],"product_tag":[190],"class_list":{"0":"post-9100","1":"product","2":"type-product","3":"status-publish","4":"has-post-thumbnail","6":"product_brand-jungle-culture","7":"product_cat-raseerijad","8":"product_tag-raseerija","10":"first","11":"instock","12":"taxable","13":"shipping-taxable","14":"purchasable","15":"product-type-simple"},"supplier_id":9133,"supplier_sku":"","barcode":null,"atum_controlled":true,"out_stock_date":null,"out_stock_threshold":null,"inheritable":false,"inbound_stock":0,"stock_on_hold":0,"sold_today":0,"sales_last_days":0,"reserved_stock":0,"customer_returns":0,"warehouse_damage":0,"lost_in_post":0,"other_logs":0,"out_stock_days":0,"lost_sales":0,"has_location":false,"update_date":"2026-04-13T21:42:57","atum_locations":[],"atum_stock_status":"instock","restock_status":false,"low_stock_amount":"","sales_update_date":"2026-03-07T01:16:14","calc_backorders":null,"aioseo_notices":[],"_links":{"self":[{"href":"https:\/\/ecoshop.ee\/de\/wp-json\/wp\/v2\/product\/9100","targetHints":{"allow":["GET"]}}],"collection":[{"href":"https:\/\/ecoshop.ee\/de\/wp-json\/wp\/v2\/product"}],"about":[{"href":"https:\/\/ecoshop.ee\/de\/wp-json\/wp\/v2\/types\/product"}],"replies":[{"embeddable":true,"href":"https:\/\/ecoshop.ee\/de\/wp-json\/wp\/v2\/comments?post=9100"}],"version-history":[{"count":0,"href":"https:\/\/ecoshop.ee\/de\/wp-json\/wp\/v2\/product\/9100\/revisions"}],"wp:featuredmedia":[{"embeddable":true,"href":"https:\/\/ecoshop.ee\/de\/wp-json\/wp\/v2\/media\/9101"}],"wp:attachment":[{"href":"https:\/\/ecoshop.ee\/de\/wp-json\/wp\/v2\/media?parent=9100"}],"wp:term":[{"taxonomy":"product_brand","embeddable":true,"href":"https:\/\/ecoshop.ee\/de\/wp-json\/wp\/v2\/product_brand?post=9100"},{"taxonomy":"product_cat","embeddable":true,"href":"https:\/\/ecoshop.ee\/de\/wp-json\/wp\/v2\/product_cat?post=9100"},{"taxonomy":"product_tag","embeddable":true,"href":"https:\/\/ecoshop.ee\/de\/wp-json\/wp\/v2\/product_tag?post=9100"}],"curies":[{"name":"wp","href":"https:\/\/api.w.org\/{rel}","templated":true}]}}