{"id":9112,"date":"2024-11-05T22:18:19","date_gmt":"2024-11-05T19:18:19","guid":{"rendered":"https:\/\/ecoshop.ee\/?post_type=product&#038;p=9112"},"modified":"2025-12-14T20:14:58","modified_gmt":"2025-12-14T17:14:58","slug":"breitere-metall-rasierklingenbasis","status":"publish","type":"product","link":"https:\/\/ecoshop.ee\/de\/raseerijad\/metallist-raseerija-alus-laiem\/","title":{"rendered":"Rasiererst\u00e4nder aus Metall (breitere \u00d6ffnung)"},"content":{"rendered":"<p>Unser Rasiererst\u00e4nder aus Metall sorgt f\u00fcr Ordnung in Ihrem Badezimmer, indem er Ihrem Rasierer einen stabilen und stilvollen Platz bietet. Der St\u00e4nder ist farblich und von der Gr\u00f6\u00dfe her pr\u00e4zise gestaltet und hat ein Gewicht, das f\u00fcr sicheren Halt sorgt. Der Alused wird in einer schlichten und umweltfreundlichen Kraftpapierbox geliefert. Hinweis: Der Rasierer muss separat erworben werden. Der St\u00e4nder ist geeignet f\u00fcr <strong><a href=\"https:\/\/ecoshop.ee\/de\/rasierer\/ergonoomical-metallrasierer-mit-10-klingen\/?_gl=1*1belosa*_up*MQ..*_ga*MTY3MjE1OTIxLjE3MzA4MzA3NjM.*_ga_Y9PRLEL9G3*MTczMDgzMDc2My4xLjEuMTczMDgzMzg4Ni4wLjAuMzgyNDAwNDk3\" target=\"_blank\" rel=\"noopener\">zum Rasiermessermodell.<\/a><\/strong><\/p>\n<p><strong>Das Set beinhaltet:<\/strong><\/p>\n<ul>\n<li>1 x Rasiererst\u00e4nder (schwarz\/rosa)<\/li>\n<li>1 x Kraftpapierbox<\/li>\n<\/ul>\n<p><strong>Produktspezifikationen:<\/strong><\/p>\n<ul>\n<li>Gewicht: 68 g<\/li>\n<li>Abmessungen: 5 cm x 5 cm x 5 cm<\/li>\n<\/ul>\n<p><strong>Materialien<\/strong>:<\/p>\n<ul>\n<li>Messinglegierung, verchromt<\/li>\n<\/ul>","protected":false},"excerpt":{"rendered":"<p>Meie metallist raseerija alus aitab hoida vannitoa korras ja organiseerituna, pakkudes stabiilset ja stiilset paika sinu raseerijale. Alus on v\u00e4rvi ja suuruse&hellip;<\/p>","protected":false},"featured_media":9114,"comment_status":"open","ping_status":"closed","template":"","meta":{"wprm-recipe-roundup-name":"","wprm-recipe-roundup-description":""},"product_brand":[],"product_cat":[280],"product_tag":[290],"class_list":{"0":"post-9112","1":"product","2":"type-product","3":"status-publish","4":"has-post-thumbnail","6":"product_cat-raseerijad","7":"product_tag-raseerija-alus","9":"first","10":"instock","11":"taxable","12":"shipping-taxable","13":"purchasable","14":"product-type-variable"},"supplier_id":null,"supplier_sku":"","barcode":null,"atum_controlled":true,"out_stock_date":null,"out_stock_threshold":null,"inheritable":false,"inbound_stock":0,"stock_on_hold":0,"sold_today":0,"sales_last_days":0,"reserved_stock":0,"customer_returns":0,"warehouse_damage":0,"lost_in_post":0,"other_logs":0,"out_stock_days":0,"lost_sales":0,"has_location":false,"update_date":"2026-03-07T01:16:14","atum_locations":[],"atum_stock_status":"instock","restock_status":false,"low_stock_amount":"","sales_update_date":"2026-03-07T01:16:14","calc_backorders":null,"aioseo_notices":[],"_links":{"self":[{"href":"https:\/\/ecoshop.ee\/de\/wp-json\/wp\/v2\/product\/9112","targetHints":{"allow":["GET"]}}],"collection":[{"href":"https:\/\/ecoshop.ee\/de\/wp-json\/wp\/v2\/product"}],"about":[{"href":"https:\/\/ecoshop.ee\/de\/wp-json\/wp\/v2\/types\/product"}],"replies":[{"embeddable":true,"href":"https:\/\/ecoshop.ee\/de\/wp-json\/wp\/v2\/comments?post=9112"}],"version-history":[{"count":0,"href":"https:\/\/ecoshop.ee\/de\/wp-json\/wp\/v2\/product\/9112\/revisions"}],"wp:featuredmedia":[{"embeddable":true,"href":"https:\/\/ecoshop.ee\/de\/wp-json\/wp\/v2\/media\/9114"}],"wp:attachment":[{"href":"https:\/\/ecoshop.ee\/de\/wp-json\/wp\/v2\/media?parent=9112"}],"wp:term":[{"taxonomy":"product_brand","embeddable":true,"href":"https:\/\/ecoshop.ee\/de\/wp-json\/wp\/v2\/product_brand?post=9112"},{"taxonomy":"product_cat","embeddable":true,"href":"https:\/\/ecoshop.ee\/de\/wp-json\/wp\/v2\/product_cat?post=9112"},{"taxonomy":"product_tag","embeddable":true,"href":"https:\/\/ecoshop.ee\/de\/wp-json\/wp\/v2\/product_tag?post=9112"}],"curies":[{"name":"wp","href":"https:\/\/api.w.org\/{rel}","templated":true}]}}