{"id":105280,"date":"2025-04-09T20:13:28","date_gmt":"2025-04-09T18:13:28","guid":{"rendered":"https:\/\/ecoshop.ee\/?post_type=product&#038;p=105280"},"modified":"2025-04-09T20:13:29","modified_gmt":"2025-04-09T18:13:29","slug":"banjara-tribal-incenses-sweet-grass","status":"publish","type":"product","link":"https:\/\/ecoshop.ee\/en\/viirukid\/banjara-tribal-viirukid-magushein\/","title":{"rendered":"Banjara Tribal Incense \u2013 Magushein"},"content":{"rendered":"<p class=\"\" data-start=\"150\" data-end=\"350\">Banjara Tribal Incense takes you on a journey of natural scents, inspired by ancient cleansing practices and spiritual rituals. Each box contains a deep sense of connection and connection to the energies of the earth.<\/p>\n<p class=\"\" data-start=\"352\" data-end=\"618\">Sweetgrass is known for its delicate, sweet, and earthy scent, which is used to cleanse spaces, attract positive energy, and create peace. Its calming aroma creates a relaxing and supportive atmosphere for both meditation and everyday well-being.<\/p>\n<ul>\n<li data-start=\"620\" data-end=\"793\">100% natural composition<\/li>\n<li data-start=\"620\" data-end=\"793\">Handmade according to old traditions<\/li>\n<li data-start=\"620\" data-end=\"793\">A calming and balancing scent for mental well-being<\/li>\n<li data-start=\"620\" data-end=\"793\">Quantity per package: 10 incense sticks<\/li>\n<\/ul>","protected":false},"excerpt":{"rendered":"<p>Banjara Tribal viirukid viivad sind looduslike l\u00f5hnade r\u00e4nnakule, mis p\u00f5hineb iidsetel puhastustavadel ja vaimsetel rituaalidel. Iga karp k\u00e4tkeb endas s\u00fcgavat meeleelamust ja&hellip;<\/p>","protected":false},"featured_media":105283,"comment_status":"open","ping_status":"closed","template":"","meta":{"wprm-recipe-roundup-name":"","wprm-recipe-roundup-description":""},"product_brand":[12008],"product_cat":[5751],"product_tag":[5753],"class_list":{"0":"post-105280","1":"product","2":"type-product","3":"status-publish","4":"has-post-thumbnail","6":"product_brand-banjara","7":"product_cat-viirukid","8":"product_tag-viiruk","10":"first","11":"instock","12":"sale","13":"taxable","14":"shipping-taxable","15":"purchasable","16":"product-type-simple"},"supplier_id":105232,"supplier_sku":"","barcode":"8901234590188","atum_controlled":true,"out_stock_date":null,"out_stock_threshold":null,"inheritable":false,"inbound_stock":0,"stock_on_hold":0,"sold_today":0,"sales_last_days":0,"reserved_stock":0,"customer_returns":0,"warehouse_damage":0,"lost_in_post":0,"other_logs":0,"out_stock_days":0,"lost_sales":0,"has_location":false,"update_date":"2026-03-07T01:16:05","atum_locations":[],"atum_stock_status":"instock","restock_status":false,"low_stock_amount":"","sales_update_date":"2026-03-07T01:16:05","calc_backorders":null,"aioseo_notices":[],"_links":{"self":[{"href":"https:\/\/ecoshop.ee\/en\/wp-json\/wp\/v2\/product\/105280","targetHints":{"allow":["GET"]}}],"collection":[{"href":"https:\/\/ecoshop.ee\/en\/wp-json\/wp\/v2\/product"}],"about":[{"href":"https:\/\/ecoshop.ee\/en\/wp-json\/wp\/v2\/types\/product"}],"replies":[{"embeddable":true,"href":"https:\/\/ecoshop.ee\/en\/wp-json\/wp\/v2\/comments?post=105280"}],"version-history":[{"count":0,"href":"https:\/\/ecoshop.ee\/en\/wp-json\/wp\/v2\/product\/105280\/revisions"}],"wp:featuredmedia":[{"embeddable":true,"href":"https:\/\/ecoshop.ee\/en\/wp-json\/wp\/v2\/media\/105283"}],"wp:attachment":[{"href":"https:\/\/ecoshop.ee\/en\/wp-json\/wp\/v2\/media?parent=105280"}],"wp:term":[{"taxonomy":"product_brand","embeddable":true,"href":"https:\/\/ecoshop.ee\/en\/wp-json\/wp\/v2\/product_brand?post=105280"},{"taxonomy":"product_cat","embeddable":true,"href":"https:\/\/ecoshop.ee\/en\/wp-json\/wp\/v2\/product_cat?post=105280"},{"taxonomy":"product_tag","embeddable":true,"href":"https:\/\/ecoshop.ee\/en\/wp-json\/wp\/v2\/product_tag?post=105280"}],"curies":[{"name":"wp","href":"https:\/\/api.w.org\/{rel}","templated":true}]}}