{"id":105289,"date":"2025-04-09T21:46:18","date_gmt":"2025-04-09T19:46:18","guid":{"rendered":"https:\/\/ecoshop.ee\/?post_type=product&#038;p=105289"},"modified":"2025-04-09T21:46:20","modified_gmt":"2025-04-09T19:46:20","slug":"banjara-tribal-incense-palo-santo","status":"publish","type":"product","link":"https:\/\/ecoshop.ee\/en\/viirukid\/banjara-tribal-viirukid-palo-santo\/","title":{"rendered":"Banjara Tribal Incense \u2013 Palo Santo"},"content":{"rendered":"<p class=\"\" data-start=\"139\" data-end=\"313\">Banjara&#039;s Tribal Incense is an aromatic journey that honors ancient traditions and natural rituals. Each box offers a deep sensory experience and a connection to the power of natural scents.<\/p>\n<p class=\"\" data-start=\"315\" data-end=\"568\">Palo Santo, or \u201esacred tree,\u201c grows in the tropical regions of South America, and its wood, leaves, and oil have been used for centuries to heal the body and soul. Native shamans have used Palo Santo for cleansing, protection, and balance.<\/p>\n<ul>\n<li data-start=\"570\" data-end=\"762\">100% natural composition<\/li>\n<li data-start=\"570\" data-end=\"762\">Handmade according to old traditions<\/li>\n<li data-start=\"570\" data-end=\"762\">A sacred, warm woody aroma for spiritual and energetic cleansing<\/li>\n<li data-start=\"570\" data-end=\"762\">Quantity per package: 10 incense sticks<\/li>\n<\/ul>","protected":false},"excerpt":{"rendered":"<p>Banjara Tribal viirukid on aroomir\u00e4nnak, mis austab iidseid traditsioone ja loodusrituaale. Iga karp pakub s\u00fcgavat sensoorset kogemust ning \u00fchendust looduslike l\u00f5hnade v\u00e4ega.&hellip;<\/p>","protected":false},"featured_media":105290,"comment_status":"open","ping_status":"closed","template":"","meta":{"wprm-recipe-roundup-name":"","wprm-recipe-roundup-description":""},"product_brand":[12008],"product_cat":[5751],"product_tag":[5753],"class_list":{"0":"post-105289","1":"product","2":"type-product","3":"status-publish","4":"has-post-thumbnail","6":"product_brand-banjara","7":"product_cat-viirukid","8":"product_tag-viiruk","10":"first","11":"instock","12":"sale","13":"taxable","14":"shipping-taxable","15":"purchasable","16":"product-type-simple"},"supplier_id":105232,"supplier_sku":"","barcode":"8901234567906","atum_controlled":true,"out_stock_date":null,"out_stock_threshold":null,"inheritable":false,"inbound_stock":0,"stock_on_hold":0,"sold_today":0,"sales_last_days":0,"reserved_stock":0,"customer_returns":0,"warehouse_damage":0,"lost_in_post":0,"other_logs":0,"out_stock_days":0,"lost_sales":0,"has_location":false,"update_date":"2026-03-07T01:16:05","atum_locations":[],"atum_stock_status":"instock","restock_status":false,"low_stock_amount":"","sales_update_date":"2026-03-07T01:16:05","calc_backorders":null,"aioseo_notices":[],"_links":{"self":[{"href":"https:\/\/ecoshop.ee\/en\/wp-json\/wp\/v2\/product\/105289","targetHints":{"allow":["GET"]}}],"collection":[{"href":"https:\/\/ecoshop.ee\/en\/wp-json\/wp\/v2\/product"}],"about":[{"href":"https:\/\/ecoshop.ee\/en\/wp-json\/wp\/v2\/types\/product"}],"replies":[{"embeddable":true,"href":"https:\/\/ecoshop.ee\/en\/wp-json\/wp\/v2\/comments?post=105289"}],"version-history":[{"count":0,"href":"https:\/\/ecoshop.ee\/en\/wp-json\/wp\/v2\/product\/105289\/revisions"}],"wp:featuredmedia":[{"embeddable":true,"href":"https:\/\/ecoshop.ee\/en\/wp-json\/wp\/v2\/media\/105290"}],"wp:attachment":[{"href":"https:\/\/ecoshop.ee\/en\/wp-json\/wp\/v2\/media?parent=105289"}],"wp:term":[{"taxonomy":"product_brand","embeddable":true,"href":"https:\/\/ecoshop.ee\/en\/wp-json\/wp\/v2\/product_brand?post=105289"},{"taxonomy":"product_cat","embeddable":true,"href":"https:\/\/ecoshop.ee\/en\/wp-json\/wp\/v2\/product_cat?post=105289"},{"taxonomy":"product_tag","embeddable":true,"href":"https:\/\/ecoshop.ee\/en\/wp-json\/wp\/v2\/product_tag?post=105289"}],"curies":[{"name":"wp","href":"https:\/\/api.w.org\/{rel}","templated":true}]}}