{"id":105300,"date":"2025-04-09T22:26:25","date_gmt":"2025-04-09T20:26:25","guid":{"rendered":"https:\/\/ecoshop.ee\/?post_type=product&#038;p=105300"},"modified":"2025-04-09T22:26:27","modified_gmt":"2025-04-09T20:26:27","slug":"herbal-aroma-oil-aloe-vera-10ml","status":"publish","type":"product","link":"https:\/\/ecoshop.ee\/en\/eeterlikud-olid-ja-aroomiolid\/taimne-aroomioli-aloe-vera-10ml\/","title":{"rendered":"Herbal aroma oil \u2013 Aloe Vera \u2013 10ml"},"content":{"rendered":"<p class=\"\" data-start=\"143\" data-end=\"339\">A natural plant-based aroma oil with a fresh and soft aloe scent. Contains more essential oils than many other brands, making the aroma more intense and lasting longer.<\/p>\n<p class=\"\" data-start=\"341\" data-end=\"496\">Suitable for use with both a traditional oil burner and an electric diffuser. The product comes in 100% recyclable packaging and is suitable for any conscious home.<\/p>\n<ul>\n<li data-start=\"498\" data-end=\"691\">Plant-based, 100% vegan<\/li>\n<li data-start=\"498\" data-end=\"691\">Does not contain harmful chemicals<\/li>\n<li data-start=\"498\" data-end=\"691\">For use with an oil burner or diffuser<\/li>\n<li data-start=\"498\" data-end=\"691\">Refreshing and natural aloe vera aroma<\/li>\n<li data-start=\"498\" data-end=\"691\">10ml bottle, 100% recyclable packaging<\/li>\n<\/ul>","protected":false},"excerpt":{"rendered":"<p>Looduslikul taimsel baasil valmistatud aroomi\u00f5li, millel on v\u00e4rske ja pehme aaloel\u00f5hn. Sisaldab rohkem eeterlikke \u00f5lisid kui paljud teised br\u00e4ndid, mist\u00f5ttu on aroom&hellip;<\/p>","protected":false},"featured_media":105301,"comment_status":"open","ping_status":"closed","template":"","meta":{"wprm-recipe-roundup-name":"","wprm-recipe-roundup-description":""},"product_brand":[],"product_cat":[5754],"product_tag":[5755],"class_list":{"0":"post-105300","1":"product","2":"type-product","3":"status-publish","4":"has-post-thumbnail","6":"product_cat-eeterlikud-olid-ja-aroomiolid","7":"product_tag-aroomioli","9":"first","10":"instock","11":"taxable","12":"shipping-taxable","13":"purchasable","14":"product-type-simple"},"supplier_id":105232,"supplier_sku":"","barcode":"5028691475216","atum_controlled":true,"out_stock_date":null,"out_stock_threshold":null,"inheritable":false,"inbound_stock":0,"stock_on_hold":0,"sold_today":0,"sales_last_days":0,"reserved_stock":0,"customer_returns":0,"warehouse_damage":0,"lost_in_post":0,"other_logs":0,"out_stock_days":0,"lost_sales":0,"has_location":false,"update_date":"2026-03-07T01:16:05","atum_locations":[],"atum_stock_status":"instock","restock_status":false,"low_stock_amount":"","sales_update_date":"2026-03-07T01:16:05","calc_backorders":null,"aioseo_notices":[],"_links":{"self":[{"href":"https:\/\/ecoshop.ee\/en\/wp-json\/wp\/v2\/product\/105300","targetHints":{"allow":["GET"]}}],"collection":[{"href":"https:\/\/ecoshop.ee\/en\/wp-json\/wp\/v2\/product"}],"about":[{"href":"https:\/\/ecoshop.ee\/en\/wp-json\/wp\/v2\/types\/product"}],"replies":[{"embeddable":true,"href":"https:\/\/ecoshop.ee\/en\/wp-json\/wp\/v2\/comments?post=105300"}],"version-history":[{"count":0,"href":"https:\/\/ecoshop.ee\/en\/wp-json\/wp\/v2\/product\/105300\/revisions"}],"wp:featuredmedia":[{"embeddable":true,"href":"https:\/\/ecoshop.ee\/en\/wp-json\/wp\/v2\/media\/105301"}],"wp:attachment":[{"href":"https:\/\/ecoshop.ee\/en\/wp-json\/wp\/v2\/media?parent=105300"}],"wp:term":[{"taxonomy":"product_brand","embeddable":true,"href":"https:\/\/ecoshop.ee\/en\/wp-json\/wp\/v2\/product_brand?post=105300"},{"taxonomy":"product_cat","embeddable":true,"href":"https:\/\/ecoshop.ee\/en\/wp-json\/wp\/v2\/product_cat?post=105300"},{"taxonomy":"product_tag","embeddable":true,"href":"https:\/\/ecoshop.ee\/en\/wp-json\/wp\/v2\/product_tag?post=105300"}],"curies":[{"name":"wp","href":"https:\/\/api.w.org\/{rel}","templated":true}]}}