{"id":105471,"date":"2025-04-12T11:26:57","date_gmt":"2025-04-12T09:26:57","guid":{"rendered":"https:\/\/ecoshop.ee\/?post_type=product&#038;p=105471"},"modified":"2025-12-10T19:46:47","modified_gmt":"2025-12-10T16:46:47","slug":"sweet-orange-essential-oil-10ml","status":"publish","type":"product","link":"https:\/\/ecoshop.ee\/en\/eeterlikud-olid-ja-aroomiolid\/magus-apelsini-eeterlik-oli-10ml\/","title":{"rendered":"Sweet Orange essential oil \u2013 10ml"},"content":{"rendered":"<p class=\"\" data-start=\"85\" data-end=\"137\"><em data-start=\"120\" data-end=\"137\">Citrus Sinensis<\/em><\/p>\n<p class=\"\" data-start=\"139\" data-end=\"406\">Orange essential oil is obtained from oranges grown in Brazil. <em data-start=\"192\" data-end=\"209\">Citrus sinensis<\/em> Cold-pressed from fruit peels. Its sweet and refreshing aroma is simultaneously invigorating and calming, helping to reduce stress, balance mood, and promote a sense of well-being.<\/p>\n<p class=\"\" data-start=\"408\" data-end=\"687\">In aromatherapy, orange oil is used to boost the immune system and purify the air from bacteria. As a massage oil, it promotes blood circulation, relieves digestive problems, muscle tension and menstrual cramps. Suitable for daily use to relieve tension and lift mood.<\/p>\n<ul>\n<li data-start=\"689\" data-end=\"856\">100% pure essential oil<\/li>\n<li data-start=\"689\" data-end=\"856\">Improves mood and balances stress<\/li>\n<li data-start=\"689\" data-end=\"856\">Supports digestion and relieves muscle tension<\/li>\n<li data-start=\"689\" data-end=\"856\">Naturally purifies the air and supports the immune system<\/li>\n<li data-start=\"689\" data-end=\"856\">Plant part used: fruit peel<\/li>\n<li data-start=\"689\" data-end=\"856\">Extraction method: cold pressing<\/li>\n<li data-start=\"689\" data-end=\"856\">10ml in a dark glass bottle<\/li>\n<\/ul>\n<p class=\"\" data-start=\"962\" data-end=\"1117\">\u26a0\ufe0f For external use only. Do not swallow. Keep out of reach of children and pets. Do not use during pregnancy or breastfeeding.<\/p>","protected":false},"excerpt":{"rendered":"<p>Citrus Sinensis Apelsini eeterlik \u00f5li saadakse Brasiilias kasvatatud Citrus sinensis puuviljakoortest k\u00fclmpressimise teel. Selle magus ja v\u00e4rskendav aroom m\u00f5jub samaaegselt virgutavalt ja&hellip;<\/p>","protected":false},"featured_media":105472,"comment_status":"open","ping_status":"closed","template":"","meta":{"wprm-recipe-roundup-name":"","wprm-recipe-roundup-description":""},"product_brand":[],"product_cat":[5754],"product_tag":[5756],"class_list":{"0":"post-105471","1":"product","2":"type-product","3":"status-publish","4":"has-post-thumbnail","6":"product_cat-eeterlikud-olid-ja-aroomiolid","7":"product_tag-eeterlik-oli","9":"first","10":"instock","11":"taxable","12":"shipping-taxable","13":"purchasable","14":"product-type-simple"},"supplier_id":105232,"supplier_sku":"","barcode":"5055796528721","atum_controlled":true,"out_stock_date":null,"out_stock_threshold":null,"inheritable":false,"inbound_stock":0,"stock_on_hold":0,"sold_today":0,"sales_last_days":0,"reserved_stock":0,"customer_returns":0,"warehouse_damage":0,"lost_in_post":0,"other_logs":0,"out_stock_days":0,"lost_sales":0,"has_location":false,"update_date":"2026-03-07T01:16:07","atum_locations":[],"atum_stock_status":"instock","restock_status":false,"low_stock_amount":"","sales_update_date":"2026-03-07T01:16:07","calc_backorders":null,"aioseo_notices":[],"_links":{"self":[{"href":"https:\/\/ecoshop.ee\/en\/wp-json\/wp\/v2\/product\/105471","targetHints":{"allow":["GET"]}}],"collection":[{"href":"https:\/\/ecoshop.ee\/en\/wp-json\/wp\/v2\/product"}],"about":[{"href":"https:\/\/ecoshop.ee\/en\/wp-json\/wp\/v2\/types\/product"}],"replies":[{"embeddable":true,"href":"https:\/\/ecoshop.ee\/en\/wp-json\/wp\/v2\/comments?post=105471"}],"version-history":[{"count":0,"href":"https:\/\/ecoshop.ee\/en\/wp-json\/wp\/v2\/product\/105471\/revisions"}],"wp:featuredmedia":[{"embeddable":true,"href":"https:\/\/ecoshop.ee\/en\/wp-json\/wp\/v2\/media\/105472"}],"wp:attachment":[{"href":"https:\/\/ecoshop.ee\/en\/wp-json\/wp\/v2\/media?parent=105471"}],"wp:term":[{"taxonomy":"product_brand","embeddable":true,"href":"https:\/\/ecoshop.ee\/en\/wp-json\/wp\/v2\/product_brand?post=105471"},{"taxonomy":"product_cat","embeddable":true,"href":"https:\/\/ecoshop.ee\/en\/wp-json\/wp\/v2\/product_cat?post=105471"},{"taxonomy":"product_tag","embeddable":true,"href":"https:\/\/ecoshop.ee\/en\/wp-json\/wp\/v2\/product_tag?post=105471"}],"curies":[{"name":"wp","href":"https:\/\/api.w.org\/{rel}","templated":true}]}}