{"id":105487,"date":"2025-04-12T14:27:26","date_gmt":"2025-04-12T12:27:26","guid":{"rendered":"https:\/\/ecoshop.ee\/?post_type=product&#038;p=105487"},"modified":"2025-12-12T17:43:40","modified_gmt":"2025-12-12T14:43:40","slug":"frankincense-essential-oil-diluted-10ml","status":"publish","type":"product","link":"https:\/\/ecoshop.ee\/en\/eeterlikud-olid-ja-aroomiolid\/viiruki-eeterlik-oli-lahjendatud-10ml\/","title":{"rendered":"Frankincense essential oil (diluted) \u2013 10ml"},"content":{"rendered":"<p class=\"\" data-start=\"114\" data-end=\"185\"><em data-start=\"165\" data-end=\"185\">Boswellia Carterii<\/em><\/p>\n<p class=\"\" data-start=\"187\" data-end=\"503\">Frankincense essential oil is obtained by steam distillation. <em data-start=\"242\" data-end=\"262\">Boswellia carterii<\/em> from the resin of the tree. This oil is diluted in 5% grape seed oil, making it suitable for direct external use without further dilution. Frankincense has been used for millennia as a sacred incense, in skin care, and to promote peace of mind.<\/p>\n<p class=\"\" data-start=\"505\" data-end=\"811\">Frankincense oil is one of the most valued in aromatherapy for its calming effects \u2013 it helps relieve anxiety and stress, supports the respiratory tract and soothes coughs. In cosmetics, it is used to tone the skin, smooth wrinkles and prevent stretch marks. It is well suited for meditation and mental focus.<\/p>\n<ul>\n<li data-start=\"813\" data-end=\"982\">Diluted in 5% grape seed oil<\/li>\n<li data-start=\"813\" data-end=\"982\">Calming and balancing effect<\/li>\n<li data-start=\"813\" data-end=\"982\">Supports skin breathing and elasticity<\/li>\n<li data-start=\"813\" data-end=\"982\">Suitable for spiritual practice and meditative relaxation<\/li>\n<li data-start=\"813\" data-end=\"982\">Plant part used: resin<\/li>\n<li data-start=\"813\" data-end=\"982\">Extraction method: steam distillation<\/li>\n<li data-start=\"813\" data-end=\"982\">10ml in a dark glass bottle<\/li>\n<\/ul>\n<p class=\"\" data-start=\"1085\" data-end=\"1226\">\u26a0\ufe0f For external use only. Do not swallow. Do not use during pregnancy. Keep out of reach of children and pets.<\/p>","protected":false},"excerpt":{"rendered":"<p>Boswellia Carterii Viiruki eeterlik \u00f5li saadakse aurudestilleerimise teel Boswellia carterii puu vaigust. See \u00f5li on lahjendatud 5% viinamarjaseemne\u00f5lis, mist\u00f5ttu sobib see otsekoheseks&hellip;<\/p>","protected":false},"featured_media":105488,"comment_status":"open","ping_status":"closed","template":"","meta":{"wprm-recipe-roundup-name":"","wprm-recipe-roundup-description":""},"product_brand":[],"product_cat":[5754],"product_tag":[5756],"class_list":{"0":"post-105487","1":"product","2":"type-product","3":"status-publish","4":"has-post-thumbnail","6":"product_cat-eeterlikud-olid-ja-aroomiolid","7":"product_tag-eeterlik-oli","9":"first","10":"instock","11":"taxable","12":"shipping-taxable","13":"purchasable","14":"product-type-simple"},"supplier_id":105232,"supplier_sku":"","barcode":"5055796528547","atum_controlled":true,"out_stock_date":null,"out_stock_threshold":null,"inheritable":false,"inbound_stock":0,"stock_on_hold":0,"sold_today":0,"sales_last_days":0,"reserved_stock":0,"customer_returns":0,"warehouse_damage":0,"lost_in_post":0,"other_logs":0,"out_stock_days":0,"lost_sales":0,"has_location":false,"update_date":"2026-03-07T01:16:07","atum_locations":[],"atum_stock_status":"instock","restock_status":false,"low_stock_amount":"","sales_update_date":"2026-03-07T01:16:07","calc_backorders":null,"aioseo_notices":[],"_links":{"self":[{"href":"https:\/\/ecoshop.ee\/en\/wp-json\/wp\/v2\/product\/105487","targetHints":{"allow":["GET"]}}],"collection":[{"href":"https:\/\/ecoshop.ee\/en\/wp-json\/wp\/v2\/product"}],"about":[{"href":"https:\/\/ecoshop.ee\/en\/wp-json\/wp\/v2\/types\/product"}],"replies":[{"embeddable":true,"href":"https:\/\/ecoshop.ee\/en\/wp-json\/wp\/v2\/comments?post=105487"}],"version-history":[{"count":0,"href":"https:\/\/ecoshop.ee\/en\/wp-json\/wp\/v2\/product\/105487\/revisions"}],"wp:featuredmedia":[{"embeddable":true,"href":"https:\/\/ecoshop.ee\/en\/wp-json\/wp\/v2\/media\/105488"}],"wp:attachment":[{"href":"https:\/\/ecoshop.ee\/en\/wp-json\/wp\/v2\/media?parent=105487"}],"wp:term":[{"taxonomy":"product_brand","embeddable":true,"href":"https:\/\/ecoshop.ee\/en\/wp-json\/wp\/v2\/product_brand?post=105487"},{"taxonomy":"product_cat","embeddable":true,"href":"https:\/\/ecoshop.ee\/en\/wp-json\/wp\/v2\/product_cat?post=105487"},{"taxonomy":"product_tag","embeddable":true,"href":"https:\/\/ecoshop.ee\/en\/wp-json\/wp\/v2\/product_tag?post=105487"}],"curies":[{"name":"wp","href":"https:\/\/api.w.org\/{rel}","templated":true}]}}