{"id":105500,"date":"2025-04-12T14:49:18","date_gmt":"2025-04-12T12:49:18","guid":{"rendered":"https:\/\/ecoshop.ee\/?post_type=product&#038;p=105500"},"modified":"2025-04-12T14:49:19","modified_gmt":"2025-04-12T12:49:19","slug":"lemon-essential-oil-10ml","status":"publish","type":"product","link":"https:\/\/ecoshop.ee\/en\/eeterlikud-olid-ja-aroomiolid\/sidruni-eeterlik-oli-10ml\/","title":{"rendered":"Lemon essential oil \u2013 10ml"},"content":{"rendered":"<p class=\"\" data-start=\"82\" data-end=\"130\"><em data-start=\"116\" data-end=\"130\">Citrus Lemon<\/em><\/p>\n<p class=\"\" data-start=\"132\" data-end=\"438\">Lemon essential oil is cold-pressed from fresh lemon peels. Its sharp, fresh citrus scent is uplifting, increases concentration, and helps to relieve fatigue and stress. Lemon oil is one of the most popular oils in aromatherapy \u2013 suitable for use both at home and in the office.<\/p>\n<p class=\"\" data-start=\"440\" data-end=\"664\">Lemon oil supports the immune system and cleanses the body. It is used to relieve digestive problems, muscle tension, and cold symptoms. In skin care, lemon oil helps reduce acne, inflammation, and excess sebum.<\/p>\n<ul>\n<li data-start=\"666\" data-end=\"822\">100% pure essential oil<\/li>\n<li data-start=\"666\" data-end=\"822\">Stimulates the senses and improves concentration<\/li>\n<li data-start=\"666\" data-end=\"822\">Supports immunity and helps the body cleanse<\/li>\n<li data-start=\"666\" data-end=\"822\">Refreshes the skin and relieves skin irritations<\/li>\n<li data-start=\"666\" data-end=\"822\">Plant part used: fruit peel<\/li>\n<li data-start=\"666\" data-end=\"822\">Extraction method: cold pressing<\/li>\n<li data-start=\"666\" data-end=\"822\">10ml in a dark glass bottle<\/li>\n<\/ul>\n<p class=\"\" data-start=\"928\" data-end=\"1130\">\u26a0\ufe0f For external use only. Do not swallow. Avoid sunlight after application to skin. Do not use during pregnancy or breastfeeding. Keep out of reach of children and pets.<\/p>","protected":false},"excerpt":{"rendered":"<p>Citrus Limon Sidruni eeterlik \u00f5li saadakse k\u00fclmpressimise teel v\u00e4rsketest sidrunikoortest. Selle teravalt v\u00e4rske tsitrusel\u00f5hn m\u00f5jub vaimu ergutavalt, suurendab keskendumisv\u00f5imet ning aitab hajutada&hellip;<\/p>","protected":false},"featured_media":105501,"comment_status":"open","ping_status":"closed","template":"","meta":{"wprm-recipe-roundup-name":"","wprm-recipe-roundup-description":""},"product_brand":[],"product_cat":[5754],"product_tag":[5756],"class_list":{"0":"post-105500","1":"product","2":"type-product","3":"status-publish","4":"has-post-thumbnail","6":"product_cat-eeterlikud-olid-ja-aroomiolid","7":"product_tag-eeterlik-oli","9":"first","10":"instock","11":"taxable","12":"shipping-taxable","13":"purchasable","14":"product-type-simple"},"supplier_id":105232,"supplier_sku":"","barcode":"5055796528493","atum_controlled":true,"out_stock_date":null,"out_stock_threshold":null,"inheritable":false,"inbound_stock":0,"stock_on_hold":0,"sold_today":0,"sales_last_days":0,"reserved_stock":0,"customer_returns":0,"warehouse_damage":0,"lost_in_post":0,"other_logs":0,"out_stock_days":0,"lost_sales":0,"has_location":false,"update_date":"2026-03-07T01:16:14","atum_locations":[],"atum_stock_status":"instock","restock_status":false,"low_stock_amount":"","sales_update_date":"2026-03-07T01:16:14","calc_backorders":null,"aioseo_notices":[],"_links":{"self":[{"href":"https:\/\/ecoshop.ee\/en\/wp-json\/wp\/v2\/product\/105500","targetHints":{"allow":["GET"]}}],"collection":[{"href":"https:\/\/ecoshop.ee\/en\/wp-json\/wp\/v2\/product"}],"about":[{"href":"https:\/\/ecoshop.ee\/en\/wp-json\/wp\/v2\/types\/product"}],"replies":[{"embeddable":true,"href":"https:\/\/ecoshop.ee\/en\/wp-json\/wp\/v2\/comments?post=105500"}],"version-history":[{"count":0,"href":"https:\/\/ecoshop.ee\/en\/wp-json\/wp\/v2\/product\/105500\/revisions"}],"wp:featuredmedia":[{"embeddable":true,"href":"https:\/\/ecoshop.ee\/en\/wp-json\/wp\/v2\/media\/105501"}],"wp:attachment":[{"href":"https:\/\/ecoshop.ee\/en\/wp-json\/wp\/v2\/media?parent=105500"}],"wp:term":[{"taxonomy":"product_brand","embeddable":true,"href":"https:\/\/ecoshop.ee\/en\/wp-json\/wp\/v2\/product_brand?post=105500"},{"taxonomy":"product_cat","embeddable":true,"href":"https:\/\/ecoshop.ee\/en\/wp-json\/wp\/v2\/product_cat?post=105500"},{"taxonomy":"product_tag","embeddable":true,"href":"https:\/\/ecoshop.ee\/en\/wp-json\/wp\/v2\/product_tag?post=105500"}],"curies":[{"name":"wp","href":"https:\/\/api.w.org\/{rel}","templated":true}]}}