{"id":105506,"date":"2025-04-12T14:59:11","date_gmt":"2025-04-12T12:59:11","guid":{"rendered":"https:\/\/ecoshop.ee\/?post_type=product&#038;p=105506"},"modified":"2025-04-12T14:59:12","modified_gmt":"2025-04-12T12:59:12","slug":"ylang-ylang-essential-oil-10ml","status":"publish","type":"product","link":"https:\/\/ecoshop.ee\/en\/eeterlikud-olid-ja-aroomiolid\/ylang-ylang-eeterlik-oli-10ml\/","title":{"rendered":"Ylang Ylang essential oil \u2013 10ml"},"content":{"rendered":"<p class=\"\" data-start=\"88\" data-end=\"143\"><em data-start=\"126\" data-end=\"143\">Cananga Odorata<\/em><\/p>\n<p class=\"\" data-start=\"145\" data-end=\"452\">Ylang Ylang essential oil is obtained by steam distillation <em data-start=\"204\" data-end=\"221\">Cananga odorata<\/em> A tree with beautifully fragrant yellow flowers native to Southeast Asia. Its sweet and exotic aroma is known for its relaxing effects and is valued in aromatherapy as well as in the perfume and cosmetics industries.<\/p>\n<p class=\"\" data-start=\"454\" data-end=\"834\">In aromatherapy, Ylang Ylang is used to relieve stress, anxiety, shock, and depression. The oil helps calm the senses and promote well-being, reduces blood pressure, and balances the body and mind. In skin care, it is used to balance the sebum secretion of the scalp and to tone the hair. If used excessively, the aroma can become too intense, so use in moderation.<\/p>\n<ul>\n<li data-start=\"836\" data-end=\"995\">100% pure essential oil<\/li>\n<li data-start=\"836\" data-end=\"995\">Calms the nervous system and promotes relaxation<\/li>\n<li data-start=\"836\" data-end=\"995\">Suitable for relieving stress, anxiety and tension<\/li>\n<li data-start=\"836\" data-end=\"995\">Supports hair and scalp balance<\/li>\n<li data-start=\"836\" data-end=\"995\">Plant part used: flowers<\/li>\n<li data-start=\"836\" data-end=\"995\">Extraction method: steam distillation<\/li>\n<li data-start=\"836\" data-end=\"995\">10ml in a dark glass bottle<\/li>\n<\/ul>\n<p class=\"\" data-start=\"1098\" data-end=\"1312\">\u26a0\ufe0f For external use only. Do not swallow. Excessive use may cause headache or nausea. Keep out of reach of children and pets. Do not use during pregnancy or breastfeeding.<\/p>","protected":false},"excerpt":{"rendered":"<p>Cananga Odorata Ylang Ylang eeterlik \u00f5li saadakse aurudestilleerimise teel Cananga odorata puu kaunilt l\u00f5hnavatest kollastest \u00f5itest, mis p\u00e4rinevad Kagu-Aasia piirkonnast. Selle magus&hellip;<\/p>","protected":false},"featured_media":105507,"comment_status":"open","ping_status":"closed","template":"","meta":{"wprm-recipe-roundup-name":"","wprm-recipe-roundup-description":""},"product_brand":[],"product_cat":[5754],"product_tag":[5756],"class_list":{"0":"post-105506","1":"product","2":"type-product","3":"status-publish","4":"has-post-thumbnail","6":"product_cat-eeterlikud-olid-ja-aroomiolid","7":"product_tag-eeterlik-oli","9":"first","10":"instock","11":"taxable","12":"shipping-taxable","13":"purchasable","14":"product-type-simple"},"supplier_id":105232,"supplier_sku":"","barcode":"5055796528431","atum_controlled":true,"out_stock_date":null,"out_stock_threshold":null,"inheritable":false,"inbound_stock":0,"stock_on_hold":0,"sold_today":0,"sales_last_days":0,"reserved_stock":0,"customer_returns":0,"warehouse_damage":0,"lost_in_post":0,"other_logs":0,"out_stock_days":0,"lost_sales":0,"has_location":false,"update_date":"2026-03-07T01:16:14","atum_locations":[],"atum_stock_status":"instock","restock_status":false,"low_stock_amount":"","sales_update_date":"2026-03-07T01:16:14","calc_backorders":null,"aioseo_notices":[],"_links":{"self":[{"href":"https:\/\/ecoshop.ee\/en\/wp-json\/wp\/v2\/product\/105506","targetHints":{"allow":["GET"]}}],"collection":[{"href":"https:\/\/ecoshop.ee\/en\/wp-json\/wp\/v2\/product"}],"about":[{"href":"https:\/\/ecoshop.ee\/en\/wp-json\/wp\/v2\/types\/product"}],"replies":[{"embeddable":true,"href":"https:\/\/ecoshop.ee\/en\/wp-json\/wp\/v2\/comments?post=105506"}],"version-history":[{"count":0,"href":"https:\/\/ecoshop.ee\/en\/wp-json\/wp\/v2\/product\/105506\/revisions"}],"wp:featuredmedia":[{"embeddable":true,"href":"https:\/\/ecoshop.ee\/en\/wp-json\/wp\/v2\/media\/105507"}],"wp:attachment":[{"href":"https:\/\/ecoshop.ee\/en\/wp-json\/wp\/v2\/media?parent=105506"}],"wp:term":[{"taxonomy":"product_brand","embeddable":true,"href":"https:\/\/ecoshop.ee\/en\/wp-json\/wp\/v2\/product_brand?post=105506"},{"taxonomy":"product_cat","embeddable":true,"href":"https:\/\/ecoshop.ee\/en\/wp-json\/wp\/v2\/product_cat?post=105506"},{"taxonomy":"product_tag","embeddable":true,"href":"https:\/\/ecoshop.ee\/en\/wp-json\/wp\/v2\/product_tag?post=105506"}],"curies":[{"name":"wp","href":"https:\/\/api.w.org\/{rel}","templated":true}]}}