{"id":105515,"date":"2025-04-12T15:11:13","date_gmt":"2025-04-12T13:11:13","guid":{"rendered":"https:\/\/ecoshop.ee\/?post_type=product&#038;p=105515"},"modified":"2025-04-12T15:11:15","modified_gmt":"2025-04-12T13:11:15","slug":"eucalyptus-essential-oil-10ml","status":"publish","type":"product","link":"https:\/\/ecoshop.ee\/en\/eeterlikud-olid-ja-aroomiolid\/eukalupti-eeterlik-oli-10ml\/","title":{"rendered":"Eucalyptus essential oil \u2013 10ml"},"content":{"rendered":"<p class=\"\" data-start=\"84\" data-end=\"141\"><em data-start=\"120\" data-end=\"141\">Eucalyptus Globulus<\/em><\/p>\n<p class=\"\" data-start=\"143\" data-end=\"446\">Eucalyptus essential oil is obtained <em data-start=\"175\" data-end=\"196\">Eucalyptus globulus<\/em> Steam distilled from the leaves and branches of the tree. This fresh and pungent aromatic oil is prized for its antibacterial, cleansing and analgesic properties, making it perfect for relieving colds and respiratory ailments.<\/p>\n<p class=\"\" data-start=\"448\" data-end=\"735\">Eucalyptus oil is used in aromatherapy to increase vitality and focus. It also helps relieve muscle and joint pain, burns, wounds, and insect bites. Adding a few drops to bathwater or a diffuser creates an invigorating and cleansing environment \u2013 especially suitable during sick leave.<\/p>\n<ul>\n<li data-start=\"737\" data-end=\"903\">100% pure essential oil<\/li>\n<li data-start=\"737\" data-end=\"903\">Supports the respiratory tract and relieves cold symptoms<\/li>\n<li data-start=\"737\" data-end=\"903\">Natural antibacterial and cleansing effect<\/li>\n<li data-start=\"737\" data-end=\"903\">Relieves muscle tension and insect bites<\/li>\n<li data-start=\"737\" data-end=\"903\">Plant part used: leaves and branches<\/li>\n<li data-start=\"737\" data-end=\"903\">Extraction method: steam distillation<\/li>\n<li data-start=\"737\" data-end=\"903\">10ml in a dark glass bottle<\/li>\n<\/ul>\n<p class=\"\" data-start=\"1016\" data-end=\"1185\">\u26a0\ufe0f For external use only. Do not swallow. Do not use during pregnancy or on children under 6 years of age. Keep out of reach of children and pets.<\/p>","protected":false},"excerpt":{"rendered":"<p>Eucalyptus Globulus Eukal\u00fcpti eeterlik \u00f5li saadakse Eucalyptus globulus puu lehtedest ja okstest aurudestilleerimise teel. See v\u00e4rske ja teravalt aromaatne \u00f5li on hinnatud&hellip;<\/p>","protected":false},"featured_media":105516,"comment_status":"open","ping_status":"closed","template":"","meta":{"wprm-recipe-roundup-name":"","wprm-recipe-roundup-description":""},"product_brand":[],"product_cat":[5754],"product_tag":[5756],"class_list":{"0":"post-105515","1":"product","2":"type-product","3":"status-publish","4":"has-post-thumbnail","6":"product_cat-eeterlikud-olid-ja-aroomiolid","7":"product_tag-eeterlik-oli","9":"first","10":"instock","11":"taxable","12":"shipping-taxable","13":"purchasable","14":"product-type-simple"},"supplier_id":105232,"supplier_sku":"","barcode":"5055796528400","atum_controlled":true,"out_stock_date":null,"out_stock_threshold":null,"inheritable":false,"inbound_stock":0,"stock_on_hold":0,"sold_today":0,"sales_last_days":0,"reserved_stock":0,"customer_returns":0,"warehouse_damage":0,"lost_in_post":0,"other_logs":0,"out_stock_days":0,"lost_sales":0,"has_location":false,"update_date":"2026-03-07T01:16:14","atum_locations":[],"atum_stock_status":"instock","restock_status":false,"low_stock_amount":"","sales_update_date":"2026-03-07T01:16:14","calc_backorders":null,"aioseo_notices":[],"_links":{"self":[{"href":"https:\/\/ecoshop.ee\/en\/wp-json\/wp\/v2\/product\/105515","targetHints":{"allow":["GET"]}}],"collection":[{"href":"https:\/\/ecoshop.ee\/en\/wp-json\/wp\/v2\/product"}],"about":[{"href":"https:\/\/ecoshop.ee\/en\/wp-json\/wp\/v2\/types\/product"}],"replies":[{"embeddable":true,"href":"https:\/\/ecoshop.ee\/en\/wp-json\/wp\/v2\/comments?post=105515"}],"version-history":[{"count":0,"href":"https:\/\/ecoshop.ee\/en\/wp-json\/wp\/v2\/product\/105515\/revisions"}],"wp:featuredmedia":[{"embeddable":true,"href":"https:\/\/ecoshop.ee\/en\/wp-json\/wp\/v2\/media\/105516"}],"wp:attachment":[{"href":"https:\/\/ecoshop.ee\/en\/wp-json\/wp\/v2\/media?parent=105515"}],"wp:term":[{"taxonomy":"product_brand","embeddable":true,"href":"https:\/\/ecoshop.ee\/en\/wp-json\/wp\/v2\/product_brand?post=105515"},{"taxonomy":"product_cat","embeddable":true,"href":"https:\/\/ecoshop.ee\/en\/wp-json\/wp\/v2\/product_cat?post=105515"},{"taxonomy":"product_tag","embeddable":true,"href":"https:\/\/ecoshop.ee\/en\/wp-json\/wp\/v2\/product_tag?post=105515"}],"curies":[{"name":"wp","href":"https:\/\/api.w.org\/{rel}","templated":true}]}}