{"id":105530,"date":"2025-04-12T17:43:09","date_gmt":"2025-04-12T15:43:09","guid":{"rendered":"https:\/\/ecoshop.ee\/?post_type=product&#038;p=105530"},"modified":"2025-04-12T17:43:11","modified_gmt":"2025-04-12T15:43:11","slug":"himalayan-salt-aroma-diffuser-flame-effect-usb-c","status":"publish","type":"product","link":"https:\/\/ecoshop.ee\/en\/difuuserid-ja-poletid\/himaalaja-soolaga-aroomi-difuuser-leegiefekt-usb-c\/","title":{"rendered":"Himalayan Salt Aroma Diffuser \u2013 Flame Effect, USB-C"},"content":{"rendered":"<p class=\"\" data-start=\"164\" data-end=\"349\">An aroma diffuser that combines the visual effect of a fire flame, a soothing mist and the effects of natural Himalayan salt. Create a pleasant and balancing atmosphere in your space with just a few drops of essential oil.<\/p>\n<p class=\"\" data-start=\"351\" data-end=\"588\">Ultrasonic technology instantly vaporizes water and oil, creating a cool, fragrant mist. The included salt cubes improve air quality and add a natural touch to the room. Perfect for adding to your home, office or meditation corner.<\/p>\n<ul>\n<li data-start=\"590\" data-end=\"822\">Flame effect and night light<\/li>\n<li data-start=\"590\" data-end=\"822\">Capacity: 220 ml<\/li>\n<li data-start=\"590\" data-end=\"822\">Works via USB-C (cable length 100 cm)<\/li>\n<li data-start=\"590\" data-end=\"822\">Timer: 1-3-6 hours<\/li>\n<li data-start=\"590\" data-end=\"822\">Dimensions: height 12 cm, diameter 10 cm<\/li>\n<li data-start=\"590\" data-end=\"822\">Himalayan salt pieces included<\/li>\n<\/ul>\n<p class=\"\" data-start=\"824\" data-end=\"875\">\u26a0\ufe0f Use only with essential oils mixed with water!<\/p>","protected":false},"excerpt":{"rendered":"<p>Aroomi difuuser, mis \u00fchendab visuaalse tuleleegi efekti, rahustava udu ja loodusliku Himaalaja soola m\u00f5ju. Loo oma ruumi meeldiv ja tasakaalustav \u00f5hkkond vaid&hellip;<\/p>","protected":false},"featured_media":105533,"comment_status":"open","ping_status":"closed","template":"","meta":{"wprm-recipe-roundup-name":"","wprm-recipe-roundup-description":""},"product_brand":[],"product_cat":[5757],"product_tag":[5758],"class_list":{"0":"post-105530","1":"product","2":"type-product","3":"status-publish","4":"has-post-thumbnail","6":"product_cat-difuuserid-ja-poletid","7":"product_tag-difuuser","9":"first","10":"instock","11":"taxable","12":"shipping-taxable","13":"purchasable","14":"product-type-simple"},"supplier_id":105232,"supplier_sku":"","barcode":"5056368324970","atum_controlled":true,"out_stock_date":null,"out_stock_threshold":null,"inheritable":false,"inbound_stock":0,"stock_on_hold":0,"sold_today":0,"sales_last_days":0,"reserved_stock":0,"customer_returns":0,"warehouse_damage":0,"lost_in_post":0,"other_logs":0,"out_stock_days":0,"lost_sales":0,"has_location":false,"update_date":"2026-03-07T01:16:14","atum_locations":[],"atum_stock_status":"instock","restock_status":false,"low_stock_amount":"","sales_update_date":"2026-03-07T01:16:14","calc_backorders":null,"aioseo_notices":[],"_links":{"self":[{"href":"https:\/\/ecoshop.ee\/en\/wp-json\/wp\/v2\/product\/105530","targetHints":{"allow":["GET"]}}],"collection":[{"href":"https:\/\/ecoshop.ee\/en\/wp-json\/wp\/v2\/product"}],"about":[{"href":"https:\/\/ecoshop.ee\/en\/wp-json\/wp\/v2\/types\/product"}],"replies":[{"embeddable":true,"href":"https:\/\/ecoshop.ee\/en\/wp-json\/wp\/v2\/comments?post=105530"}],"version-history":[{"count":0,"href":"https:\/\/ecoshop.ee\/en\/wp-json\/wp\/v2\/product\/105530\/revisions"}],"wp:featuredmedia":[{"embeddable":true,"href":"https:\/\/ecoshop.ee\/en\/wp-json\/wp\/v2\/media\/105533"}],"wp:attachment":[{"href":"https:\/\/ecoshop.ee\/en\/wp-json\/wp\/v2\/media?parent=105530"}],"wp:term":[{"taxonomy":"product_brand","embeddable":true,"href":"https:\/\/ecoshop.ee\/en\/wp-json\/wp\/v2\/product_brand?post=105530"},{"taxonomy":"product_cat","embeddable":true,"href":"https:\/\/ecoshop.ee\/en\/wp-json\/wp\/v2\/product_cat?post=105530"},{"taxonomy":"product_tag","embeddable":true,"href":"https:\/\/ecoshop.ee\/en\/wp-json\/wp\/v2\/product_tag?post=105530"}],"curies":[{"name":"wp","href":"https:\/\/api.w.org\/{rel}","templated":true}]}}