{"id":105567,"date":"2025-04-12T19:04:33","date_gmt":"2025-04-12T17:04:33","guid":{"rendered":"https:\/\/ecoshop.ee\/?post_type=product&#038;p=105567"},"modified":"2025-04-12T19:04:34","modified_gmt":"2025-04-12T17:04:34","slug":"ritual-incense-holder-tree-of-life-11x9-cm","status":"publish","type":"product","link":"https:\/\/ecoshop.ee\/en\/difuuserid-ja-poletid\/rituaalne-viirukihoidja-elupuu-11x9-cm\/","title":{"rendered":"Ritual incense holder \u2013 Tree of Life (11\u00d79 cm)"},"content":{"rendered":"<p class=\"\" data-start=\"168\" data-end=\"400\">A handmade ritual incense holder with the symbolic Tree of Life at its center - a symbol of the cycle of life, growth and connection. Made from natural mango wood, this incense bowl is durable, natural and meaningful.<\/p>\n<p class=\"\" data-start=\"402\" data-end=\"555\">The thoughtful design allows for the use of both incense sticks and cones, making it versatile and suitable for different preferences. Whether used for meditation, ritual, or simply to create a peaceful mood, this incense holder brings balance and peace to the space.<\/p>\n<ul>\n<li data-start=\"557\" data-end=\"769\">Made of natural mango wood<\/li>\n<li data-start=\"557\" data-end=\"769\">Carved Tree of Life symbol \u2013 a symbol of life and growth<\/li>\n<li data-start=\"557\" data-end=\"769\">Holds two incense sticks and one cone<\/li>\n<li data-start=\"557\" data-end=\"769\">Dimensions: approx. 11 \u00d7 9 cm<\/li>\n<li data-start=\"557\" data-end=\"769\">Practical and decorative - ideal as a gift<\/li>\n<\/ul>","protected":false},"excerpt":{"rendered":"<p>K\u00e4sitsi valmistatud rituaalne viirukihoidja, mille keskmes seisab s\u00fcmboolne Elupuu \u2013 elu ringk\u00e4igu, kasvu ja \u00fchenduse t\u00e4his. See naturaalsest mangopuidust valmistatud viirukikauss on&hellip;<\/p>","protected":false},"featured_media":105571,"comment_status":"open","ping_status":"closed","template":"","meta":{"wprm-recipe-roundup-name":"","wprm-recipe-roundup-description":""},"product_brand":[],"product_cat":[5757],"product_tag":[5760],"class_list":{"0":"post-105567","1":"product","2":"type-product","3":"status-publish","4":"has-post-thumbnail","6":"product_cat-difuuserid-ja-poletid","7":"product_tag-viirukihoidja","9":"first","10":"instock","11":"taxable","12":"shipping-taxable","13":"purchasable","14":"product-type-simple"},"supplier_id":105232,"supplier_sku":"","barcode":"5056368340017","atum_controlled":true,"out_stock_date":null,"out_stock_threshold":null,"inheritable":false,"inbound_stock":0,"stock_on_hold":0,"sold_today":0,"sales_last_days":0,"reserved_stock":0,"customer_returns":0,"warehouse_damage":0,"lost_in_post":0,"other_logs":0,"out_stock_days":0,"lost_sales":0,"has_location":false,"update_date":"2026-03-07T01:16:15","atum_locations":[],"atum_stock_status":"instock","restock_status":false,"low_stock_amount":"","sales_update_date":"2026-03-07T01:16:15","calc_backorders":null,"aioseo_notices":[],"_links":{"self":[{"href":"https:\/\/ecoshop.ee\/en\/wp-json\/wp\/v2\/product\/105567","targetHints":{"allow":["GET"]}}],"collection":[{"href":"https:\/\/ecoshop.ee\/en\/wp-json\/wp\/v2\/product"}],"about":[{"href":"https:\/\/ecoshop.ee\/en\/wp-json\/wp\/v2\/types\/product"}],"replies":[{"embeddable":true,"href":"https:\/\/ecoshop.ee\/en\/wp-json\/wp\/v2\/comments?post=105567"}],"version-history":[{"count":0,"href":"https:\/\/ecoshop.ee\/en\/wp-json\/wp\/v2\/product\/105567\/revisions"}],"wp:featuredmedia":[{"embeddable":true,"href":"https:\/\/ecoshop.ee\/en\/wp-json\/wp\/v2\/media\/105571"}],"wp:attachment":[{"href":"https:\/\/ecoshop.ee\/en\/wp-json\/wp\/v2\/media?parent=105567"}],"wp:term":[{"taxonomy":"product_brand","embeddable":true,"href":"https:\/\/ecoshop.ee\/en\/wp-json\/wp\/v2\/product_brand?post=105567"},{"taxonomy":"product_cat","embeddable":true,"href":"https:\/\/ecoshop.ee\/en\/wp-json\/wp\/v2\/product_cat?post=105567"},{"taxonomy":"product_tag","embeddable":true,"href":"https:\/\/ecoshop.ee\/en\/wp-json\/wp\/v2\/product_tag?post=105567"}],"curies":[{"name":"wp","href":"https:\/\/api.w.org\/{rel}","templated":true}]}}