{"id":105574,"date":"2025-04-12T19:16:02","date_gmt":"2025-04-12T17:16:02","guid":{"rendered":"https:\/\/ecoshop.ee\/?post_type=product&#038;p=105574"},"modified":"2025-04-12T19:19:26","modified_gmt":"2025-04-12T17:19:26","slug":"incense-sticks-with-falling-smoke","status":"publish","type":"product","link":"https:\/\/ecoshop.ee\/en\/difuuserid-ja-poletid\/langeva-suitsuga-viirukipoleti-basseinid\/","title":{"rendered":"Incense burner with falling smoke \u2013 Pools"},"content":{"rendered":"<p class=\"\" data-start=\"165\" data-end=\"417\">An incense burner with two interconnected bowls that create a calming and enchanting smoke jet effect. When the lit backflow incense cone begins to glow, the smoke slowly swirls downward, flowing from one bowl to the other - like the peaceful flow of life itself.<\/p>\n<p class=\"\" data-start=\"419\" data-end=\"600\">This visually striking incense burner is perfect for meditation, relaxation, or simply creating an atmosphere in a room. A great interior design element and a meaningful gift.<\/p>\n<ul>\n<li data-start=\"602\" data-end=\"805\">Design with two connected bowls \u2013 symbolizes the flow of life<\/li>\n<li data-start=\"602\" data-end=\"805\">Designed specifically for incense cones with falling smoke<\/li>\n<li data-start=\"602\" data-end=\"805\">Visually captivating and calming effect<\/li>\n<li data-start=\"602\" data-end=\"805\">Suitable for home, yoga corner or as a gift<\/li>\n<\/ul>\n<p class=\"\" data-start=\"807\" data-end=\"875\">\u26a0\ufe0f To achieve the falling smoke effect, use only with special falling smoke incense cones!<\/p>","protected":false},"excerpt":{"rendered":"<p>Kahe omavahel \u00fchendatud kausiga viirukip\u00f5leti, mis loob rahustava ja lummava suitsujugaefekti. Kui s\u00fc\u00fcdatud backflow viirukikoonus hakkab h\u00f5\u00f5guma, langeb suits aeglaselt keereldes allapoole,&hellip;<\/p>","protected":false},"featured_media":105575,"comment_status":"open","ping_status":"closed","template":"","meta":{"wprm-recipe-roundup-name":"","wprm-recipe-roundup-description":""},"product_brand":[],"product_cat":[5757],"product_tag":[5760],"class_list":{"0":"post-105574","1":"product","2":"type-product","3":"status-publish","4":"has-post-thumbnail","6":"product_cat-difuuserid-ja-poletid","7":"product_tag-viirukihoidja","9":"first","10":"instock","11":"taxable","12":"shipping-taxable","13":"purchasable","14":"product-type-simple"},"supplier_id":105232,"supplier_sku":"","barcode":"5055796594559","atum_controlled":true,"out_stock_date":null,"out_stock_threshold":null,"inheritable":false,"inbound_stock":0,"stock_on_hold":0,"sold_today":0,"sales_last_days":0,"reserved_stock":0,"customer_returns":0,"warehouse_damage":0,"lost_in_post":0,"other_logs":0,"out_stock_days":0,"lost_sales":0,"has_location":false,"update_date":"2026-03-07T01:16:15","atum_locations":[],"atum_stock_status":"instock","restock_status":false,"low_stock_amount":"","sales_update_date":"2026-03-07T01:16:15","calc_backorders":null,"aioseo_notices":[],"_links":{"self":[{"href":"https:\/\/ecoshop.ee\/en\/wp-json\/wp\/v2\/product\/105574","targetHints":{"allow":["GET"]}}],"collection":[{"href":"https:\/\/ecoshop.ee\/en\/wp-json\/wp\/v2\/product"}],"about":[{"href":"https:\/\/ecoshop.ee\/en\/wp-json\/wp\/v2\/types\/product"}],"replies":[{"embeddable":true,"href":"https:\/\/ecoshop.ee\/en\/wp-json\/wp\/v2\/comments?post=105574"}],"version-history":[{"count":0,"href":"https:\/\/ecoshop.ee\/en\/wp-json\/wp\/v2\/product\/105574\/revisions"}],"wp:featuredmedia":[{"embeddable":true,"href":"https:\/\/ecoshop.ee\/en\/wp-json\/wp\/v2\/media\/105575"}],"wp:attachment":[{"href":"https:\/\/ecoshop.ee\/en\/wp-json\/wp\/v2\/media?parent=105574"}],"wp:term":[{"taxonomy":"product_brand","embeddable":true,"href":"https:\/\/ecoshop.ee\/en\/wp-json\/wp\/v2\/product_brand?post=105574"},{"taxonomy":"product_cat","embeddable":true,"href":"https:\/\/ecoshop.ee\/en\/wp-json\/wp\/v2\/product_cat?post=105574"},{"taxonomy":"product_tag","embeddable":true,"href":"https:\/\/ecoshop.ee\/en\/wp-json\/wp\/v2\/product_tag?post=105574"}],"curies":[{"name":"wp","href":"https:\/\/api.w.org\/{rel}","templated":true}]}}