{"id":105706,"date":"2025-04-27T18:54:15","date_gmt":"2025-04-27T15:54:15","guid":{"rendered":"https:\/\/ecoshop.ee\/?post_type=product&#038;p=105706"},"modified":"2025-12-25T19:07:50","modified_gmt":"2025-12-25T16:07:50","slug":"katjes-vegan-licorice-candy-175g","status":"publish","type":"product","link":"https:\/\/ecoshop.ee\/en\/kommid\/katjes-vegan-lagritsakommid-175g\/","title":{"rendered":"Katjes vegan licorice candy, 175g"},"content":{"rendered":"<p class=\"\" data-start=\"125\" data-end=\"479\">Katjes Tappsy will take you to a black and white vegan licorice dream! Delicious spicy-sweet licorice, a soft whipped sugar coating and a little red fruit gummy nose create a snack that is hard to give up. These delicious candies are 100% vegan, without palm oil, without animal gelatin and without artificial flavors - just like the whole Katjes vegan family!<\/p>\n<ul data-start=\"481\" data-end=\"574\">\n<li class=\"\" data-start=\"481\" data-end=\"495\">\n<p class=\"\" data-start=\"483\" data-end=\"495\">100% vegan<\/p>\n<\/li>\n<li class=\"\" data-start=\"496\" data-end=\"515\">\n<p class=\"\" data-start=\"498\" data-end=\"515\">Without palm oil<\/p>\n<\/li>\n<li class=\"\" data-start=\"516\" data-end=\"543\">\n<p class=\"\" data-start=\"518\" data-end=\"543\">Without animal gelatin<\/p>\n<\/li>\n<li class=\"\" data-start=\"544\" data-end=\"574\">\n<p class=\"\" data-start=\"546\" data-end=\"574\">Without artificial fragrances<\/p>\n<\/li>\n<\/ul>","protected":false},"excerpt":{"rendered":"<p>Katjes Tappsy viib sind must-valgesse veganlagritsa unelma! Maitsekas v\u00fcrtsikas-magus lagrits, pehme vahustatud suhkrukiht ja v\u00e4ike punane puuviljakummik ninan\u00f6psuke loovad suupiste, millest on&hellip;<\/p>","protected":false},"featured_media":105708,"comment_status":"open","ping_status":"closed","template":"","meta":{"wprm-recipe-roundup-name":"","wprm-recipe-roundup-description":""},"product_brand":[12006],"product_cat":[160],"product_tag":[316],"class_list":{"0":"post-105706","1":"product","2":"type-product","3":"status-publish","4":"has-post-thumbnail","6":"product_brand-katjes","7":"product_cat-kommid","8":"product_tag-kummikommid","9":"j79_wcxd_expiry_type-best-before","11":"first","12":"outofstock","13":"taxable","14":"shipping-taxable","15":"purchasable","16":"product-type-simple"},"supplier_id":9137,"supplier_sku":"","barcode":"4037400344867","atum_controlled":true,"out_stock_date":"2025-10-18 17:54:54","out_stock_threshold":null,"inheritable":false,"inbound_stock":0,"stock_on_hold":0,"sold_today":0,"sales_last_days":0,"reserved_stock":0,"customer_returns":0,"warehouse_damage":0,"lost_in_post":0,"other_logs":0,"out_stock_days":139,"lost_sales":90,"has_location":false,"update_date":"2026-03-07T01:16:07","atum_locations":[],"atum_stock_status":"outofstock","restock_status":false,"low_stock_amount":"","sales_update_date":"2026-03-07T01:16:07","calc_backorders":null,"aioseo_notices":[],"_links":{"self":[{"href":"https:\/\/ecoshop.ee\/en\/wp-json\/wp\/v2\/product\/105706","targetHints":{"allow":["GET"]}}],"collection":[{"href":"https:\/\/ecoshop.ee\/en\/wp-json\/wp\/v2\/product"}],"about":[{"href":"https:\/\/ecoshop.ee\/en\/wp-json\/wp\/v2\/types\/product"}],"replies":[{"embeddable":true,"href":"https:\/\/ecoshop.ee\/en\/wp-json\/wp\/v2\/comments?post=105706"}],"version-history":[{"count":0,"href":"https:\/\/ecoshop.ee\/en\/wp-json\/wp\/v2\/product\/105706\/revisions"}],"wp:featuredmedia":[{"embeddable":true,"href":"https:\/\/ecoshop.ee\/en\/wp-json\/wp\/v2\/media\/105708"}],"wp:attachment":[{"href":"https:\/\/ecoshop.ee\/en\/wp-json\/wp\/v2\/media?parent=105706"}],"wp:term":[{"taxonomy":"product_brand","embeddable":true,"href":"https:\/\/ecoshop.ee\/en\/wp-json\/wp\/v2\/product_brand?post=105706"},{"taxonomy":"product_cat","embeddable":true,"href":"https:\/\/ecoshop.ee\/en\/wp-json\/wp\/v2\/product_cat?post=105706"},{"taxonomy":"product_tag","embeddable":true,"href":"https:\/\/ecoshop.ee\/en\/wp-json\/wp\/v2\/product_tag?post=105706"}],"curies":[{"name":"wp","href":"https:\/\/api.w.org\/{rel}","templated":true}]}}