{"id":105795,"date":"2025-05-01T01:09:06","date_gmt":"2025-04-30T22:09:06","guid":{"rendered":"https:\/\/ecoshop.ee\/?post_type=product&#038;p=105795"},"modified":"2025-12-25T19:02:46","modified_gmt":"2025-12-25T16:02:46","slug":"vegan-dry-food-for-adult-dogs-pumpkin-and-sweet-potato-400g","status":"publish","type":"product","link":"https:\/\/ecoshop.ee\/en\/lemmikloomatoit\/vegan-margtoit-taiskasvanud-koerale-korvits-ja-bataat-400g\/","title":{"rendered":"Vegan wet food for adult dogs, pumpkin and sweet potato, 400g"},"content":{"rendered":"<p class=\"\" data-start=\"282\" data-end=\"662\">Ami is a juicy, vegetable-based wet food for adult dogs of all sizes and breeds. In this version, it brings the taste of pumpkin and sweet potato - a soft, full-flavored vegetable combo that many dogs love. This food does not contain meat, but offers rich plant-based ingredients, providing a nice change from traditional dog foods.<\/p>\n<p class=\"\" data-start=\"664\" data-end=\"891\">Ideal for dogs who like the texture of wet food and for owners who want to provide a more conscious or varied diet. Ami vegan wet foods are also suitable for dogs with sensitive digestion or food allergies.<\/p>\n<ul data-start=\"669\" data-end=\"867\">\n<li class=\"\" data-start=\"669\" data-end=\"709\">\n<p class=\"\" data-start=\"671\" data-end=\"709\">Vegan wet food for adult dogs<\/p>\n<\/li>\n<li class=\"\" data-start=\"710\" data-end=\"753\">\n<p class=\"\" data-start=\"712\" data-end=\"753\">Without meat, made from vegetables<\/p>\n<\/li>\n<li class=\"\" data-start=\"754\" data-end=\"801\">\n<p class=\"\" data-start=\"756\" data-end=\"801\">Great for a change or everyday meal<\/p>\n<\/li>\n<li class=\"\" data-start=\"802\" data-end=\"837\">\n<p class=\"\" data-start=\"804\" data-end=\"837\">Tasty, juicy and diverse<\/p>\n<\/li>\n<li class=\"\" data-start=\"838\" data-end=\"867\">\n<p class=\"\" data-start=\"840\" data-end=\"867\">Available in several flavors<\/p>\n<\/li>\n<\/ul>\n<p>&nbsp;<\/p>\n<p class=\"\" data-start=\"82\" data-end=\"337\"><strong data-start=\"82\" data-end=\"122\">Nutritional additives (per 1 kg):<\/strong><br data-start=\"122\" data-end=\"125\" \/>Vitamin A 3214 IU, vitamin D3 242 IU, zinc (zinc sulfate, monohydrate) 35.7 mg, manganese (manganese sulfate, monohydrate) 2 mg, copper (copper(II) sulfate, pentahydrate) 1.43 mg, iodine (calcium iodate, anhydrous) 1.07 mg.<\/p>\n<p class=\"\" data-start=\"339\" data-end=\"540\"><strong data-start=\"339\" data-end=\"359\">Feeding recommendation:<\/strong><br data-start=\"359\" data-end=\"362\" \/>Follow the instructions on the can.<br data-start=\"398\" data-end=\"401\" \/>(Valuesused are approximate and should be adjusted according to the dog&#039;s individual needs such as activity, breed, metabolism, season, etc.)<\/p>","protected":false},"excerpt":{"rendered":"<p>Ami on mahlane ja k\u00f6\u00f6giviljap\u00f5hine m\u00e4rgtoit t\u00e4iskasvanud koertele igas suuruses ja t\u00f5us. Antud variandis toob see maitseelamuse k\u00f5rvitsast ja bataadist \u2013 pehmest,&hellip;<\/p>","protected":false},"featured_media":105796,"comment_status":"open","ping_status":"closed","template":"","meta":{"wprm-recipe-roundup-name":"","wprm-recipe-roundup-description":""},"product_brand":[],"product_cat":[5784],"product_tag":[5785],"class_list":{"0":"post-105795","1":"product","2":"type-product","3":"status-publish","4":"has-post-thumbnail","6":"product_cat-lemmikloomatoit","7":"product_tag-koeratoit","8":"j79_wcxd_expiry_type-best-before","10":"first","11":"instock","12":"taxable","13":"shipping-taxable","14":"purchasable","15":"product-type-simple"},"supplier_id":9137,"supplier_sku":"","barcode":"8032573040703","atum_controlled":true,"out_stock_date":null,"out_stock_threshold":null,"inheritable":false,"inbound_stock":0,"stock_on_hold":0,"sold_today":0,"sales_last_days":0,"reserved_stock":0,"customer_returns":0,"warehouse_damage":0,"lost_in_post":0,"other_logs":0,"out_stock_days":0,"lost_sales":0,"has_location":false,"update_date":"2026-03-07T01:16:08","atum_locations":[],"atum_stock_status":"instock","restock_status":false,"low_stock_amount":"","sales_update_date":"2026-03-07T01:16:08","calc_backorders":null,"aioseo_notices":[],"_links":{"self":[{"href":"https:\/\/ecoshop.ee\/en\/wp-json\/wp\/v2\/product\/105795","targetHints":{"allow":["GET"]}}],"collection":[{"href":"https:\/\/ecoshop.ee\/en\/wp-json\/wp\/v2\/product"}],"about":[{"href":"https:\/\/ecoshop.ee\/en\/wp-json\/wp\/v2\/types\/product"}],"replies":[{"embeddable":true,"href":"https:\/\/ecoshop.ee\/en\/wp-json\/wp\/v2\/comments?post=105795"}],"version-history":[{"count":0,"href":"https:\/\/ecoshop.ee\/en\/wp-json\/wp\/v2\/product\/105795\/revisions"}],"wp:featuredmedia":[{"embeddable":true,"href":"https:\/\/ecoshop.ee\/en\/wp-json\/wp\/v2\/media\/105796"}],"wp:attachment":[{"href":"https:\/\/ecoshop.ee\/en\/wp-json\/wp\/v2\/media?parent=105795"}],"wp:term":[{"taxonomy":"product_brand","embeddable":true,"href":"https:\/\/ecoshop.ee\/en\/wp-json\/wp\/v2\/product_brand?post=105795"},{"taxonomy":"product_cat","embeddable":true,"href":"https:\/\/ecoshop.ee\/en\/wp-json\/wp\/v2\/product_cat?post=105795"},{"taxonomy":"product_tag","embeddable":true,"href":"https:\/\/ecoshop.ee\/en\/wp-json\/wp\/v2\/product_tag?post=105795"}],"curies":[{"name":"wp","href":"https:\/\/api.w.org\/{rel}","templated":true}]}}