{"id":105798,"date":"2025-05-01T01:19:46","date_gmt":"2025-04-30T22:19:46","guid":{"rendered":"https:\/\/ecoshop.ee\/?post_type=product&#038;p=105798"},"modified":"2025-12-25T19:02:47","modified_gmt":"2025-12-25T16:02:47","slug":"vegan-dry-food-for-adult-dogs-with-carrots-and-potatoes-400g","status":"publish","type":"product","link":"https:\/\/ecoshop.ee\/en\/lemmikloomatoit\/vegan-margtoit-taiskasvanud-koerale-porgand-ja-kartul-400g\/","title":{"rendered":"Vegan wet food for adult dogs, carrot and potato, 400g"},"content":{"rendered":"<p class=\"\" data-start=\"209\" data-end=\"472\">Ami is a plant-based wet food that offers adult dogs a nice and balanced alternative to regular food. In this variant, the taste is emphasized by carrots and potatoes - simple but nutritious vegetables that are also suitable for pets with more sensitive digestion.<\/p>\n<p class=\"\" data-start=\"474\" data-end=\"789\">The food is 100% meat-free and is suitable for an everyday meal or a vegetarian alternative. The Ami V-LOVE series is designed for dog owners who want to provide their four-legged companion with a healthier and more varied diet. The soft and juicy texture of the wet food is also perfect for older or picky dogs.<\/p>\n<ul data-start=\"791\" data-end=\"1019\">\n<li class=\"\" data-start=\"791\" data-end=\"846\">\n<p class=\"\" data-start=\"793\" data-end=\"846\">Complete vegan wet food for adult dogs<\/p>\n<\/li>\n<li class=\"\" data-start=\"847\" data-end=\"892\">\n<p class=\"\" data-start=\"849\" data-end=\"892\">Flavor combination with carrots and potatoes<\/p>\n<\/li>\n<li class=\"\" data-start=\"893\" data-end=\"948\">\n<p class=\"\" data-start=\"895\" data-end=\"948\">Suitable for daily feeding or as a snack<\/p>\n<\/li>\n<li class=\"\" data-start=\"949\" data-end=\"974\">\n<p class=\"\" data-start=\"951\" data-end=\"974\">100% plant-based, meat-free<\/p>\n<\/li>\n<li class=\"\" data-start=\"975\" data-end=\"1019\">\n<p class=\"\" data-start=\"977\" data-end=\"1019\">Available in several different vegetable flavors<\/p>\n<\/li>\n<\/ul>\n<p>&nbsp;<\/p>\n<p class=\"\" data-start=\"110\" data-end=\"365\"><strong data-start=\"110\" data-end=\"150\">Nutritional additives (per 1 kg):<\/strong><br data-start=\"150\" data-end=\"153\" \/>Vitamin A 3214 IU, vitamin D3 242 IU, zinc (zinc sulfate, monohydrate) 35.7 mg, manganese (manganese sulfate, monohydrate) 2 mg, copper (copper(II) sulfate, pentahydrate) 1.43 mg, iodine (calcium iodate, anhydrous) 1.07 mg.<\/p>\n<p class=\"\" data-start=\"367\" data-end=\"568\"><strong data-start=\"367\" data-end=\"387\">Feeding recommendation:<\/strong><br data-start=\"387\" data-end=\"390\" \/>Follow the instructions marked on the product.<br data-start=\"423\" data-end=\"426\" \/>(The values are approximate and should be adjusted according to the dog&#039;s individual needs such as activity level, breed, metabolism, season, etc.)<\/p>","protected":false},"excerpt":{"rendered":"<p>Ami on taimne m\u00e4rgtoit, mis pakub t\u00e4iskasvanud koertele m\u00f5nusat ja tasakaalustatud vaheldust tavatoidule. Selles variandis r\u00f5hutavad maitset porgand ja kartul \u2013 lihtsad,&hellip;<\/p>","protected":false},"featured_media":105799,"comment_status":"open","ping_status":"closed","template":"","meta":{"wprm-recipe-roundup-name":"","wprm-recipe-roundup-description":""},"product_brand":[],"product_cat":[5784],"product_tag":[5785],"class_list":{"0":"post-105798","1":"product","2":"type-product","3":"status-publish","4":"has-post-thumbnail","6":"product_cat-lemmikloomatoit","7":"product_tag-koeratoit","8":"j79_wcxd_expiry_type-best-before","10":"first","11":"instock","12":"taxable","13":"shipping-taxable","14":"purchasable","15":"product-type-simple"},"supplier_id":9137,"supplier_sku":"","barcode":"8032573040475","atum_controlled":true,"out_stock_date":null,"out_stock_threshold":null,"inheritable":false,"inbound_stock":0,"stock_on_hold":0,"sold_today":0,"sales_last_days":0,"reserved_stock":0,"customer_returns":0,"warehouse_damage":0,"lost_in_post":0,"other_logs":0,"out_stock_days":0,"lost_sales":0,"has_location":false,"update_date":"2026-03-07T01:16:08","atum_locations":[],"atum_stock_status":"instock","restock_status":false,"low_stock_amount":"","sales_update_date":"2026-03-07T01:16:08","calc_backorders":null,"aioseo_notices":[],"_links":{"self":[{"href":"https:\/\/ecoshop.ee\/en\/wp-json\/wp\/v2\/product\/105798","targetHints":{"allow":["GET"]}}],"collection":[{"href":"https:\/\/ecoshop.ee\/en\/wp-json\/wp\/v2\/product"}],"about":[{"href":"https:\/\/ecoshop.ee\/en\/wp-json\/wp\/v2\/types\/product"}],"replies":[{"embeddable":true,"href":"https:\/\/ecoshop.ee\/en\/wp-json\/wp\/v2\/comments?post=105798"}],"version-history":[{"count":0,"href":"https:\/\/ecoshop.ee\/en\/wp-json\/wp\/v2\/product\/105798\/revisions"}],"wp:featuredmedia":[{"embeddable":true,"href":"https:\/\/ecoshop.ee\/en\/wp-json\/wp\/v2\/media\/105799"}],"wp:attachment":[{"href":"https:\/\/ecoshop.ee\/en\/wp-json\/wp\/v2\/media?parent=105798"}],"wp:term":[{"taxonomy":"product_brand","embeddable":true,"href":"https:\/\/ecoshop.ee\/en\/wp-json\/wp\/v2\/product_brand?post=105798"},{"taxonomy":"product_cat","embeddable":true,"href":"https:\/\/ecoshop.ee\/en\/wp-json\/wp\/v2\/product_cat?post=105798"},{"taxonomy":"product_tag","embeddable":true,"href":"https:\/\/ecoshop.ee\/en\/wp-json\/wp\/v2\/product_tag?post=105798"}],"curies":[{"name":"wp","href":"https:\/\/api.w.org\/{rel}","templated":true}]}}