{"id":106015,"date":"2025-05-22T00:00:26","date_gmt":"2025-05-21T21:00:26","guid":{"rendered":"https:\/\/ecoshop.ee\/?post_type=product&#038;p=106015"},"modified":"2026-05-08T21:56:50","modified_gmt":"2026-05-08T18:56:50","slug":"bettr-hazelnut-cream-waffle-bar-organic-33g","status":"publish","type":"product","link":"https:\/\/ecoshop.ee\/en\/vahvlid-ja-kupsised\/bettr-sarapuupahklikreemiga-vahvlibatoon-mahe-33g\/","title":{"rendered":"Bett&#039;r hazelnut cream waffle bar, organic, 33g"},"content":{"rendered":"<p class=\"\" data-start=\"118\" data-end=\"345\">Discover a sophisticated treat where crispy wafer, delicious hazelnut cream and velvety cocoa coating meet. Bett&#039;r takes a classic favorite to a new level - a conscious choice that makes no compromises in taste or composition.<\/p>\n<p class=\"\" data-start=\"347\" data-end=\"562\">This luxurious snack combines a genuine pleasure experience with pure, natural ingredients. Each pack contains two thin wafers that melt in your mouth and provide an unforgettable pleasure - perfect for a moment with yourself or to share.<\/p>\n<ul>\n<li data-start=\"347\" data-end=\"562\">Mahe<\/li>\n<li data-start=\"347\" data-end=\"562\">Vegan<\/li>\n<li data-start=\"347\" data-end=\"562\">Without palm oil<\/li>\n<li data-start=\"347\" data-end=\"562\">Without refined sugar<\/li>\n<\/ul>","protected":false},"excerpt":{"rendered":"<p>Avasta peenetundeline maius, kus kohtuvad kr\u00f5be vahvel, h\u00f5rk sarapuup\u00e4hklikreem ja sametine kakaokate. Bett\u2019r toob klassikalise lemmiku uuele tasemele \u2013 teadliku valiku, mis&hellip;<\/p>","protected":false},"featured_media":106016,"comment_status":"open","ping_status":"closed","template":"","meta":{"wprm-recipe-roundup-name":"","wprm-recipe-roundup-description":""},"product_brand":[11995],"product_cat":[160,148],"product_tag":[5829,149],"class_list":{"0":"post-106015","1":"product","2":"type-product","3":"status-publish","4":"has-post-thumbnail","6":"product_brand-bettr","7":"product_cat-kommid","8":"product_cat-vahvlid-ja-kupsised","9":"product_tag-vahvlibatoon","10":"product_tag-vahvlid","11":"j79_wcxd_expiry_type-best-before","13":"first","14":"instock","15":"taxable","16":"shipping-taxable","17":"purchasable","18":"product-type-simple"},"supplier_id":9165,"supplier_sku":"","barcode":"3800233783063","atum_controlled":true,"out_stock_date":null,"out_stock_threshold":null,"inheritable":false,"inbound_stock":0,"stock_on_hold":0,"sold_today":2,"sales_last_days":10,"reserved_stock":0,"customer_returns":0,"warehouse_damage":0,"lost_in_post":0,"other_logs":0,"out_stock_days":0,"lost_sales":0,"has_location":false,"update_date":"2026-05-08T18:56:51","atum_locations":[],"atum_stock_status":"instock","restock_status":false,"low_stock_amount":"","sales_update_date":"2026-05-07T18:22:37","calc_backorders":null,"aioseo_notices":[],"_links":{"self":[{"href":"https:\/\/ecoshop.ee\/en\/wp-json\/wp\/v2\/product\/106015","targetHints":{"allow":["GET"]}}],"collection":[{"href":"https:\/\/ecoshop.ee\/en\/wp-json\/wp\/v2\/product"}],"about":[{"href":"https:\/\/ecoshop.ee\/en\/wp-json\/wp\/v2\/types\/product"}],"replies":[{"embeddable":true,"href":"https:\/\/ecoshop.ee\/en\/wp-json\/wp\/v2\/comments?post=106015"}],"version-history":[{"count":2,"href":"https:\/\/ecoshop.ee\/en\/wp-json\/wp\/v2\/product\/106015\/revisions"}],"predecessor-version":[{"id":396149,"href":"https:\/\/ecoshop.ee\/en\/wp-json\/wp\/v2\/product\/106015\/revisions\/396149"}],"wp:featuredmedia":[{"embeddable":true,"href":"https:\/\/ecoshop.ee\/en\/wp-json\/wp\/v2\/media\/106016"}],"wp:attachment":[{"href":"https:\/\/ecoshop.ee\/en\/wp-json\/wp\/v2\/media?parent=106015"}],"wp:term":[{"taxonomy":"product_brand","embeddable":true,"href":"https:\/\/ecoshop.ee\/en\/wp-json\/wp\/v2\/product_brand?post=106015"},{"taxonomy":"product_cat","embeddable":true,"href":"https:\/\/ecoshop.ee\/en\/wp-json\/wp\/v2\/product_cat?post=106015"},{"taxonomy":"product_tag","embeddable":true,"href":"https:\/\/ecoshop.ee\/en\/wp-json\/wp\/v2\/product_tag?post=106015"}],"curies":[{"name":"wp","href":"https:\/\/api.w.org\/{rel}","templated":true}]}}