{"id":106037,"date":"2025-05-22T23:31:43","date_gmt":"2025-05-22T20:31:43","guid":{"rendered":"https:\/\/ecoshop.ee\/?post_type=product&#038;p=106037"},"modified":"2026-05-08T22:19:24","modified_gmt":"2026-05-08T19:19:24","slug":"bettr-fruit-balls-with-pistachio-filling-organic-45g","status":"publish","type":"product","link":"https:\/\/ecoshop.ee\/en\/kommid\/bettr-puuviljapallid-pistaatsiataidisega-mahe-45g\/","title":{"rendered":"Bett&#039;r fruit balls with pistachio filling, organic, 45g"},"content":{"rendered":"<p data-start=\"62\" data-end=\"232\">Enjoy and share a new kind of energy! Bett&#039;r organic, vegan and gluten-free fruit balls are filled with a soft pistachio filling, offering a pleasant taste experience in every bite.<\/p>\n<ul>\n<li>Mahe<\/li>\n<li>Vegan<\/li>\n<li>Gluten-free<\/li>\n<\/ul>\n<p data-start=\"274\" data-end=\"394\" data-is-last-node=\"\" data-is-only-node=\"\">The perfect snack on the go or as a healthy treat \u2013 three balls in a compact package that are great for sharing!<\/p>","protected":false},"excerpt":{"rendered":"<p>Naudi ja jaga uutmoodi energiat! Bett\u2019r mahedad, vegan ja gluteenivabad puuviljapallid on t\u00e4idetud pehme pistaatsiat\u00e4idisega, pakkudes m\u00f5nusat maitsekogemust igas ampsus. Mahe Vegan&hellip;<\/p>","protected":false},"featured_media":106038,"comment_status":"open","ping_status":"closed","template":"","meta":{"wprm-recipe-roundup-name":"","wprm-recipe-roundup-description":""},"product_brand":[11995],"product_cat":[160,302],"product_tag":[],"class_list":{"0":"post-106037","1":"product","2":"type-product","3":"status-publish","4":"has-post-thumbnail","6":"product_brand-bettr","7":"product_cat-kommid","8":"product_cat-gluteenivaba","9":"j79_wcxd_expiry_type-expiry-date","11":"first","12":"instock","13":"taxable","14":"shipping-taxable","15":"purchasable","16":"product-type-simple"},"supplier_id":9165,"supplier_sku":"","barcode":"3800233782363","atum_controlled":true,"out_stock_date":null,"out_stock_threshold":null,"inheritable":false,"inbound_stock":0,"stock_on_hold":0,"sold_today":0,"sales_last_days":0,"reserved_stock":0,"customer_returns":0,"warehouse_damage":0,"lost_in_post":0,"other_logs":0,"out_stock_days":16,"lost_sales":5,"has_location":false,"update_date":"2026-05-08T19:19:25","atum_locations":[],"atum_stock_status":"instock","restock_status":false,"low_stock_amount":"","sales_update_date":"2026-04-06T20:01:11","calc_backorders":null,"aioseo_notices":[],"_links":{"self":[{"href":"https:\/\/ecoshop.ee\/en\/wp-json\/wp\/v2\/product\/106037","targetHints":{"allow":["GET"]}}],"collection":[{"href":"https:\/\/ecoshop.ee\/en\/wp-json\/wp\/v2\/product"}],"about":[{"href":"https:\/\/ecoshop.ee\/en\/wp-json\/wp\/v2\/types\/product"}],"replies":[{"embeddable":true,"href":"https:\/\/ecoshop.ee\/en\/wp-json\/wp\/v2\/comments?post=106037"}],"version-history":[{"count":2,"href":"https:\/\/ecoshop.ee\/en\/wp-json\/wp\/v2\/product\/106037\/revisions"}],"predecessor-version":[{"id":396158,"href":"https:\/\/ecoshop.ee\/en\/wp-json\/wp\/v2\/product\/106037\/revisions\/396158"}],"wp:featuredmedia":[{"embeddable":true,"href":"https:\/\/ecoshop.ee\/en\/wp-json\/wp\/v2\/media\/106038"}],"wp:attachment":[{"href":"https:\/\/ecoshop.ee\/en\/wp-json\/wp\/v2\/media?parent=106037"}],"wp:term":[{"taxonomy":"product_brand","embeddable":true,"href":"https:\/\/ecoshop.ee\/en\/wp-json\/wp\/v2\/product_brand?post=106037"},{"taxonomy":"product_cat","embeddable":true,"href":"https:\/\/ecoshop.ee\/en\/wp-json\/wp\/v2\/product_cat?post=106037"},{"taxonomy":"product_tag","embeddable":true,"href":"https:\/\/ecoshop.ee\/en\/wp-json\/wp\/v2\/product_tag?post=106037"}],"curies":[{"name":"wp","href":"https:\/\/api.w.org\/{rel}","templated":true}]}}