{"id":106040,"date":"2025-05-22T23:46:02","date_gmt":"2025-05-22T20:46:02","guid":{"rendered":"https:\/\/ecoshop.ee\/?post_type=product&#038;p=106040"},"modified":"2026-05-08T22:19:52","modified_gmt":"2026-05-08T19:19:52","slug":"bettr-protein-balls-with-cocoa-filling-organic-45g","status":"publish","type":"product","link":"https:\/\/ecoshop.ee\/en\/proteiinibatoonid\/bettr-proteiinipallid-kakaotaidisega-mahe-45g\/","title":{"rendered":"Bett&#039;r protein balls with cocoa filling, organic, 45g"},"content":{"rendered":"<p data-start=\"58\" data-end=\"204\">Charge yourself with natural energy! Bett&#039;r&#039;s new organic protein balls with cocoa filling are a delicious and conscious way to start your day.<\/p>\n<p data-start=\"206\" data-end=\"510\">These little energy bombs contain:<br data-start=\"245\" data-end=\"248\" \/><strong data-start=\"250\" data-end=\"261\">Dates<\/strong> \u2013 a natural source of energy and fiber<br data-start=\"301\" data-end=\"304\" \/><b>Peanuts<\/b>\u00a0\u2013 full of beneficial fats and plant-based protein<br data-start=\"361\" data-end=\"364\" \/><strong data-start=\"366\" data-end=\"394\">Rice and pea protein<\/strong> \u2013 high-quality support for muscles and recovery<br data-start=\"439\" data-end=\"442\" \/><strong data-start=\"444\" data-end=\"460\">Cocoa powder<\/strong> \u2013 rich flavor and natural antioxidants<\/p>\n<ul>\n<li data-start=\"512\" data-end=\"607\">Mahe<\/li>\n<li data-start=\"512\" data-end=\"607\">Vegan<\/li>\n<li data-start=\"512\" data-end=\"607\">Gluten-free<\/li>\n<li data-start=\"512\" data-end=\"607\">Without refined sugar and artificial additives<\/li>\n<\/ul>\n<p data-start=\"609\" data-end=\"736\" data-is-last-node=\"\" data-is-only-node=\"\">Perfect for a pre- or post-workout snack, a quick office snack, or a way to start your day. Enjoy one ball for yourself and share the other!<\/p>","protected":false},"excerpt":{"rendered":"<p>Lae end loodusliku energiaga! Bett\u2019r uued mahep\u00f5llumajandusest p\u00e4rit proteiinipallid kakaot\u00e4idisega on maitsev ja teadlik viis p\u00e4eva k\u00e4ima l\u00fckata. Need v\u00e4ikesed energiapommid sisaldavad:Datleid&hellip;<\/p>","protected":false},"featured_media":106041,"comment_status":"open","ping_status":"closed","template":"","meta":{"wprm-recipe-roundup-name":"","wprm-recipe-roundup-description":""},"product_brand":[11995],"product_cat":[144,160,302],"product_tag":[],"class_list":{"0":"post-106040","1":"product","2":"type-product","3":"status-publish","4":"has-post-thumbnail","6":"product_brand-bettr","7":"product_cat-proteiinibatoonid","8":"product_cat-kommid","9":"product_cat-gluteenivaba","10":"j79_wcxd_expiry_type-expiry-date","12":"first","13":"instock","14":"taxable","15":"shipping-taxable","16":"purchasable","17":"product-type-simple"},"supplier_id":9165,"supplier_sku":"","barcode":"3800233782776","atum_controlled":true,"out_stock_date":null,"out_stock_threshold":null,"inheritable":false,"inbound_stock":0,"stock_on_hold":0,"sold_today":0,"sales_last_days":0,"reserved_stock":0,"customer_returns":0,"warehouse_damage":0,"lost_in_post":0,"other_logs":0,"out_stock_days":18,"lost_sales":12,"has_location":false,"update_date":"2026-05-08T19:19:53","atum_locations":[],"atum_stock_status":"instock","restock_status":false,"low_stock_amount":"","sales_update_date":"2026-04-06T20:01:11","calc_backorders":null,"aioseo_notices":[],"_links":{"self":[{"href":"https:\/\/ecoshop.ee\/en\/wp-json\/wp\/v2\/product\/106040","targetHints":{"allow":["GET"]}}],"collection":[{"href":"https:\/\/ecoshop.ee\/en\/wp-json\/wp\/v2\/product"}],"about":[{"href":"https:\/\/ecoshop.ee\/en\/wp-json\/wp\/v2\/types\/product"}],"replies":[{"embeddable":true,"href":"https:\/\/ecoshop.ee\/en\/wp-json\/wp\/v2\/comments?post=106040"}],"version-history":[{"count":2,"href":"https:\/\/ecoshop.ee\/en\/wp-json\/wp\/v2\/product\/106040\/revisions"}],"predecessor-version":[{"id":396159,"href":"https:\/\/ecoshop.ee\/en\/wp-json\/wp\/v2\/product\/106040\/revisions\/396159"}],"wp:featuredmedia":[{"embeddable":true,"href":"https:\/\/ecoshop.ee\/en\/wp-json\/wp\/v2\/media\/106041"}],"wp:attachment":[{"href":"https:\/\/ecoshop.ee\/en\/wp-json\/wp\/v2\/media?parent=106040"}],"wp:term":[{"taxonomy":"product_brand","embeddable":true,"href":"https:\/\/ecoshop.ee\/en\/wp-json\/wp\/v2\/product_brand?post=106040"},{"taxonomy":"product_cat","embeddable":true,"href":"https:\/\/ecoshop.ee\/en\/wp-json\/wp\/v2\/product_cat?post=106040"},{"taxonomy":"product_tag","embeddable":true,"href":"https:\/\/ecoshop.ee\/en\/wp-json\/wp\/v2\/product_tag?post=106040"}],"curies":[{"name":"wp","href":"https:\/\/api.w.org\/{rel}","templated":true}]}}